{"id":1283,"date":"2021-12-27T16:38:53","date_gmt":"2021-12-27T16:38:53","guid":{"rendered":"http:\/\/pubweb.carnet.hr\/kdvz\/?page_id=1283"},"modified":"2022-10-01T07:28:33","modified_gmt":"2022-10-01T07:28:33","slug":"kontekst-7-2021","status":"publish","type":"page","link":"https:\/\/pubweb.carnet.hr\/kdvz\/kontekst-7-2021\/","title":{"rendered":"KONTEKST 7\/2021"},"content":{"rendered":"<p>Na poveznici mo\u017eete pro\u010ditati sedmi broj Konteksta, e-\u010dasopisa Knji\u017eni\u010darskog dru\u0161tva Vara\u017edinske \u017eupanije.<\/p>\n<p><a class=\"customize-unpreviewable\" href=\"https:\/\/library.foi.hr\/pdf\/web\/viewercf.php?B=1&amp;sifra=S01202&amp;god=2021&amp;broj=00007\"><span style=\"color: #ff0000\">KONTEKST 7\/2021<\/span><\/a><\/p>\n","protected":false},"excerpt":{"rendered":"<p>Na poveznici mo\u017eete pro\u010ditati sedmi broj Konteksta, e-\u010dasopisa Knji\u017eni\u010darskog dru\u0161tva Vara\u017edinske \u017eupanije. KONTEKST 7\/2021<\/p>\n","protected":false},"author":226,"featured_media":0,"parent":0,"menu_order":0,"comment_status":"closed","ping_status":"closed","template":"","meta":{"footnotes":""},"class_list":["post-1283","page","type-page","status-publish","hentry"],"_links":{"self":[{"href":"https:\/\/pubweb.carnet.hr\/kdvz\/wp-json\/wp\/v2\/pages\/1283","targetHints":{"allow":["GET"]}}],"collection":[{"href":"https:\/\/pubweb.carnet.hr\/kdvz\/wp-json\/wp\/v2\/pages"}],"about":[{"href":"https:\/\/pubweb.carnet.hr\/kdvz\/wp-json\/wp\/v2\/types\/page"}],"author":[{"embeddable":true,"href":"https:\/\/pubweb.carnet.hr\/kdvz\/wp-json\/wp\/v2\/users\/226"}],"replies":[{"embeddable":true,"href":"https:\/\/pubweb.carnet.hr\/kdvz\/wp-json\/wp\/v2\/comments?post=1283"}],"version-history":[{"count":2,"href":"https:\/\/pubweb.carnet.hr\/kdvz\/wp-json\/wp\/v2\/pages\/1283\/revisions"}],"predecessor-version":[{"id":1456,"href":"https:\/\/pubweb.carnet.hr\/kdvz\/wp-json\/wp\/v2\/pages\/1283\/revisions\/1456"}],"wp:attachment":[{"href":"https:\/\/pubweb.carnet.hr\/kdvz\/wp-json\/wp\/v2\/media?parent=1283"}],"curies":[{"name":"wp","href":"https:\/\/api.w.org\/{rel}","templated":true}]}}