{"id":1229,"date":"2020-12-23T10:51:21","date_gmt":"2020-12-23T10:51:21","guid":{"rendered":"http:\/\/pubweb.carnet.hr\/kdvz\/?page_id=1229"},"modified":"2024-01-24T08:24:29","modified_gmt":"2024-01-24T08:24:29","slug":"kontekst-6-2020","status":"publish","type":"page","link":"https:\/\/pubweb.carnet.hr\/kdvz\/kontekst-6-2020\/","title":{"rendered":"Kontekst 6\/2020"},"content":{"rendered":"<p>Na poveznici mo\u017eete pro\u010ditati \u0161esti broj Konteksta, e-\u010dasopisa Knji\u017eni\u010darskog dru\u0161tva Vara\u017edinske \u017eupanije.<\/p>\n<p><a class=\"customize-unpreviewable\" href=\"https:\/\/library.foi.hr\/pdf\/web\/viewercf.php?B=1&amp;sifra=S01202&amp;god=2020&amp;broj=00006\"><span style=\"color: #ff0000\">KONTEKST 6\/2020<\/span><\/a><\/p>\n","protected":false},"excerpt":{"rendered":"<p>Na poveznici mo\u017eete pro\u010ditati \u0161esti broj Konteksta, e-\u010dasopisa Knji\u017eni\u010darskog dru\u0161tva Vara\u017edinske \u017eupanije. KONTEKST 6\/2020<\/p>\n","protected":false},"author":226,"featured_media":0,"parent":0,"menu_order":0,"comment_status":"closed","ping_status":"closed","template":"","meta":{"footnotes":""},"class_list":["post-1229","page","type-page","status-publish","hentry"],"_links":{"self":[{"href":"https:\/\/pubweb.carnet.hr\/kdvz\/wp-json\/wp\/v2\/pages\/1229","targetHints":{"allow":["GET"]}}],"collection":[{"href":"https:\/\/pubweb.carnet.hr\/kdvz\/wp-json\/wp\/v2\/pages"}],"about":[{"href":"https:\/\/pubweb.carnet.hr\/kdvz\/wp-json\/wp\/v2\/types\/page"}],"author":[{"embeddable":true,"href":"https:\/\/pubweb.carnet.hr\/kdvz\/wp-json\/wp\/v2\/users\/226"}],"replies":[{"embeddable":true,"href":"https:\/\/pubweb.carnet.hr\/kdvz\/wp-json\/wp\/v2\/comments?post=1229"}],"version-history":[{"count":2,"href":"https:\/\/pubweb.carnet.hr\/kdvz\/wp-json\/wp\/v2\/pages\/1229\/revisions"}],"predecessor-version":[{"id":1592,"href":"https:\/\/pubweb.carnet.hr\/kdvz\/wp-json\/wp\/v2\/pages\/1229\/revisions\/1592"}],"wp:attachment":[{"href":"https:\/\/pubweb.carnet.hr\/kdvz\/wp-json\/wp\/v2\/media?parent=1229"}],"curies":[{"name":"wp","href":"https:\/\/api.w.org\/{rel}","templated":true}]}}