{"id":11,"date":"2014-10-10T15:43:02","date_gmt":"2014-10-10T15:43:02","guid":{"rendered":"http:\/\/pubweb.carnet.hr\/kdvz\/?page_id=11"},"modified":"2025-01-12T14:47:54","modified_gmt":"2025-01-12T14:47:54","slug":"o-nama","status":"publish","type":"page","link":"https:\/\/pubweb.carnet.hr\/kdvz\/o-nama\/","title":{"rendered":"Kontakt info"},"content":{"rendered":"<p><strong>Knji\u017eni\u010darsko dru\u0161tvo Vara\u017edinske \u017eupanije<\/strong><\/p>\n<p>Franjeva\u010dki trg 4<br \/>\nHR-42000 Vara\u017edin<br \/>\nTel. 042\/212-767 (Gradska knji\u017enica i \u010ditaonica &#8220;Metel O\u017eegovi\u0107&#8221; Vara\u017edin)<br \/>\nE-mail:<a href=\"mailto:knjiznicari.kdvz@gmail.com\"> knjiznicari.kdvz@gmail.com<\/a><br \/>\nOIB: 39670080943<br \/>\nIBAN: HR5624840081107144052<\/p>\n<p>Bak\u0161aj Hunjadi Tina (predsjednica Dru\u0161tva)<br \/>\nGradska knji\u017enica &#8220;Metel O\u017eegovi\u0107&#8221;<br \/>\nFranjeva\u010dki trg 4<br \/>\n42000 Vara\u017edin<br \/>\n042\/212-767<br \/>\ne-adresa: tbaksaj@gmail.com<\/p>\n<p>Zaprimanje obavijesti za objavu na mre\u017enim stranicama KDV\u017d: tbaksaj@gmail.com ili zhrzenja@gmail.com<\/p>\n","protected":false},"excerpt":{"rendered":"<p>Knji\u017eni\u010darsko dru\u0161tvo Vara\u017edinske \u017eupanije Franjeva\u010dki trg 4 HR-42000 Vara\u017edin Tel. 042\/212-767 (Gradska knji\u017enica i \u010ditaonica &#8220;Metel O\u017eegovi\u0107&#8221; Vara\u017edin) E-mail: knjiznicari.kdvz@gmail.com OIB: 39670080943 IBAN: HR5624840081107144052 Bak\u0161aj Hunjadi Tina (predsjednica Dru\u0161tva) Gradska knji\u017enica &#8220;Metel O\u017eegovi\u0107&#8221; Franjeva\u010dki trg 4 42000 Vara\u017edin 042\/212-767 e-adresa: tbaksaj@gmail.com Zaprimanje obavijesti za objavu na mre\u017enim stranicama KDV\u017d: tbaksaj@gmail.com ili zhrzenja@gmail.com<\/p>\n","protected":false},"author":226,"featured_media":0,"parent":0,"menu_order":0,"comment_status":"closed","ping_status":"closed","template":"","meta":{"footnotes":""},"class_list":["post-11","page","type-page","status-publish","hentry"],"_links":{"self":[{"href":"https:\/\/pubweb.carnet.hr\/kdvz\/wp-json\/wp\/v2\/pages\/11","targetHints":{"allow":["GET"]}}],"collection":[{"href":"https:\/\/pubweb.carnet.hr\/kdvz\/wp-json\/wp\/v2\/pages"}],"about":[{"href":"https:\/\/pubweb.carnet.hr\/kdvz\/wp-json\/wp\/v2\/types\/page"}],"author":[{"embeddable":true,"href":"https:\/\/pubweb.carnet.hr\/kdvz\/wp-json\/wp\/v2\/users\/226"}],"replies":[{"embeddable":true,"href":"https:\/\/pubweb.carnet.hr\/kdvz\/wp-json\/wp\/v2\/comments?post=11"}],"version-history":[{"count":3,"href":"https:\/\/pubweb.carnet.hr\/kdvz\/wp-json\/wp\/v2\/pages\/11\/revisions"}],"predecessor-version":[{"id":1667,"href":"https:\/\/pubweb.carnet.hr\/kdvz\/wp-json\/wp\/v2\/pages\/11\/revisions\/1667"}],"wp:attachment":[{"href":"https:\/\/pubweb.carnet.hr\/kdvz\/wp-json\/wp\/v2\/media?parent=11"}],"curies":[{"name":"wp","href":"https:\/\/api.w.org\/{rel}","templated":true}]}}