{"id":1073,"date":"2019-10-28T17:05:21","date_gmt":"2019-10-28T17:05:21","guid":{"rendered":"http:\/\/pubweb.carnet.hr\/kdvz\/?page_id=1073"},"modified":"2024-01-24T08:23:17","modified_gmt":"2024-01-24T08:23:17","slug":"kontekst-5-2019","status":"publish","type":"page","link":"https:\/\/pubweb.carnet.hr\/kdvz\/kontekst-5-2019\/","title":{"rendered":"Kontekst 5\/2019"},"content":{"rendered":"<p>Na poveznici mo\u017eete pro\u010ditati peti broj Konteksta, e-\u010dasopisa Knji\u017eni\u010darskog dru\u0161tva Vara\u017edinske \u017eupanije.<\/p>\n<p><span style=\"color: #ff0000\"><a style=\"color: #ff0000\" href=\"https:\/\/library.foi.hr\/pdf\/web\/viewercf.php?B=1&amp;sifra=S01202&amp;god=2019&amp;broj=00005\">KONTEKST 5\/2019<\/a><\/span><\/p>\n","protected":false},"excerpt":{"rendered":"<p>Na poveznici mo\u017eete pro\u010ditati peti broj Konteksta, e-\u010dasopisa Knji\u017eni\u010darskog dru\u0161tva Vara\u017edinske \u017eupanije. KONTEKST 5\/2019<\/p>\n","protected":false},"author":226,"featured_media":0,"parent":0,"menu_order":0,"comment_status":"closed","ping_status":"closed","template":"","meta":{"footnotes":""},"class_list":["post-1073","page","type-page","status-publish","hentry"],"_links":{"self":[{"href":"https:\/\/pubweb.carnet.hr\/kdvz\/wp-json\/wp\/v2\/pages\/1073","targetHints":{"allow":["GET"]}}],"collection":[{"href":"https:\/\/pubweb.carnet.hr\/kdvz\/wp-json\/wp\/v2\/pages"}],"about":[{"href":"https:\/\/pubweb.carnet.hr\/kdvz\/wp-json\/wp\/v2\/types\/page"}],"author":[{"embeddable":true,"href":"https:\/\/pubweb.carnet.hr\/kdvz\/wp-json\/wp\/v2\/users\/226"}],"replies":[{"embeddable":true,"href":"https:\/\/pubweb.carnet.hr\/kdvz\/wp-json\/wp\/v2\/comments?post=1073"}],"version-history":[{"count":2,"href":"https:\/\/pubweb.carnet.hr\/kdvz\/wp-json\/wp\/v2\/pages\/1073\/revisions"}],"predecessor-version":[{"id":1591,"href":"https:\/\/pubweb.carnet.hr\/kdvz\/wp-json\/wp\/v2\/pages\/1073\/revisions\/1591"}],"wp:attachment":[{"href":"https:\/\/pubweb.carnet.hr\/kdvz\/wp-json\/wp\/v2\/media?parent=1073"}],"curies":[{"name":"wp","href":"https:\/\/api.w.org\/{rel}","templated":true}]}}