{"id":51,"date":"2017-01-24T14:37:24","date_gmt":"2017-01-24T13:37:24","guid":{"rendered":"https:\/\/pubweb.carnet.hr\/hsd\/?page_id=51"},"modified":"2021-06-11T11:31:52","modified_gmt":"2021-06-11T09:31:52","slug":"statut-i-pravilnici","status":"publish","type":"page","link":"https:\/\/pubweb.carnet.hr\/hsd\/hr\/o-hsd-u\/statut-i-pravilnici\/","title":{"rendered":"Statut i pravilnici"},"content":{"rendered":"<ul>\n<li><a href=\"http:\/\/pubweb.carnet.hr\/hsd\/wp-content\/uploads\/sites\/598\/2017\/01\/StatutHSD-a.pdf\" target=\"_blank\" rel=\"noopener\">Statut HSD-a<\/a><\/li>\n<li><a href=\"http:\/\/pubweb.carnet.hr\/hsd\/wp-content\/uploads\/sites\/598\/2017\/01\/PravilnikododjeliPriznanjaRudiSupekHSD-a.pdf\" target=\"_blank\" rel=\"noopener\">Pravilnik o dodjeli Priznanja Rudi Supek HSD-a<\/a><\/li>\n<li><a href=\"http:\/\/pubweb.carnet.hr\/hsd\/wp-content\/uploads\/sites\/598\/2017\/01\/Pravilnik_Naknada_putnih_troskova_HSD.pdf\" target=\"_blank\" rel=\"noopener\">Pravilnik o natje\u010daju za naknadu putnih tro\u0161kova HSD-a<\/a><\/li>\n<li><a href=\"http:\/\/pubweb.carnet.hr\/hsd\/wp-content\/uploads\/sites\/598\/2021\/06\/Eti\u010dki-kodeks-HSD-a.pdf\">Eti\u010dki kodeks<\/a><\/li>\n<\/ul>\n","protected":false},"excerpt":{"rendered":"<p>Statut HSD-a Pravilnik o dodjeli Priznanja Rudi Supek HSD-a Pravilnik o natje\u010daju za naknadu putnih tro\u0161kova HSD-a Eti\u010dki kodeks<\/p>\n","protected":false},"author":736,"featured_media":0,"parent":42,"menu_order":0,"comment_status":"closed","ping_status":"closed","template":"","meta":{"footnotes":""},"class_list":["post-51","page","type-page","status-publish","hentry"],"_links":{"self":[{"href":"https:\/\/pubweb.carnet.hr\/hsd\/wp-json\/wp\/v2\/pages\/51","targetHints":{"allow":["GET"]}}],"collection":[{"href":"https:\/\/pubweb.carnet.hr\/hsd\/wp-json\/wp\/v2\/pages"}],"about":[{"href":"https:\/\/pubweb.carnet.hr\/hsd\/wp-json\/wp\/v2\/types\/page"}],"author":[{"embeddable":true,"href":"https:\/\/pubweb.carnet.hr\/hsd\/wp-json\/wp\/v2\/users\/736"}],"replies":[{"embeddable":true,"href":"https:\/\/pubweb.carnet.hr\/hsd\/wp-json\/wp\/v2\/comments?post=51"}],"version-history":[{"count":2,"href":"https:\/\/pubweb.carnet.hr\/hsd\/wp-json\/wp\/v2\/pages\/51\/revisions"}],"predecessor-version":[{"id":2590,"href":"https:\/\/pubweb.carnet.hr\/hsd\/wp-json\/wp\/v2\/pages\/51\/revisions\/2590"}],"up":[{"embeddable":true,"href":"https:\/\/pubweb.carnet.hr\/hsd\/wp-json\/wp\/v2\/pages\/42"}],"wp:attachment":[{"href":"https:\/\/pubweb.carnet.hr\/hsd\/wp-json\/wp\/v2\/media?parent=51"}],"curies":[{"name":"wp","href":"https:\/\/api.w.org\/{rel}","templated":true}]}}