{"id":436,"date":"2017-02-15T14:29:20","date_gmt":"2017-02-15T13:29:20","guid":{"rendered":"https:\/\/pubweb.carnet.hr\/hsd\/?page_id=436"},"modified":"2017-02-15T14:34:54","modified_gmt":"2017-02-15T13:34:54","slug":"knjizica-sazetaka-kongresa","status":"publish","type":"page","link":"https:\/\/pubweb.carnet.hr\/hsd\/hr\/dogadanja\/kongres-2015-godine\/knjizica-sazetaka-kongresa\/","title":{"rendered":"Knjiga sa\u017eetaka"},"content":{"rendered":"<p><strong>V. NACIONALNI KONGRES HRVATSKOG SOCIOLO\u0160KOG DRU\u0160TVA<\/strong><\/p>\n<p><strong>NORMALNOST KRIZE &#8211; KRIZA NORMALNOSTI<\/strong><\/p>\n<p>Knjiga sa\u017eetaka kongresa je dostupna na sljede\u0107oj <a href=\"http:\/\/pubweb.carnet.hr\/hsd\/wp-content\/uploads\/sites\/598\/2017\/02\/V_HSD_kongres_knjiga_sazetaka.pdf\" target=\"_blank\">poveznici<\/a>.<\/p>\n","protected":false},"excerpt":{"rendered":"<p>V. NACIONALNI KONGRES HRVATSKOG SOCIOLO\u0160KOG DRU\u0160TVA NORMALNOST KRIZE &#8211; KRIZA NORMALNOSTI Knjiga sa\u017eetaka kongresa je dostupna na sljede\u0107oj poveznici.<\/p>\n","protected":false},"author":736,"featured_media":0,"parent":428,"menu_order":0,"comment_status":"closed","ping_status":"closed","template":"","meta":{"footnotes":""},"class_list":["post-436","page","type-page","status-publish","hentry"],"_links":{"self":[{"href":"https:\/\/pubweb.carnet.hr\/hsd\/wp-json\/wp\/v2\/pages\/436","targetHints":{"allow":["GET"]}}],"collection":[{"href":"https:\/\/pubweb.carnet.hr\/hsd\/wp-json\/wp\/v2\/pages"}],"about":[{"href":"https:\/\/pubweb.carnet.hr\/hsd\/wp-json\/wp\/v2\/types\/page"}],"author":[{"embeddable":true,"href":"https:\/\/pubweb.carnet.hr\/hsd\/wp-json\/wp\/v2\/users\/736"}],"replies":[{"embeddable":true,"href":"https:\/\/pubweb.carnet.hr\/hsd\/wp-json\/wp\/v2\/comments?post=436"}],"version-history":[{"count":2,"href":"https:\/\/pubweb.carnet.hr\/hsd\/wp-json\/wp\/v2\/pages\/436\/revisions"}],"predecessor-version":[{"id":442,"href":"https:\/\/pubweb.carnet.hr\/hsd\/wp-json\/wp\/v2\/pages\/436\/revisions\/442"}],"up":[{"embeddable":true,"href":"https:\/\/pubweb.carnet.hr\/hsd\/wp-json\/wp\/v2\/pages\/428"}],"wp:attachment":[{"href":"https:\/\/pubweb.carnet.hr\/hsd\/wp-json\/wp\/v2\/media?parent=436"}],"curies":[{"name":"wp","href":"https:\/\/api.w.org\/{rel}","templated":true}]}}