{"id":431,"date":"2017-02-15T14:24:54","date_gmt":"2017-02-15T13:24:54","guid":{"rendered":"https:\/\/pubweb.carnet.hr\/hsd\/?page_id=431"},"modified":"2017-02-15T14:27:14","modified_gmt":"2017-02-15T13:27:14","slug":"program","status":"publish","type":"page","link":"https:\/\/pubweb.carnet.hr\/hsd\/hr\/dogadanja\/kongres-2015-godine\/program\/","title":{"rendered":"Program kongresa"},"content":{"rendered":"<p><strong>V. NACIONALNI KONGRES HRVATSKOG SOCIOLO\u0160KOG DRU\u0160TVA<\/strong><\/p>\n<p><strong>NORMALNOST KRIZE &#8211; KRIZA NORMALNOSTI<\/strong><\/p>\n<p>Program kongresa je dostupan na sljede\u0107oj <a href=\"http:\/\/pubweb.carnet.hr\/hsd\/wp-content\/uploads\/sites\/598\/2017\/02\/V_HSD_kongres_program.pdf\" target=\"_blank\">poveznici<\/a>.<\/p>\n","protected":false},"excerpt":{"rendered":"<p>V. NACIONALNI KONGRES HRVATSKOG SOCIOLO\u0160KOG DRU\u0160TVA NORMALNOST KRIZE &#8211; KRIZA NORMALNOSTI Program kongresa je dostupan na sljede\u0107oj poveznici.<\/p>\n","protected":false},"author":736,"featured_media":0,"parent":428,"menu_order":0,"comment_status":"closed","ping_status":"closed","template":"","meta":{"footnotes":""},"class_list":["post-431","page","type-page","status-publish","hentry"],"_links":{"self":[{"href":"https:\/\/pubweb.carnet.hr\/hsd\/wp-json\/wp\/v2\/pages\/431","targetHints":{"allow":["GET"]}}],"collection":[{"href":"https:\/\/pubweb.carnet.hr\/hsd\/wp-json\/wp\/v2\/pages"}],"about":[{"href":"https:\/\/pubweb.carnet.hr\/hsd\/wp-json\/wp\/v2\/types\/page"}],"author":[{"embeddable":true,"href":"https:\/\/pubweb.carnet.hr\/hsd\/wp-json\/wp\/v2\/users\/736"}],"replies":[{"embeddable":true,"href":"https:\/\/pubweb.carnet.hr\/hsd\/wp-json\/wp\/v2\/comments?post=431"}],"version-history":[{"count":2,"href":"https:\/\/pubweb.carnet.hr\/hsd\/wp-json\/wp\/v2\/pages\/431\/revisions"}],"predecessor-version":[{"id":435,"href":"https:\/\/pubweb.carnet.hr\/hsd\/wp-json\/wp\/v2\/pages\/431\/revisions\/435"}],"up":[{"embeddable":true,"href":"https:\/\/pubweb.carnet.hr\/hsd\/wp-json\/wp\/v2\/pages\/428"}],"wp:attachment":[{"href":"https:\/\/pubweb.carnet.hr\/hsd\/wp-json\/wp\/v2\/media?parent=431"}],"curies":[{"name":"wp","href":"https:\/\/api.w.org\/{rel}","templated":true}]}}