{"id":42,"date":"2017-01-24T14:26:02","date_gmt":"2017-01-24T13:26:02","guid":{"rendered":"https:\/\/pubweb.carnet.hr\/hsd\/?page_id=42"},"modified":"2022-03-14T10:20:34","modified_gmt":"2022-03-14T09:20:34","slug":"o-hsd-u","status":"publish","type":"page","link":"https:\/\/pubweb.carnet.hr\/hsd\/hr\/o-hsd-u\/","title":{"rendered":"O HSD-u"},"content":{"rendered":"<p>Hrvatsko sociolo\u0161ko dru\u0161tvo (HSD) dobrovoljna je strukovna udruga koja okuplja znanstvenike\/ce i stru\u010dnjake\/inje na podru\u010dju sociologije te druge znanstvene, kulturne i stru\u010dne djelatnike\/ce zainteresirane za razvitak sociologije.<\/p>\n<p>Dru\u0161tvo djeluje sa svrhom unapre\u0111enja i za\u0161tite interesa sociologije kao struke i sociologa\/inja kao stru\u010dnih djelatnika\/ica, skrbi o razvoju sociolo\u0161ke struke u Hrvatskoj utemeljenom na znanstveno-humanisti\u010dkim tradicijama i dostignu\u0107ima koje prihva\u0107aju europska i svjetska sociolo\u0161ka zajednica te se brine za unapre\u0111enje sociolo\u0161koga obrazovanja na srednjoj i visoko\u0161kolskoj razini.<\/p>\n<p>U ostvarivanju svojih ciljeva HSD osobito:<\/p>\n<ul>\n<li>poti\u010de i organizira znanstvena istra\u017eivanja i stru\u010dni rad na podru\u010dju sociologije;<\/li>\n<li>poti\u010de i organizira znanstveno stru\u010dnu komunikaciju unutar sociolo\u0161ke zajednice, posebice savjetovanja i tribine;<\/li>\n<li>poti\u010de i organizira izdava\u010dku djelatnost u podru\u010dju sociologije;<\/li>\n<li>poti\u010de i organizira stru\u010dno usavr\u0161avanje nastavnika\/ica sociolo\u0161kih predmeta u srednjem i visokom \u0161kolstvu;<\/li>\n<li>uspostavlja veze i suradnju sa sociolo\u0161kim dru\u0161tvima u svijetu;<\/li>\n<li>popularizira sociologijska znanstvena dostignu\u0107a;<\/li>\n<li>predla\u017ee istaknute sociologe i sociologinje, ustanove i znanstvena djela na podru\u010dju sociologije za javna priznanja;<\/li>\n<li>poti\u010de kod svojih \u010dlanova\/ica i u sociolo\u0161koj zajednici uop\u0107e osje\u0107aj profesionalne odgovornosti i zagovara etiku sociolo\u0161ke struke.<\/li>\n<\/ul>\n","protected":false},"excerpt":{"rendered":"<p>Hrvatsko sociolo\u0161ko dru\u0161tvo (HSD) dobrovoljna je strukovna udruga koja okuplja znanstvenike\/ce i stru\u010dnjake\/inje na podru\u010dju sociologije te druge znanstvene, kulturne i stru\u010dne djelatnike\/ce zainteresirane za razvitak sociologije. Dru\u0161tvo djeluje sa svrhom unapre\u0111enja i za\u0161tite interesa sociologije kao struke i sociologa\/inja kao stru\u010dnih djelatnika\/ica, skrbi o razvoju sociolo\u0161ke struke u Hrvatskoj utemeljenom na znanstveno-humanisti\u010dkim tradicijama i &hellip; <a href=\"https:\/\/pubweb.carnet.hr\/hsd\/hr\/o-hsd-u\/\" class=\"more-link\">Nastavi \u010ditati <span class=\"screen-reader-text\">O HSD-u<\/span><\/a><\/p>\n","protected":false},"author":736,"featured_media":0,"parent":0,"menu_order":0,"comment_status":"closed","ping_status":"closed","template":"","meta":{"footnotes":""},"class_list":["post-42","page","type-page","status-publish","hentry"],"_links":{"self":[{"href":"https:\/\/pubweb.carnet.hr\/hsd\/wp-json\/wp\/v2\/pages\/42","targetHints":{"allow":["GET"]}}],"collection":[{"href":"https:\/\/pubweb.carnet.hr\/hsd\/wp-json\/wp\/v2\/pages"}],"about":[{"href":"https:\/\/pubweb.carnet.hr\/hsd\/wp-json\/wp\/v2\/types\/page"}],"author":[{"embeddable":true,"href":"https:\/\/pubweb.carnet.hr\/hsd\/wp-json\/wp\/v2\/users\/736"}],"replies":[{"embeddable":true,"href":"https:\/\/pubweb.carnet.hr\/hsd\/wp-json\/wp\/v2\/comments?post=42"}],"version-history":[{"count":1,"href":"https:\/\/pubweb.carnet.hr\/hsd\/wp-json\/wp\/v2\/pages\/42\/revisions"}],"predecessor-version":[{"id":2593,"href":"https:\/\/pubweb.carnet.hr\/hsd\/wp-json\/wp\/v2\/pages\/42\/revisions\/2593"}],"wp:attachment":[{"href":"https:\/\/pubweb.carnet.hr\/hsd\/wp-json\/wp\/v2\/media?parent=42"}],"curies":[{"name":"wp","href":"https:\/\/api.w.org\/{rel}","templated":true}]}}