{"id":408,"date":"2017-02-15T11:23:44","date_gmt":"2017-02-15T10:23:44","guid":{"rendered":"https:\/\/pubweb.carnet.hr\/hsd\/?page_id=408"},"modified":"2022-03-20T13:36:28","modified_gmt":"2022-03-20T12:36:28","slug":"conference-2014","status":"publish","type":"page","link":"https:\/\/pubweb.carnet.hr\/hsd\/en\/events\/conference-2014\/","title":{"rendered":"Conference 2014"},"content":{"rendered":"<p><a href=\"http:\/\/pubweb.carnet.hr\/hsd\/wp-content\/uploads\/sites\/598\/2017\/02\/Towards_a_European_Society_HSD.jpg\" target=\"_blank\" rel=\"noopener\"><img loading=\"lazy\" decoding=\"async\" class=\"alignleft size-medium wp-image-402\" src=\"http:\/\/pubweb.carnet.hr\/hsd\/wp-content\/uploads\/sites\/598\/2017\/02\/Towards_a_European_Society_HSD-212x300.jpg\" alt=\"\" width=\"212\" height=\"300\" srcset=\"https:\/\/pubweb.carnet.hr\/hsd\/wp-content\/uploads\/sites\/598\/2017\/02\/Towards_a_European_Society_HSD-212x300.jpg 212w, https:\/\/pubweb.carnet.hr\/hsd\/wp-content\/uploads\/sites\/598\/2017\/02\/Towards_a_European_Society_HSD-768x1086.jpg 768w, https:\/\/pubweb.carnet.hr\/hsd\/wp-content\/uploads\/sites\/598\/2017\/02\/Towards_a_European_Society_HSD-724x1024.jpg 724w, https:\/\/pubweb.carnet.hr\/hsd\/wp-content\/uploads\/sites\/598\/2017\/02\/Towards_a_European_Society_HSD.jpg 990w\" sizes=\"auto, (max-width: 212px) 100vw, 212px\" \/><\/a>The Croatian Sociological Association is pleased to announce the organisation of its international conference:<\/p>\n<p><strong>Towards a European Society? Boundaries, Borders, Barriers<\/strong><\/p>\n<p>The conference will take place at hotel \u2018Palace\u2019 in Zagreb, Croatia, 13 \u2013 15 June 2014<\/p>\n<p>&nbsp;<\/p>\n<p><strong>Theme<\/strong><\/p>\n<p>European society, with its inherent dilemmas, discontents, and horizons of opportunity, urgently demands the attention of the social sciences in general and sociology in particular. As the depth and breadth of cultural, social, economic and political ties across the boundaries of European national spaces increases at a greater velocity, the need for diverse representations of European citizens on the European and global level concomitantly grows. However, European social spaces emerge in multiple and fragmented forms, which necessarily contest the idea of cultural, territorial and political unity inherent in, and enforced by, the concept of \u201cEurope\u201d itself. Transnational spaces in Europe do not overlap simply with national domains; nor do they correspond to administratively determined regions of the EU. The challenges of imagining a European-wide public sphere or European civil society, as well as the idea of European integration through multi-level governance, have only increased as European political and economic boundaries widen and shift. Additionally, the entry of new member states has increased the range of social and economic inequality throughout the European Union by producing new political hierarchies and new barriers to the social integration of Europe. The political landscape of Europe might very well become even more complex if some \u2018old\u2019 member states seriously consider opting out even as new countries enter the EU. The first anniversary of Croatia\u2019s admittance in the EU is an appropriate occasion to discuss the present and future of European society, European citizenship, support for and alienation from the European integration project and the nature of emerging European social spaces.<\/p>\n<p><strong>The conference is organised under the auspices of:<\/strong><\/p>\n<p>Croatian Sociological Association (HSD)<br \/>\nEuropean Sociological Association (ESA)<br \/>\nPresident of the Republic of Croatia<\/p>\n<p><strong>Academic Board:<\/strong><\/p>\n<p>Sa\u0161a Bo\u017ei\u0107 (Croatian Sociological Association)<br \/>\nRoberto Cipriani (European Sociological Association \u2013 Council of National Associations)<br \/>\nNo\u00e9mi Lendvai (University of Bristol, UK)<br \/>\nVjeran Katunari\u0107 (University of Zadar, Croatia)<br \/>\nManja Klemen\u010di\u010d (Harvard University, USA)<br \/>\nPaul Stubbs (Institute of Economics, Zagreb, Croatia)<\/p>\n<p><strong>Keynote speakers:<\/strong><\/p>\n<p>Roberto Cipriani (Universit\u00e0 Roma Tre, Italy)<br \/>\nGerard Delanty (University of Sussex, UK)<br \/>\nVjeran Katunari\u0107 (University of Zadar, Croatia)<br \/>\nChris Rumford (Royal Holloway, University of London, UK)<\/p>\n<p><em>The Conference Call for papers is closed.<\/em><\/p>\n<p>For any further information please contact the Secretariat of the Croatian Sociological Association at: <a href=\"mailto:info@hsd.hr\">info@hsd.hr<\/a>.<\/p>\n","protected":false},"excerpt":{"rendered":"<p>The Croatian Sociological Association is pleased to announce the organisation of its international conference: Towards a European Society? Boundaries, Borders, Barriers The conference will take place at hotel \u2018Palace\u2019 in Zagreb, Croatia, 13 \u2013 15 June 2014 &nbsp; Theme European society, with its inherent dilemmas, discontents, and horizons of opportunity, urgently demands the attention of &hellip; <a href=\"https:\/\/pubweb.carnet.hr\/hsd\/en\/events\/conference-2014\/\" class=\"more-link\">Nastavi \u010ditati <span class=\"screen-reader-text\">Conference 2014<\/span><\/a><\/p>\n","protected":false},"author":736,"featured_media":0,"parent":389,"menu_order":0,"comment_status":"closed","ping_status":"closed","template":"","meta":{"footnotes":""},"class_list":["post-408","page","type-page","status-publish","hentry"],"_links":{"self":[{"href":"https:\/\/pubweb.carnet.hr\/hsd\/wp-json\/wp\/v2\/pages\/408","targetHints":{"allow":["GET"]}}],"collection":[{"href":"https:\/\/pubweb.carnet.hr\/hsd\/wp-json\/wp\/v2\/pages"}],"about":[{"href":"https:\/\/pubweb.carnet.hr\/hsd\/wp-json\/wp\/v2\/types\/page"}],"author":[{"embeddable":true,"href":"https:\/\/pubweb.carnet.hr\/hsd\/wp-json\/wp\/v2\/users\/736"}],"replies":[{"embeddable":true,"href":"https:\/\/pubweb.carnet.hr\/hsd\/wp-json\/wp\/v2\/comments?post=408"}],"version-history":[{"count":2,"href":"https:\/\/pubweb.carnet.hr\/hsd\/wp-json\/wp\/v2\/pages\/408\/revisions"}],"predecessor-version":[{"id":2726,"href":"https:\/\/pubweb.carnet.hr\/hsd\/wp-json\/wp\/v2\/pages\/408\/revisions\/2726"}],"up":[{"embeddable":true,"href":"https:\/\/pubweb.carnet.hr\/hsd\/wp-json\/wp\/v2\/pages\/389"}],"wp:attachment":[{"href":"https:\/\/pubweb.carnet.hr\/hsd\/wp-json\/wp\/v2\/media?parent=408"}],"curies":[{"name":"wp","href":"https:\/\/api.w.org\/{rel}","templated":true}]}}