{"id":400,"date":"2017-02-15T11:11:01","date_gmt":"2017-02-15T10:11:01","guid":{"rendered":"https:\/\/pubweb.carnet.hr\/hsd\/?page_id=400"},"modified":"2022-03-20T13:31:36","modified_gmt":"2022-03-20T12:31:36","slug":"konferencija-2014-godine","status":"publish","type":"page","link":"https:\/\/pubweb.carnet.hr\/hsd\/hr\/dogadanja\/konferencija-2014-godine\/","title":{"rendered":"Konferencija 2014. godine"},"content":{"rendered":"<p style=\"text-align: left\"><a href=\"http:\/\/pubweb.carnet.hr\/hsd\/wp-content\/uploads\/sites\/598\/2017\/02\/Towards_a_European_Society_HSD.jpg\" target=\"_blank\" rel=\"noopener\"><img loading=\"lazy\" decoding=\"async\" class=\"size-medium wp-image-402 alignleft\" src=\"http:\/\/pubweb.carnet.hr\/hsd\/wp-content\/uploads\/sites\/598\/2017\/02\/Towards_a_European_Society_HSD-212x300.jpg\" alt=\"\" width=\"212\" height=\"300\" srcset=\"https:\/\/pubweb.carnet.hr\/hsd\/wp-content\/uploads\/sites\/598\/2017\/02\/Towards_a_European_Society_HSD-212x300.jpg 212w, https:\/\/pubweb.carnet.hr\/hsd\/wp-content\/uploads\/sites\/598\/2017\/02\/Towards_a_European_Society_HSD-768x1086.jpg 768w, https:\/\/pubweb.carnet.hr\/hsd\/wp-content\/uploads\/sites\/598\/2017\/02\/Towards_a_European_Society_HSD-724x1024.jpg 724w, https:\/\/pubweb.carnet.hr\/hsd\/wp-content\/uploads\/sites\/598\/2017\/02\/Towards_a_European_Society_HSD.jpg 990w\" sizes=\"auto, (max-width: 212px) 100vw, 212px\" \/><\/a>Hrvatski sociolo\u0161ki savez sa zadovoljstvom najavljuje organizaciju svoje me\u0111unarodne konferencije:<\/p>\n<p><strong>Towards a European Society? Boundaries, Borders, Barriers<\/strong><\/p>\n<p>Konferencija \u0107e se odr\u017eati u hotelu \u201ePalace\u201c u Zagrebu, Hrvatska, od 13. do 15. lipnja 2014.<\/p>\n<p>&nbsp;<\/p>\n<p><strong>Tema<\/strong><\/p>\n<p>Europsko dru\u0161tvo, sa svojim inherentnim dilemama, nezadovoljstvima i horizontima prilika, hitno zahtijeva pa\u017enju dru\u0161tvenih znanosti op\u0107enito, a posebno sociologije. Kako dubina i \u0161irina kulturnih, dru\u0161tvenih, gospodarskih i politi\u010dkih veza preko granica europskih nacionalnih prostora raste sve ve\u0107om brzinom, istodobno raste i potreba za raznolikim predstavljanjem europskih gra\u0111ana na europskoj i globalnoj razini. Me\u0111utim, europski dru\u0161tveni prostori pojavljuju se u vi\u0161estrukim i fragmentiranim oblicima, koji nu\u017eno osporavaju ideju kulturnog, teritorijalnog i politi\u010dkog jedinstva koja je inherentna samom konceptu \u201cEurope\u201d i provodi se njime. Transnacionalni prostori u Europi ne preklapaju se jednostavno s nacionalnim domenama; niti odgovaraju administrativno odre\u0111enim regijama EU. Izazovi zami\u0161ljanja javne sfere na razini cijele Europe ili europskog civilnog dru\u0161tva, kao i ideje europske integracije kroz upravljanje na vi\u0161e razina, samo su se pove\u0107avali kako se europske politi\u010dke i ekonomske granice \u0161ire i pomi\u010du. Osim toga, ulazak novih dr\u017eava \u010dlanica pove\u0107ao je raspon socijalne i ekonomske nejednakosti u cijeloj Europskoj uniji stvaraju\u0107i nove politi\u010dke hijerarhije i nove prepreke dru\u0161tvenoj integraciji Europe. Politi\u010dki krajolik Europe mogao bi postati jo\u0161 slo\u017eeniji ako neke &#8216;stare&#8217; dr\u017eave \u010dlanice ozbiljno razmotre da se odustanu \u010dak i kad nove zemlje u\u0111u u EU. Prva godi\u0161njica ulaska Hrvatske u EU prikladna je prigoda za razgovor o sada\u0161njosti i budu\u0107nosti europskog dru\u0161tva, europskom gra\u0111anstvu, potpori i otu\u0111enju od projekta europskih integracija te o prirodi novih europskih dru\u0161tvenih prostora.<\/p>\n<p><strong>Konferencija se organizira pod pokroviteljstvom:<\/strong><\/p>\n<p>Hrvatski sociolo\u0161ki savez (HSD)<br \/>\nEuropean Sociological Association (ESA)<br \/>\npredsjednik Republike Hrvatske<\/p>\n<p><strong>Akademski odbor:<\/strong><\/p>\n<p>Sa\u0161a Bo\u017ei\u0107 (Hrvatski sociolo\u0161ki savez)<br \/>\nRoberto Cipriani (European Sociological Association \u2013 Vije\u0107e nacionalnih udruga)<br \/>\nNo\u00e9mi Lendvai (Sveu\u010dili\u0161te Bristol, UK)<br \/>\nVjeran Katunari\u0107 (Sveu\u010dili\u0161te u Zadru, Hrvatska)<br \/>\nManja Klemen\u010di\u010d (Sveu\u010dili\u0161te Harvard, SAD)<br \/>\nPaul Stubbs (Ekonomski institut, Zagreb, Hrvatska)<\/p>\n<p><strong>Glavni govornici:<\/strong><\/p>\n<p>Roberto Cipriani (Universit\u00e0 Roma Tre, Italija)<br \/>\nGerard Delanty (Sveu\u010dili\u0161te u Sussexu, UK)<br \/>\nVjeran Katunari\u0107 (Sveu\u010dili\u0161te u Zadru, Hrvatska)<br \/>\nChris Rumford (Royal Holloway, University of London, UK)<\/p>\n<p><em>Konferencijski poziv za dostavu radova je zatvoren.<\/em><\/p>\n<p>Za sve dodatne informacije obratite se Tajni\u0161tvu Hrvatskog sociolo\u0161kog dru\u0161tva na: info@hsd.hr.<\/p>\n","protected":false},"excerpt":{"rendered":"<p>Hrvatski sociolo\u0161ki savez sa zadovoljstvom najavljuje organizaciju svoje me\u0111unarodne konferencije: Towards a European Society? Boundaries, Borders, Barriers Konferencija \u0107e se odr\u017eati u hotelu \u201ePalace\u201c u Zagrebu, Hrvatska, od 13. do 15. lipnja 2014. &nbsp; Tema Europsko dru\u0161tvo, sa svojim inherentnim dilemama, nezadovoljstvima i horizontima prilika, hitno zahtijeva pa\u017enju dru\u0161tvenih znanosti op\u0107enito, a posebno sociologije. Kako &hellip; <a href=\"https:\/\/pubweb.carnet.hr\/hsd\/hr\/dogadanja\/konferencija-2014-godine\/\" class=\"more-link\">Nastavi \u010ditati <span class=\"screen-reader-text\">Konferencija 2014. godine<\/span><\/a><\/p>\n","protected":false},"author":736,"featured_media":0,"parent":387,"menu_order":0,"comment_status":"closed","ping_status":"closed","template":"","meta":{"footnotes":""},"class_list":["post-400","page","type-page","status-publish","hentry"],"_links":{"self":[{"href":"https:\/\/pubweb.carnet.hr\/hsd\/wp-json\/wp\/v2\/pages\/400","targetHints":{"allow":["GET"]}}],"collection":[{"href":"https:\/\/pubweb.carnet.hr\/hsd\/wp-json\/wp\/v2\/pages"}],"about":[{"href":"https:\/\/pubweb.carnet.hr\/hsd\/wp-json\/wp\/v2\/types\/page"}],"author":[{"embeddable":true,"href":"https:\/\/pubweb.carnet.hr\/hsd\/wp-json\/wp\/v2\/users\/736"}],"replies":[{"embeddable":true,"href":"https:\/\/pubweb.carnet.hr\/hsd\/wp-json\/wp\/v2\/comments?post=400"}],"version-history":[{"count":3,"href":"https:\/\/pubweb.carnet.hr\/hsd\/wp-json\/wp\/v2\/pages\/400\/revisions"}],"predecessor-version":[{"id":2719,"href":"https:\/\/pubweb.carnet.hr\/hsd\/wp-json\/wp\/v2\/pages\/400\/revisions\/2719"}],"up":[{"embeddable":true,"href":"https:\/\/pubweb.carnet.hr\/hsd\/wp-json\/wp\/v2\/pages\/387"}],"wp:attachment":[{"href":"https:\/\/pubweb.carnet.hr\/hsd\/wp-json\/wp\/v2\/media?parent=400"}],"curies":[{"name":"wp","href":"https:\/\/api.w.org\/{rel}","templated":true}]}}