{"id":33,"date":"2017-01-24T11:10:05","date_gmt":"2017-01-24T10:10:05","guid":{"rendered":"https:\/\/pubweb.carnet.hr\/hsd\/?page_id=33"},"modified":"2022-12-06T14:43:32","modified_gmt":"2022-12-06T13:43:32","slug":"contacts","status":"publish","type":"page","link":"https:\/\/pubweb.carnet.hr\/hsd\/en\/contacts\/","title":{"rendered":"Contact"},"content":{"rendered":"<p><strong>Croatian Sociological Association<\/strong><br \/>\nAmru\u0161eva 11\/II<br \/>\n10000 Zagreb<br \/>\nCroatia<\/p>\n<p>IBAN: HR1623900011100315979, Hrvatska po\u0161tanska banka d.d. (BIC code banke: HPBZHR2x)<\/p>\n<p>E-mail: <a href=\"mailto:info@hsd.hr\">info@hsd.hr<\/a><\/p>\n<p><strong>President<\/strong><br \/>\nBranko An\u010di\u0107, PhD<br \/>\nE-mail: branko@idi.hr<\/p>\n<p><strong>Secretary<\/strong><br \/>\nMarko Mareli\u0107, PhD<br \/>\nE-mail: marko.marelic@snz.hr<\/p>\n","protected":false},"excerpt":{"rendered":"<p>Croatian Sociological Association Amru\u0161eva 11\/II 10000 Zagreb Croatia IBAN: HR1623900011100315979, Hrvatska po\u0161tanska banka d.d. (BIC code banke: HPBZHR2x) E-mail: info@hsd.hr President Branko An\u010di\u0107, PhD E-mail: branko@idi.hr Secretary Marko Mareli\u0107, PhD E-mail: marko.marelic@snz.hr<\/p>\n","protected":false},"author":736,"featured_media":0,"parent":0,"menu_order":0,"comment_status":"closed","ping_status":"closed","template":"","meta":{"footnotes":""},"class_list":["post-33","page","type-page","status-publish","hentry"],"_links":{"self":[{"href":"https:\/\/pubweb.carnet.hr\/hsd\/wp-json\/wp\/v2\/pages\/33","targetHints":{"allow":["GET"]}}],"collection":[{"href":"https:\/\/pubweb.carnet.hr\/hsd\/wp-json\/wp\/v2\/pages"}],"about":[{"href":"https:\/\/pubweb.carnet.hr\/hsd\/wp-json\/wp\/v2\/types\/page"}],"author":[{"embeddable":true,"href":"https:\/\/pubweb.carnet.hr\/hsd\/wp-json\/wp\/v2\/users\/736"}],"replies":[{"embeddable":true,"href":"https:\/\/pubweb.carnet.hr\/hsd\/wp-json\/wp\/v2\/comments?post=33"}],"version-history":[{"count":2,"href":"https:\/\/pubweb.carnet.hr\/hsd\/wp-json\/wp\/v2\/pages\/33\/revisions"}],"predecessor-version":[{"id":2827,"href":"https:\/\/pubweb.carnet.hr\/hsd\/wp-json\/wp\/v2\/pages\/33\/revisions\/2827"}],"wp:attachment":[{"href":"https:\/\/pubweb.carnet.hr\/hsd\/wp-json\/wp\/v2\/media?parent=33"}],"curies":[{"name":"wp","href":"https:\/\/api.w.org\/{rel}","templated":true}]}}