{"id":31,"date":"2017-01-24T11:08:33","date_gmt":"2017-01-24T10:08:33","guid":{"rendered":"https:\/\/pubweb.carnet.hr\/hsd\/?page_id=31"},"modified":"2022-12-06T14:42:38","modified_gmt":"2022-12-06T13:42:38","slug":"kontakt","status":"publish","type":"page","link":"https:\/\/pubweb.carnet.hr\/hsd\/hr\/kontakt\/","title":{"rendered":"Kontakt"},"content":{"rendered":"<p><strong>Hrvatsko sociolo\u0161ko dru\u0161tvo<\/strong><br \/>\nAmru\u0161eva 11\/II<br \/>\n10000 Zagreb<br \/>\nHrvatska<\/p>\n<p>IBAN: HR1623900011100315979, Hrvatska po\u0161tanska banka d.d. (BIC code banke: HPBZHR2x)<\/p>\n<p>E-mail: <a href=\"mailto:info@hsd.hr\">info@hsd.hr<\/a><\/p>\n<p><strong>Predsjednik<\/strong><br \/>\nDoc. dr. sc. Branko An\u010di\u0107<br \/>\nE-mail: <a href=\"mailto:branko@idi.hr\">branko@idi.hr<\/a><\/p>\n<p><strong>Tajnik<\/strong><br \/>\nDr. sc. Marko Mareli\u0107<br \/>\nE-mail: <a href=\"mailto:marko.marelic@snz.hr\">marko.marelic@snz.hr<\/a><\/p>\n","protected":false},"excerpt":{"rendered":"<p>Hrvatsko sociolo\u0161ko dru\u0161tvo Amru\u0161eva 11\/II 10000 Zagreb Hrvatska IBAN: HR1623900011100315979, Hrvatska po\u0161tanska banka d.d. (BIC code banke: HPBZHR2x) E-mail: info@hsd.hr Predsjednik Doc. dr. sc. Branko An\u010di\u0107 E-mail: branko@idi.hr Tajnik Dr. sc. Marko Mareli\u0107 E-mail: marko.marelic@snz.hr<\/p>\n","protected":false},"author":736,"featured_media":0,"parent":0,"menu_order":0,"comment_status":"closed","ping_status":"closed","template":"","meta":{"footnotes":""},"class_list":["post-31","page","type-page","status-publish","hentry"],"_links":{"self":[{"href":"https:\/\/pubweb.carnet.hr\/hsd\/wp-json\/wp\/v2\/pages\/31","targetHints":{"allow":["GET"]}}],"collection":[{"href":"https:\/\/pubweb.carnet.hr\/hsd\/wp-json\/wp\/v2\/pages"}],"about":[{"href":"https:\/\/pubweb.carnet.hr\/hsd\/wp-json\/wp\/v2\/types\/page"}],"author":[{"embeddable":true,"href":"https:\/\/pubweb.carnet.hr\/hsd\/wp-json\/wp\/v2\/users\/736"}],"replies":[{"embeddable":true,"href":"https:\/\/pubweb.carnet.hr\/hsd\/wp-json\/wp\/v2\/comments?post=31"}],"version-history":[{"count":2,"href":"https:\/\/pubweb.carnet.hr\/hsd\/wp-json\/wp\/v2\/pages\/31\/revisions"}],"predecessor-version":[{"id":2825,"href":"https:\/\/pubweb.carnet.hr\/hsd\/wp-json\/wp\/v2\/pages\/31\/revisions\/2825"}],"wp:attachment":[{"href":"https:\/\/pubweb.carnet.hr\/hsd\/wp-json\/wp\/v2\/media?parent=31"}],"curies":[{"name":"wp","href":"https:\/\/api.w.org\/{rel}","templated":true}]}}