{"id":2909,"date":"2023-05-12T11:50:30","date_gmt":"2023-05-12T09:50:30","guid":{"rendered":"https:\/\/pubweb.carnet.hr\/hsd\/?page_id=2909"},"modified":"2023-05-12T11:51:46","modified_gmt":"2023-05-12T09:51:46","slug":"knjiga-sazetaka-2023","status":"publish","type":"page","link":"https:\/\/pubweb.carnet.hr\/hsd\/hr\/knjiga-sazetaka-2023\/","title":{"rendered":"Knjiga sa\u017eetaka"},"content":{"rendered":"<p>Knjiga sa\u017eetaka kongresa je dostupna na sljede\u0107oj\u00a0<a href=\"http:\/\/pubweb.carnet.hr\/hsd\/wp-content\/uploads\/sites\/598\/2023\/05\/Knjiga-sazetaka-2023.pdf\">poveznici<\/a>.<\/p>\n","protected":false},"excerpt":{"rendered":"<p>Knjiga sa\u017eetaka kongresa je dostupna na sljede\u0107oj\u00a0poveznici.<\/p>\n","protected":false},"author":862,"featured_media":0,"parent":0,"menu_order":0,"comment_status":"closed","ping_status":"closed","template":"","meta":{"footnotes":""},"class_list":["post-2909","page","type-page","status-publish","hentry"],"_links":{"self":[{"href":"https:\/\/pubweb.carnet.hr\/hsd\/wp-json\/wp\/v2\/pages\/2909","targetHints":{"allow":["GET"]}}],"collection":[{"href":"https:\/\/pubweb.carnet.hr\/hsd\/wp-json\/wp\/v2\/pages"}],"about":[{"href":"https:\/\/pubweb.carnet.hr\/hsd\/wp-json\/wp\/v2\/types\/page"}],"author":[{"embeddable":true,"href":"https:\/\/pubweb.carnet.hr\/hsd\/wp-json\/wp\/v2\/users\/862"}],"replies":[{"embeddable":true,"href":"https:\/\/pubweb.carnet.hr\/hsd\/wp-json\/wp\/v2\/comments?post=2909"}],"version-history":[{"count":2,"href":"https:\/\/pubweb.carnet.hr\/hsd\/wp-json\/wp\/v2\/pages\/2909\/revisions"}],"predecessor-version":[{"id":2914,"href":"https:\/\/pubweb.carnet.hr\/hsd\/wp-json\/wp\/v2\/pages\/2909\/revisions\/2914"}],"wp:attachment":[{"href":"https:\/\/pubweb.carnet.hr\/hsd\/wp-json\/wp\/v2\/media?parent=2909"}],"curies":[{"name":"wp","href":"https:\/\/api.w.org\/{rel}","templated":true}]}}