{"id":287,"date":"2017-02-13T10:53:14","date_gmt":"2017-02-13T09:53:14","guid":{"rendered":"https:\/\/pubweb.carnet.hr\/hsd\/?page_id=287"},"modified":"2019-05-16T10:28:30","modified_gmt":"2019-05-16T08:28:30","slug":"izdavastvo","status":"publish","type":"page","link":"https:\/\/pubweb.carnet.hr\/hsd\/hr\/izdavastvo\/","title":{"rendered":"Izdava\u0161tvo"},"content":{"rendered":"<p><strong>\u010cASOPISI<\/strong><\/p>\n<p>Hrvatsko sociolo\u0161ko dru\u0161tvo izdava\u010d je \u010dasopisa <strong><a href=\"\/\/hrcak.srce.hr\/ojs\/index.php\/rzs\/index\" target=\"_blank\" rel=\"noopener\">Revija za sociologiju<\/a><\/strong>. Revija za sociologiju objavljuje teorijske, istra\u017eiva\u010dke i metodologijske radove s podru\u010dja sociologije i srodnih disciplina. \u010casopis objavljuje i prijevode, prikaze, osvrte, kratke sinteti\u010dno-kriti\u010dke priloge u okviru \u00bbForuma\u00ab te druge priloge od znanstvenog i stru\u010dnog interesa.<\/p>\n<p>Hrvatsko sociolo\u0161ko dru\u0161tvo tako\u0111er je uz Zavod za sociologiju Filozofskog fakulteta u Zagrebu suizdava\u010d \u010dasopisa <strong><a href=\"http:\/\/hrcak.srce.hr\/socijalna-ekologija\" target=\"_blank\" rel=\"noopener\">Socijalna ekologija<\/a><\/strong>, te u suradnji sa izdava\u010dkom ku\u0107om Jesenski i Turk suizdava\u010d je \u010dasopisa <strong><a href=\"http:\/\/hrcak.srce.hr\/polemos?lang=hr\" target=\"_blank\" rel=\"noopener\">Polemos<\/a><\/strong> &#8211; \u010casopisa o interdisciplinarnom istra\u017eivanju rata i mira.<\/p>\n<p><strong>BIBLIOTEKE<\/strong><\/p>\n<p>U suradnji sa Nakladom Jesenski i Turk, Hrvatsko sociolo\u0161ko dru\u0161tvo suizdava\u010d je &#8216;<strong><a href=\"http:\/\/www.jesenski-turk.hr\/?active=biblioteka&amp;biblioteka=1\" target=\"_blank\" rel=\"noopener\">Sociolo\u0161ke biblioteke<\/a><\/strong>&#8216;, koja je nastala 1997.godine pod nazivom Biblioteka Revije za sociologiju. Naziv &#8216;Sociolo\u0161ka biblioteka&#8217; dobiva 2001.godine, a nastavlja tradiciju odabira i objavljivanja klasi\u010dnih i recentnih djela doma\u0107e i svjetske sociologije i srodnih podru\u010dja.<\/p>\n<p>Hrvatsko sociolo\u0161ko dru\u0161tvo tako\u0111er je uz Zavod za sociologiju Filozofskog fakulteta u Zagrebu suizdava\u010d biblioteke &#8216;Razvoj i okoli\u0161&#8217;.<\/p>\n<div id=\"simple-translate\">\n<div>\n<div class=\"simple-translate-button \"><\/div>\n<div class=\"simple-translate-panel \" style=\"width: 300px;height: 200px;font-size: 13px;background-color: #ffffff\">\n<div class=\"simple-translate-result-wrapper\" style=\"overflow: hidden\">\n<p class=\"simple-translate-candidate\" style=\"color: #737373\">\n<\/div>\n<\/div>\n<\/div>\n<\/div>\n","protected":false},"excerpt":{"rendered":"<p>\u010cASOPISI Hrvatsko sociolo\u0161ko dru\u0161tvo izdava\u010d je \u010dasopisa Revija za sociologiju. Revija za sociologiju objavljuje teorijske, istra\u017eiva\u010dke i metodologijske radove s podru\u010dja sociologije i srodnih disciplina. \u010casopis objavljuje i prijevode, prikaze, osvrte, kratke sinteti\u010dno-kriti\u010dke priloge u okviru \u00bbForuma\u00ab te druge priloge od znanstvenog i stru\u010dnog interesa. Hrvatsko sociolo\u0161ko dru\u0161tvo tako\u0111er je uz Zavod za sociologiju Filozofskog &hellip; <a href=\"https:\/\/pubweb.carnet.hr\/hsd\/hr\/izdavastvo\/\" class=\"more-link\">Nastavi \u010ditati <span class=\"screen-reader-text\">Izdava\u0161tvo<\/span><\/a><\/p>\n","protected":false},"author":736,"featured_media":0,"parent":0,"menu_order":0,"comment_status":"closed","ping_status":"closed","template":"","meta":{"footnotes":""},"class_list":["post-287","page","type-page","status-publish","hentry"],"_links":{"self":[{"href":"https:\/\/pubweb.carnet.hr\/hsd\/wp-json\/wp\/v2\/pages\/287","targetHints":{"allow":["GET"]}}],"collection":[{"href":"https:\/\/pubweb.carnet.hr\/hsd\/wp-json\/wp\/v2\/pages"}],"about":[{"href":"https:\/\/pubweb.carnet.hr\/hsd\/wp-json\/wp\/v2\/types\/page"}],"author":[{"embeddable":true,"href":"https:\/\/pubweb.carnet.hr\/hsd\/wp-json\/wp\/v2\/users\/736"}],"replies":[{"embeddable":true,"href":"https:\/\/pubweb.carnet.hr\/hsd\/wp-json\/wp\/v2\/comments?post=287"}],"version-history":[{"count":2,"href":"https:\/\/pubweb.carnet.hr\/hsd\/wp-json\/wp\/v2\/pages\/287\/revisions"}],"predecessor-version":[{"id":2396,"href":"https:\/\/pubweb.carnet.hr\/hsd\/wp-json\/wp\/v2\/pages\/287\/revisions\/2396"}],"wp:attachment":[{"href":"https:\/\/pubweb.carnet.hr\/hsd\/wp-json\/wp\/v2\/media?parent=287"}],"curies":[{"name":"wp","href":"https:\/\/api.w.org\/{rel}","templated":true}]}}