{"id":2850,"date":"2023-02-01T16:28:03","date_gmt":"2023-02-01T15:28:03","guid":{"rendered":"https:\/\/pubweb.carnet.hr\/hsd\/?page_id=2850"},"modified":"2023-05-08T13:51:15","modified_gmt":"2023-05-08T11:51:15","slug":"ostale-pojedinosti-2023","status":"publish","type":"page","link":"https:\/\/pubweb.carnet.hr\/hsd\/hr\/ostale-pojedinosti-2023\/","title":{"rendered":"Ostale pojedinosti"},"content":{"rendered":"<p><strong>Mjesto<\/strong>: Split<\/p>\n<p><strong>Vrijeme<\/strong>: 19. i 20. svibnja 2023.<\/p>\n<h1>Suorganizatori<\/h1>\n<ul>\n<li>Institut dru\u0161tvenih znanosti Ivo Pilar &#8211; podru\u010dni centar Split<\/li>\n<li>Filozofski fakultet u Splitu, Sveu\u010dili\u0161te u Splitu<\/li>\n<li>Umjetni\u010dka akademija u Splitu, Sveu\u010dili\u0161te u Splitu<\/li>\n<\/ul>\n<h1>Va\u017eni datumi<\/h1>\n<p><strong>Rok za slanje sa\u017eetaka<\/strong>: 30. o\u017eujka 2023. godine<\/p>\n<p><strong>Kotizacija<\/strong>:<br \/>\n80 \u20ac za \u010dlanove\/ice HSD-a;<br \/>\n40 \u20ac za umirovljenike\/ce;<br \/>\n30 \u20ac za studente\/ice;<br \/>\n120 \u20ac za osobe koji nisu \u010dlanovi\/ce HSD-a<\/p>\n<p>Kontakt:\u00a0info@hsd.hr<\/p>\n<p>Uplata kotizacija\u00a0za izlaga\u010de\u00a0vr\u0161i se na broj ra\u010duna HSD-a:\u00a0IBAN: HR1623900011100315979, Hrvatska po\u0161tanska banka d.d. (BIC code banke: HPBZHR2x). Na posebnu uplatnicu unesite odgovaraju\u0107i iznos, a u rubriku \u201cpoziv na broj\u201d unesite svoji OIB. Ukoliko uplatu vr\u0161ite putem internetskog ili mobilnog bankarstva tada Vas molimo da nam uvjerenje o odgovaraju\u0107oj transakciji proslijedite na adresu elektroni\u010dke po\u0161te\u00a0info@hsd.hr, ili nam kopiju uplatnice po\u0161aljite po\u0161tom na adresu:<\/p>\n<p>Hrvatsko sociolo\u0161ko dru\u0161tvo<br \/>\nInstitut za dru\u0161tvena istra\u017eivanja u Zagrebu<br \/>\nAmru\u0161eva 11\/II<br \/>\n10000 Zagreb<\/p>\n","protected":false},"excerpt":{"rendered":"<p>Mjesto: Split Vrijeme: 19. i 20. svibnja 2023. Suorganizatori Institut dru\u0161tvenih znanosti Ivo Pilar &#8211; podru\u010dni centar Split Filozofski fakultet u Splitu, Sveu\u010dili\u0161te u Splitu Umjetni\u010dka akademija u Splitu, Sveu\u010dili\u0161te u Splitu Va\u017eni datumi Rok za slanje sa\u017eetaka: 30. o\u017eujka 2023. godine Kotizacija: 80 \u20ac za \u010dlanove\/ice HSD-a; 40 \u20ac za umirovljenike\/ce; 30 \u20ac za &hellip; <a href=\"https:\/\/pubweb.carnet.hr\/hsd\/hr\/ostale-pojedinosti-2023\/\" class=\"more-link\">Nastavi \u010ditati <span class=\"screen-reader-text\">Ostale pojedinosti<\/span><\/a><\/p>\n","protected":false},"author":862,"featured_media":0,"parent":0,"menu_order":0,"comment_status":"closed","ping_status":"closed","template":"","meta":{"footnotes":""},"class_list":["post-2850","page","type-page","status-publish","hentry"],"_links":{"self":[{"href":"https:\/\/pubweb.carnet.hr\/hsd\/wp-json\/wp\/v2\/pages\/2850","targetHints":{"allow":["GET"]}}],"collection":[{"href":"https:\/\/pubweb.carnet.hr\/hsd\/wp-json\/wp\/v2\/pages"}],"about":[{"href":"https:\/\/pubweb.carnet.hr\/hsd\/wp-json\/wp\/v2\/types\/page"}],"author":[{"embeddable":true,"href":"https:\/\/pubweb.carnet.hr\/hsd\/wp-json\/wp\/v2\/users\/862"}],"replies":[{"embeddable":true,"href":"https:\/\/pubweb.carnet.hr\/hsd\/wp-json\/wp\/v2\/comments?post=2850"}],"version-history":[{"count":1,"href":"https:\/\/pubweb.carnet.hr\/hsd\/wp-json\/wp\/v2\/pages\/2850\/revisions"}],"predecessor-version":[{"id":2908,"href":"https:\/\/pubweb.carnet.hr\/hsd\/wp-json\/wp\/v2\/pages\/2850\/revisions\/2908"}],"wp:attachment":[{"href":"https:\/\/pubweb.carnet.hr\/hsd\/wp-json\/wp\/v2\/media?parent=2850"}],"curies":[{"name":"wp","href":"https:\/\/api.w.org\/{rel}","templated":true}]}}