{"id":2848,"date":"2023-02-01T16:31:00","date_gmt":"2023-02-01T15:31:00","guid":{"rendered":"https:\/\/pubweb.carnet.hr\/hsd\/?page_id=2848"},"modified":"2023-03-13T17:52:12","modified_gmt":"2023-03-13T16:52:12","slug":"prijava-za-sudjelovanje-2023","status":"publish","type":"page","link":"https:\/\/pubweb.carnet.hr\/hsd\/hr\/prijava-za-sudjelovanje-2023\/","title":{"rendered":"Prijava za sudjelovanje"},"content":{"rendered":"<p>Pozivamo \u010dlanove\/ice Hrvatskoga sociolo\u0161kog dru\u0161tva i sve druge zainteresirane da po\u0161alju\u00a0prijedloge svojih konferencijskih priop\u0107enja. Sa\u017eetak bi uz naslov trebao sadr\u017eavati do 250 rije\u010di\u00a0(do 5 klju\u010dnih rije\u010di).<\/p>\n<p>Molimo uklju\u010dite u podnesak ime(na) autora\/ica, institucionalnu povezanost i adresu(e) e-po\u0161te.<\/p>\n<p>Prijedlog panel sesije treba sadr\u017eavati do 150 rije\u010di ali uz njega treba prilo\u017eiti i 3-4 sa\u017eetka prezentacija u panelu prema gornjim uputama.<\/p>\n<p>Svaki\/a autor\/ica mo\u017ee prijaviti najvi\u0161e dva sa\u017eetka (kao prvi\/a autor\/ica).<\/p>\n<p>Sa\u017eetci i prijedlozi panela u word ili pdf formatu primaju se do <strong>3<\/strong><strong>0. o\u017eujka 2023.<\/strong> na adresu Marija Lon\u010dar <a href=\"mailto:mloncar@ffst.hr\">mloncar@ffst.hr<\/a><\/p>\n","protected":false},"excerpt":{"rendered":"<p>Pozivamo \u010dlanove\/ice Hrvatskoga sociolo\u0161kog dru\u0161tva i sve druge zainteresirane da po\u0161alju\u00a0prijedloge svojih konferencijskih priop\u0107enja. Sa\u017eetak bi uz naslov trebao sadr\u017eavati do 250 rije\u010di\u00a0(do 5 klju\u010dnih rije\u010di). Molimo uklju\u010dite u podnesak ime(na) autora\/ica, institucionalnu povezanost i adresu(e) e-po\u0161te. Prijedlog panel sesije treba sadr\u017eavati do 150 rije\u010di ali uz njega treba prilo\u017eiti i 3-4 sa\u017eetka prezentacija u &hellip; <a href=\"https:\/\/pubweb.carnet.hr\/hsd\/hr\/prijava-za-sudjelovanje-2023\/\" class=\"more-link\">Nastavi \u010ditati <span class=\"screen-reader-text\">Prijava za sudjelovanje<\/span><\/a><\/p>\n","protected":false},"author":862,"featured_media":0,"parent":0,"menu_order":0,"comment_status":"closed","ping_status":"closed","template":"","meta":{"footnotes":""},"class_list":["post-2848","page","type-page","status-publish","hentry"],"_links":{"self":[{"href":"https:\/\/pubweb.carnet.hr\/hsd\/wp-json\/wp\/v2\/pages\/2848","targetHints":{"allow":["GET"]}}],"collection":[{"href":"https:\/\/pubweb.carnet.hr\/hsd\/wp-json\/wp\/v2\/pages"}],"about":[{"href":"https:\/\/pubweb.carnet.hr\/hsd\/wp-json\/wp\/v2\/types\/page"}],"author":[{"embeddable":true,"href":"https:\/\/pubweb.carnet.hr\/hsd\/wp-json\/wp\/v2\/users\/862"}],"replies":[{"embeddable":true,"href":"https:\/\/pubweb.carnet.hr\/hsd\/wp-json\/wp\/v2\/comments?post=2848"}],"version-history":[{"count":2,"href":"https:\/\/pubweb.carnet.hr\/hsd\/wp-json\/wp\/v2\/pages\/2848\/revisions"}],"predecessor-version":[{"id":2886,"href":"https:\/\/pubweb.carnet.hr\/hsd\/wp-json\/wp\/v2\/pages\/2848\/revisions\/2886"}],"wp:attachment":[{"href":"https:\/\/pubweb.carnet.hr\/hsd\/wp-json\/wp\/v2\/media?parent=2848"}],"curies":[{"name":"wp","href":"https:\/\/api.w.org\/{rel}","templated":true}]}}