{"id":2845,"date":"2023-02-01T12:10:11","date_gmt":"2023-02-01T11:10:11","guid":{"rendered":"https:\/\/pubweb.carnet.hr\/hsd\/?page_id=2845"},"modified":"2023-02-01T16:46:04","modified_gmt":"2023-02-01T15:46:04","slug":"programski-i-organizacijski-odbor-2023","status":"publish","type":"page","link":"https:\/\/pubweb.carnet.hr\/hsd\/hr\/programski-i-organizacijski-odbor-2023\/","title":{"rendered":"Programski i organizacijski odbor"},"content":{"rendered":"<p><span style=\"text-decoration: underline\">PROGRAMSKI ODBOR<\/span><\/p>\n<p><strong>Predsjednica<\/strong><\/p>\n<p>dr.sc. Inga Tomi\u0107-Koludrovi\u0107, redovita profesorica u trajnom zvanju, Institut dru\u0161tvenih znanosti Ivo Pilar \u2013 podru\u010dni centar Split<\/p>\n<p><strong>\u010clanovi\/ice<\/strong><\/p>\n<p>dr.sc. Valerija Barada, izvanredna profesorica, Odjel za sociologiju, Sveu\u010dili\u0161te u Zadru<\/p>\n<p>dr.sc. Ivanka Buzov, izvanredna profesorica, Odsjek za sociologiju, Filozofski fakultet u Splitu<\/p>\n<p>dr.sc. Dra\u017een Cepi\u0107, docent, Odjel za sociologiju, Sveu\u010dili\u0161te u Zadru<\/p>\n<p>dr.sc. Anita Dremel, izvanredna profesorica, Katedra za sociologiju, Filozofski fakultet u Osijeku<\/p>\n<p>dr.sc. Simona Kuti, vi\u0161a znanstvena suradnica, Institut za migracije i narodnosti<\/p>\n<p>dr.sc. Dra\u017een Lali\u0107, redoviti profesor u trajnom zvanju, Fakultet politi\u010dkih znanosti u Zagrebu<\/p>\n<p>dr.sc. Marija Lon\u010dar, izvanredna profesorica, Odsjek za sociologiju, Filozofski fakultet u Splitu<\/p>\n<p>dr.sc. Sven Marceli\u0107, izvanredni profesor, Odjel za sociologiju, Sveu\u010dili\u0161te u Zadru<\/p>\n<p>dr.sc. Krunoslav Nikodem, redoviti profesor, Odsjek za sociologiju, Filozofski fakultet u Zagrebu<\/p>\n<p>mr.sc. Mirko Petri\u0107, vi\u0161i predava\u010d, Institut dru\u0161tvenih znanosti Ivo Pilar \u2013 podru\u010dni centar Split<\/p>\n<p>dr.sc. Nikola Petrovi\u0107, vi\u0161i znanstveni suradnik, Institut za dru\u0161tvena istra\u017eivanja u Zagrebu<\/p>\n<p>dr.sc. Tijana Trako Poljak, izvanredna profesorica, Odsjek za sociologiju, Filozofski fakultet u Zagrebu<\/p>\n<p>dr.sc. Anita Bu\u0161ljeta Tonkovi\u0107, vi\u0161a znanstvena suradnica, Institut dru\u0161tvenih znanosti Ivo Pilar \u2013 podru\u010dni centar Gospi\u0107<\/p>\n<p>dr.sc. Mateo \u017dani\u0107, vi\u0161i znanstveni suradnik, Institut dru\u0161tvenih znanosti Ivo Pilar \u2013 podru\u010dni centar Vukovar<\/p>\n<p><strong>\u00a0<\/strong><\/p>\n<p><span style=\"text-decoration: underline\">ORGANIZACIJSKI ODBOR<\/span><\/p>\n<p><strong>Predsjednica<\/strong><\/p>\n<p>dr.sc. Marija Lon\u010dar, izvanredna profesorica, Odsjek za sociologiju, Filozofski fakultet u Splitu<\/p>\n<p><strong>\u010clanovi\/ice<\/strong><\/p>\n<p>dr.sc. Gorana Bandalovi\u0107, izvanredna profesorica, Odsjek za sociologiju, Filozofski fakultet u Splitu<\/p>\n<p>Mirela Biland\u017ei\u0107, mag.soc<\/p>\n<p>Blanka \u0106op, asistentica, Katedra za sociologiju, Pravni fakultet u Splitu<\/p>\n<p>Augustin Derado, asistent, Institut dru\u0161tvenih znanosti Ivo Pilar \u2013 podru\u010dni centar Split<\/p>\n<p>Tea Gutovi\u0107, asistentica, Odsjek za sociologiju, Filozofski fakultet u Splitu<\/p>\n<p>Darija Ivo\u0161evi\u0107, naslovna asistentica, Odsjek za sociologiju, Filozofski fakultet u Splitu<\/p>\n<p>dr.sc. Marko Mareli\u0107, \u0160kola narodnog zdravlja \u201eAndrija \u0160tampar\u201c, Medicinski fakultet u Zagrebu<\/p>\n<p>Toni Popovi\u0107, asistent, Odsjek za sociologiju, Filozofski fakultet u Splitu<\/p>\n<p>dr.sc. Zorana \u0160uljug Vu\u010dica, izvanredna profesorica, Odsjek za sociologiju, Filozofski fakultet u Splitu<\/p>\n<p>Iva \u017duni\u0107, mag.soc., Institut dru\u0161tvenih znanosti Ivo Pilar \u2013 podru\u010dni centar Split<\/p>\n","protected":false},"excerpt":{"rendered":"<p>PROGRAMSKI ODBOR Predsjednica dr.sc. Inga Tomi\u0107-Koludrovi\u0107, redovita profesorica u trajnom zvanju, Institut dru\u0161tvenih znanosti Ivo Pilar \u2013 podru\u010dni centar Split \u010clanovi\/ice dr.sc. Valerija Barada, izvanredna profesorica, Odjel za sociologiju, Sveu\u010dili\u0161te u Zadru dr.sc. Ivanka Buzov, izvanredna profesorica, Odsjek za sociologiju, Filozofski fakultet u Splitu dr.sc. Dra\u017een Cepi\u0107, docent, Odjel za sociologiju, Sveu\u010dili\u0161te u Zadru dr.sc. &hellip; <a href=\"https:\/\/pubweb.carnet.hr\/hsd\/hr\/programski-i-organizacijski-odbor-2023\/\" class=\"more-link\">Nastavi \u010ditati <span class=\"screen-reader-text\">Programski i organizacijski odbor<\/span><\/a><\/p>\n","protected":false},"author":862,"featured_media":0,"parent":0,"menu_order":0,"comment_status":"closed","ping_status":"closed","template":"","meta":{"footnotes":""},"class_list":["post-2845","page","type-page","status-publish","hentry"],"_links":{"self":[{"href":"https:\/\/pubweb.carnet.hr\/hsd\/wp-json\/wp\/v2\/pages\/2845","targetHints":{"allow":["GET"]}}],"collection":[{"href":"https:\/\/pubweb.carnet.hr\/hsd\/wp-json\/wp\/v2\/pages"}],"about":[{"href":"https:\/\/pubweb.carnet.hr\/hsd\/wp-json\/wp\/v2\/types\/page"}],"author":[{"embeddable":true,"href":"https:\/\/pubweb.carnet.hr\/hsd\/wp-json\/wp\/v2\/users\/862"}],"replies":[{"embeddable":true,"href":"https:\/\/pubweb.carnet.hr\/hsd\/wp-json\/wp\/v2\/comments?post=2845"}],"version-history":[{"count":2,"href":"https:\/\/pubweb.carnet.hr\/hsd\/wp-json\/wp\/v2\/pages\/2845\/revisions"}],"predecessor-version":[{"id":2856,"href":"https:\/\/pubweb.carnet.hr\/hsd\/wp-json\/wp\/v2\/pages\/2845\/revisions\/2856"}],"wp:attachment":[{"href":"https:\/\/pubweb.carnet.hr\/hsd\/wp-json\/wp\/v2\/media?parent=2845"}],"curies":[{"name":"wp","href":"https:\/\/api.w.org\/{rel}","templated":true}]}}