{"id":2842,"date":"2023-02-01T12:08:21","date_gmt":"2023-02-01T11:08:21","guid":{"rendered":"https:\/\/pubweb.carnet.hr\/hsd\/?page_id=2842"},"modified":"2023-02-01T16:46:15","modified_gmt":"2023-02-01T15:46:15","slug":"tema-kongresa-2023","status":"publish","type":"page","link":"https:\/\/pubweb.carnet.hr\/hsd\/hr\/tema-kongresa-2023\/","title":{"rendered":"Tema kongresa"},"content":{"rendered":"<p>Tvrdnje o velikom porastu nejednakosti i novim oblicima dru\u0161tvenih isklju\u010denosti bile su u sredi\u0161tu brojnih rasprava u dru\u0161tvenim znanostima u posljednja dva desetlje\u0107a. U tom kontekstu, \u010desto se isticalo da je i hrvatsko dru\u0161tvo danas podvojeno, odnosno da ga obilje\u017eava zna\u010dajan jaz izme\u0111u pojedinih dru\u0161tvenih skupina. U potporu takvoj tvrdnji, u razli\u010ditim poljima i granama dru\u0161tvenih znanosti obavljen je niz analiza ekonomskih, klasnih, regionalnih, rodnih, kulturnih i drugih razlika u hrvatskom dru\u0161tvu.<\/p>\n<p>Me\u0111utim, s obzirom na to da sociolo\u0161ka perspektiva nala\u017ee oprez pri postavljanju \u0161irokih i op\u0107enitih tvrdnji, uvijek se iznova postavljaju pitanja o tome kako pristupiti analizi nejednakosti i dru\u0161tvenih razlika, do koje se razine nalazi mogu generalizirati, u kolikoj je mjeri rije\u010d o iznimnim dru\u0161tvenim okolnostima, koje bi zahtijevale iznimne dru\u0161tvene intervencije, a u kojoj mjeri se radi o strukturnim i sistemskim razlikama? Otuda i upitnik u naslovu ovogodi\u0161njeg Nacionalnog kongresa Hrvatskog sociolo\u0161kog dru\u0161tva. Kao sociolozi i sociologinje pitamo se, naime, \u0161to zapravo zna\u010di klasificirati neko dru\u0161tvo kao \u201epodvojeno\u201c te kakve su implikacije takve kategorizacije?<\/p>\n<p>Pozivamo vas stoga da se prijedlozima prezentacija i panela uklju\u010dite u rad ovogodi\u0161njeg Nacionalnog kongresa HSD-a i na primjerima iz Hrvatske pridonesete raspravama koje problematiziraju razlike i podjele, odnosno analiziraju razli\u010dite mehanizme stvaranja dru\u0161tvenih nejednakosti i njihove posljedice. S obzirom na to da se dru\u0161tvena dinamika danas ne mo\u017ee analizirati isklju\u010divo na razini nacionalnih dr\u017eava ili usko definiranih znanstvenih polja, Kongres je otvoren i interdisciplinarnim promi\u0161ljanjima te primjerima iz drugih zemalja relevantnim za razumijevanje njegove sredi\u0161nje teme. Drugim rije\u010dima, uz priloge iz razli\u010ditih posebnih sociologija, dobrodo\u0161la su i izlaganja koja se temelje na intersekcionalnim pristupima i transnacionalnim perspektivama.<\/p>\n<p>Teorijske, metodolo\u0161ke i istra\u017eiva\u010dke teme relevantne za Kongres obuhva\u0107aju:<\/p>\n<ul>\n<li>Klasne nejednakosti<\/li>\n<li>Regionalne nejednakosti<\/li>\n<li>Rodne, seksualne i seksualno-orijentacijske razlike i perspektive<\/li>\n<li>Urbano-ruralne i rezidencijalne nejednakosti<\/li>\n<li>Razlike u pristupu resursima<\/li>\n<li>Obrazovne nejednakosti<\/li>\n<li>Etni\u010dke razlike i nejednakosti<\/li>\n<li>Vjerske i religijske razlike<\/li>\n<li>Migracije i dru\u0161tvene nejednakosti<\/li>\n<li>Nejednakosti me\u0111u generacijama<\/li>\n<li>Druge teme relevantne za nazna\u010dene pristupe i probleme.<\/li>\n<\/ul>\n","protected":false},"excerpt":{"rendered":"<p>Tvrdnje o velikom porastu nejednakosti i novim oblicima dru\u0161tvenih isklju\u010denosti bile su u sredi\u0161tu brojnih rasprava u dru\u0161tvenim znanostima u posljednja dva desetlje\u0107a. U tom kontekstu, \u010desto se isticalo da je i hrvatsko dru\u0161tvo danas podvojeno, odnosno da ga obilje\u017eava zna\u010dajan jaz izme\u0111u pojedinih dru\u0161tvenih skupina. U potporu takvoj tvrdnji, u razli\u010ditim poljima i granama &hellip; <a href=\"https:\/\/pubweb.carnet.hr\/hsd\/hr\/tema-kongresa-2023\/\" class=\"more-link\">Nastavi \u010ditati <span class=\"screen-reader-text\">Tema kongresa<\/span><\/a><\/p>\n","protected":false},"author":862,"featured_media":0,"parent":0,"menu_order":0,"comment_status":"closed","ping_status":"closed","template":"","meta":{"footnotes":""},"class_list":["post-2842","page","type-page","status-publish","hentry"],"_links":{"self":[{"href":"https:\/\/pubweb.carnet.hr\/hsd\/wp-json\/wp\/v2\/pages\/2842","targetHints":{"allow":["GET"]}}],"collection":[{"href":"https:\/\/pubweb.carnet.hr\/hsd\/wp-json\/wp\/v2\/pages"}],"about":[{"href":"https:\/\/pubweb.carnet.hr\/hsd\/wp-json\/wp\/v2\/types\/page"}],"author":[{"embeddable":true,"href":"https:\/\/pubweb.carnet.hr\/hsd\/wp-json\/wp\/v2\/users\/862"}],"replies":[{"embeddable":true,"href":"https:\/\/pubweb.carnet.hr\/hsd\/wp-json\/wp\/v2\/comments?post=2842"}],"version-history":[{"count":1,"href":"https:\/\/pubweb.carnet.hr\/hsd\/wp-json\/wp\/v2\/pages\/2842\/revisions"}],"predecessor-version":[{"id":2871,"href":"https:\/\/pubweb.carnet.hr\/hsd\/wp-json\/wp\/v2\/pages\/2842\/revisions\/2871"}],"wp:attachment":[{"href":"https:\/\/pubweb.carnet.hr\/hsd\/wp-json\/wp\/v2\/media?parent=2842"}],"curies":[{"name":"wp","href":"https:\/\/api.w.org\/{rel}","templated":true}]}}