{"id":278,"date":"2017-02-10T11:37:21","date_gmt":"2017-02-10T10:37:21","guid":{"rendered":"https:\/\/pubweb.carnet.hr\/hsd\/?page_id=278"},"modified":"2022-03-14T14:40:33","modified_gmt":"2022-03-14T13:40:33","slug":"predavanja-okrugli-stolovi-i-panel-rasprave-u-organizaciji-sekcije","status":"publish","type":"page","link":"https:\/\/pubweb.carnet.hr\/hsd\/hr\/sekcije\/sekcija-za-sociologiju-prostora\/predavanja-okrugli-stolovi-i-panel-rasprave-u-organizaciji-sekcije\/","title":{"rendered":"Predavanja, okrugli stolovi i panel rasprave u organizaciji Sekcije"},"content":{"rendered":"<p>29. 01. 2010. \u201e<strong>Aktivnost Zelene akcije u projektu na Cvjetnom trgu<\/strong>&#8221; (Vera Petrinjak \u0160imek, Zelena akcija)<\/p>\n<p>11. 03. 2010. \u201e<strong>Vojni prostori<\/strong>&#8221; (Ozren \u017dunec i Kruno Kardov, Filozofski fakultet u Zagrebu)<\/p>\n<p>15. 10. 2010. \u201e<strong>Odnos javnog i privatnog u prostoru \u2013 \u0160to zna\u010di proizvodnja javnog interesa?<\/strong>&#8221; (Ognjen \u010caldarovi\u0107, Filozofski fakultet u Zagrebu i Sa\u0161a Poljanec Bori\u0107, Institut dru\u0161tvenih znanosti Ivo Pilar u Zagrebu)<\/p>\n<p>31. 03. 2011. \u201e<strong>Krajobrazna arhitektura, krajobraz, kulturni krajobraz i vrednovanje<\/strong>&#8221; (Branka Ani\u010di\u0107, Agronomski fakultet u Zagrebu)<\/p>\n<p>07. 04. 2011. panel rasprava \u201e<strong>Dru\u0161tveni razvoj teritorija<\/strong>&#8221; (u sklopu nacionalnog kongresa Hrvatskog sociolo\u0161kog dru\u0161tva):<\/p>\n<ul>\n<li>\u201eTeritorij i tranzicija: anomi\u010dni obrisi novog dru\u0161tvenog ugovora&#8221; (Sa\u0161a Poljanec Bori\u0107, Institut dru\u0161tvenih znanosti Ivo Pilar u Zagrebu)<\/li>\n<li>\u201eBrutalna gentrifikacija&#8221;, javni urbani interes i kako ga utvrditi u tranzicijskom dru\u0161tvu (Ognjen \u010caldarovi\u0107, Filozofski fakultet u Zagrebu)<\/li>\n<li>\u201eUrbani identitet kao razvojni resurs: primjer grada Splita&#8221; (Mirko Petri\u0107, Odjel za sociologiju Sveu\u010dili\u0161ta u Zadru)<\/li>\n<li>\u201eSnaga izgradnje i\/ili o\u010duvanja prirodnog \u2013 dvojaki odnos prema javnim prostorima i prirodi u gradu&#8221; (Jana \u0160arini\u0107 i Ognjen \u010caldarovi\u0107, Filozofski fakultet u Zagrebu)<\/li>\n<\/ul>\n<p>07. 04. 2011. okrugli stol \u201e<strong>Temeljne promjene u hrvatskim urbano-ruralnim prostorima i regijama u posljednjih dvadeset godina<\/strong>&#8221; (u sklopu nacionalnog kongresa Hrvatskog sociolo\u0161kog dru\u0161tva):<\/p>\n<ul>\n<li style=\"list-style-type: none\">\n<ul>\n<li>\u201e\u0160to se zbiva na ruralnim i ukupnim razvojnim periferijama hrvatskog dru\u0161tva?&#8221; (Maja \u0160tambuk, Institut dru\u0161tvenih znanosti Ivo Pilar u Zagrebu)<\/li>\n<li>\u201e\u0160to se doga\u0111alo s razvojem hrvatskih regija u vremenu od 1990. do 2010. godine?&#8221; (Vladimir Lay, Institut dru\u0161tvenih znanosti Ivo Pilar u Zagrebu)<\/li>\n<li>\u201eKakva je razvojna uloga malih i srednjih gradova te Zagreba u teritorijalno-razvojnim promjenama u Hrvatskoj?&#8221; (Anka Mi\u0161eti\u0107, Institut dru\u0161tvenih znanosti Ivo Pilar u Zagrebu)<\/li>\n<li>\u201e\u0160to Hrvatska posljednjih dvadeset godina radi prema prirodnoj osnovi \u017eivota na svome teritoriju?&#8221; (Dra\u017een \u0160imle\u0161a, Institut dru\u0161tvenih znanosti Ivo Pilar u Zagrebu)<\/li>\n<\/ul>\n<\/li>\n<\/ul>\n<p><em>Moderatorica: Jelena Zlatar<\/em><\/p>\n<p>08. 12. 2011. \u201e<strong>The Publics&#8217; Concern for Global Warming: A Cross-national Study of 47 Countries<\/strong>&#8221; (Ola Listhaug, Norve\u0161ko sveu\u010dili\u0161te znanosti i tehnologije iz Trondheima)<\/p>\n<p>07. 03. 2012. \u201e<strong>Hrvatska: postmoderni identitet, razvoj i konkurentnost<\/strong>&#8221; (u suradnji sa Sekcijom Dru\u0161tvo, ekonomija, rad; Sa\u0161a Poljanec Bori\u0107 i Zdenko Zeman, Institut dru\u0161tvenih znanosti Ivo Pilar u Zagrebu, Ivo Kunst, Institut za turizam)<\/p>\n<p>02. 06. 2012. panel rasprava \u201e<strong>Povratak zajednice: transnacionalni procesi i lokacijske politike<\/strong>&#8221; (u sklopu godi\u0161nje konferencije Hrvatskog sociolo\u0161kog dru\u0161tva):<\/p>\n<ul>\n<li>\u201eTransnacionalni socijalni prostori: od obitelji do zajednica&#8221; (Simona Kuti, Institut za migracije i narodnosti, Zagreb, Sa\u0161a Bo\u017ei\u0107, Odjel za sociologiju Sveu\u010dili\u0161ta u Zadru)<\/li>\n<li>\u201eProcjena stambenih potreba kao podloga za izradu strategije stambene politike&#8221; (Gojko Be\u017eovan, Pravni fakultet Sveu\u010dili\u0161ta u Zagrebu).<\/li>\n<\/ul>\n","protected":false},"excerpt":{"rendered":"<p>29. 01. 2010. \u201eAktivnost Zelene akcije u projektu na Cvjetnom trgu&#8221; (Vera Petrinjak \u0160imek, Zelena akcija) 11. 03. 2010. \u201eVojni prostori&#8221; (Ozren \u017dunec i Kruno Kardov, Filozofski fakultet u Zagrebu) 15. 10. 2010. \u201eOdnos javnog i privatnog u prostoru \u2013 \u0160to zna\u010di proizvodnja javnog interesa?&#8221; (Ognjen \u010caldarovi\u0107, Filozofski fakultet u Zagrebu i Sa\u0161a Poljanec Bori\u0107, &hellip; <a href=\"https:\/\/pubweb.carnet.hr\/hsd\/hr\/sekcije\/sekcija-za-sociologiju-prostora\/predavanja-okrugli-stolovi-i-panel-rasprave-u-organizaciji-sekcije\/\" class=\"more-link\">Nastavi \u010ditati <span class=\"screen-reader-text\">Predavanja, okrugli stolovi i panel rasprave u organizaciji Sekcije<\/span><\/a><\/p>\n","protected":false},"author":736,"featured_media":0,"parent":226,"menu_order":0,"comment_status":"closed","ping_status":"closed","template":"","meta":{"footnotes":""},"class_list":["post-278","page","type-page","status-publish","hentry"],"_links":{"self":[{"href":"https:\/\/pubweb.carnet.hr\/hsd\/wp-json\/wp\/v2\/pages\/278","targetHints":{"allow":["GET"]}}],"collection":[{"href":"https:\/\/pubweb.carnet.hr\/hsd\/wp-json\/wp\/v2\/pages"}],"about":[{"href":"https:\/\/pubweb.carnet.hr\/hsd\/wp-json\/wp\/v2\/types\/page"}],"author":[{"embeddable":true,"href":"https:\/\/pubweb.carnet.hr\/hsd\/wp-json\/wp\/v2\/users\/736"}],"replies":[{"embeddable":true,"href":"https:\/\/pubweb.carnet.hr\/hsd\/wp-json\/wp\/v2\/comments?post=278"}],"version-history":[{"count":2,"href":"https:\/\/pubweb.carnet.hr\/hsd\/wp-json\/wp\/v2\/pages\/278\/revisions"}],"predecessor-version":[{"id":2614,"href":"https:\/\/pubweb.carnet.hr\/hsd\/wp-json\/wp\/v2\/pages\/278\/revisions\/2614"}],"up":[{"embeddable":true,"href":"https:\/\/pubweb.carnet.hr\/hsd\/wp-json\/wp\/v2\/pages\/226"}],"wp:attachment":[{"href":"https:\/\/pubweb.carnet.hr\/hsd\/wp-json\/wp\/v2\/media?parent=278"}],"curies":[{"name":"wp","href":"https:\/\/api.w.org\/{rel}","templated":true}]}}