{"id":2507,"date":"2021-05-17T14:42:48","date_gmt":"2021-05-17T12:42:48","guid":{"rendered":"https:\/\/pubweb.carnet.hr\/hsd\/?page_id=2507"},"modified":"2021-05-19T11:57:55","modified_gmt":"2021-05-19T09:57:55","slug":"knjiga-sazetaka-2021","status":"publish","type":"page","link":"https:\/\/pubweb.carnet.hr\/hsd\/hr\/knjiga-sazetaka-2021\/","title":{"rendered":"Knjiga sa\u017eetaka"},"content":{"rendered":"<p>Knjiga sa\u017eetaka kongresa je dostupna na sljede\u0107oj\u00a0<a href=\"http:\/\/pubweb.carnet.hr\/hsd\/wp-content\/uploads\/sites\/598\/2021\/05\/HSD-VIII-kongres-Knjiga-sazetaka.pdf\" target=\"_blank\" rel=\"noopener\">poveznici<\/a>.<\/p>\n","protected":false},"excerpt":{"rendered":"<p>Knjiga sa\u017eetaka kongresa je dostupna na sljede\u0107oj\u00a0poveznici.<\/p>\n","protected":false},"author":862,"featured_media":0,"parent":0,"menu_order":0,"comment_status":"closed","ping_status":"closed","template":"","meta":{"footnotes":""},"class_list":["post-2507","page","type-page","status-publish","hentry"],"_links":{"self":[{"href":"https:\/\/pubweb.carnet.hr\/hsd\/wp-json\/wp\/v2\/pages\/2507","targetHints":{"allow":["GET"]}}],"collection":[{"href":"https:\/\/pubweb.carnet.hr\/hsd\/wp-json\/wp\/v2\/pages"}],"about":[{"href":"https:\/\/pubweb.carnet.hr\/hsd\/wp-json\/wp\/v2\/types\/page"}],"author":[{"embeddable":true,"href":"https:\/\/pubweb.carnet.hr\/hsd\/wp-json\/wp\/v2\/users\/862"}],"replies":[{"embeddable":true,"href":"https:\/\/pubweb.carnet.hr\/hsd\/wp-json\/wp\/v2\/comments?post=2507"}],"version-history":[{"count":2,"href":"https:\/\/pubweb.carnet.hr\/hsd\/wp-json\/wp\/v2\/pages\/2507\/revisions"}],"predecessor-version":[{"id":2574,"href":"https:\/\/pubweb.carnet.hr\/hsd\/wp-json\/wp\/v2\/pages\/2507\/revisions\/2574"}],"wp:attachment":[{"href":"https:\/\/pubweb.carnet.hr\/hsd\/wp-json\/wp\/v2\/media?parent=2507"}],"curies":[{"name":"wp","href":"https:\/\/api.w.org\/{rel}","templated":true}]}}