{"id":2453,"date":"2021-02-18T18:53:19","date_gmt":"2021-02-18T17:53:19","guid":{"rendered":"https:\/\/pubweb.carnet.hr\/hsd\/?page_id=2453"},"modified":"2022-03-14T10:06:27","modified_gmt":"2022-03-14T09:06:27","slug":"vazni-datumi","status":"publish","type":"page","link":"https:\/\/pubweb.carnet.hr\/hsd\/hr\/vazni-datumi\/","title":{"rendered":"Ostale pojedinosti"},"content":{"rendered":"<p><strong>Mjesto<\/strong>:\u00a0Kongres se odr\u017eava u online formatu putem Zoom platforme:<\/p>\n<p>https:\/\/us02web.zoom.us\/j\/85277780926?pwd=NFBkTVMyTXdKd1NsMHZCM2VUYXB2QT09<\/p>\n<p>Meeting ID: 852 7778 0926<\/p>\n<p>Passcode: 364482<\/p>\n<p><strong>Vrijeme<\/strong>: 20. i 21. svibnja 2021.<\/p>\n<h1>Va\u017eni datumi<\/h1>\n<p><strong>Rok za slanje sa\u017eetaka<\/strong>:\u00a01. travnja 2021. godine<\/p>\n<p><strong>Obavijest o (ne)prihva\u0107anju sa\u017eetka<\/strong>:\u00a020. travnja 2021. godine<\/p>\n<p><strong>Rok za uplatu kotizacije<\/strong>:\u00a010. svibnja 2021. godine<\/p>\n<p><strong>Kotizacija<\/strong>:\u00a0250,00 kn (za \u010dlanove\/ice HSD-a); 500,00 kn (za osobe koje nisu \u010dlanovi\/ice HSD-a)<\/p>\n<p>Kontakt:\u00a0info@hsd.hr<\/p>\n<p>Uplata kotizacija\u00a0za izlaga\u010de\u00a0vr\u0161i se na broj ra\u010duna HSD-a:\u00a0IBAN: HR1623900011100315979, Hrvatska po\u0161tanska banka d.d. (BIC code banke: HPBZHR2x). Na posebnu uplatnicu unesite odgovaraju\u0107i iznos, a u rubriku \u201cpoziv na broj\u201d unesite svoji OIB. Ukoliko uplatu vr\u0161ite putem internetskog ili mobilnog bankarstva tada Vas molimo da nam uvjerenje o odgovaraju\u0107oj transakciji proslijedite na adresu elektroni\u010dke po\u0161te\u00a0info@hsd.hr, ili nam kopiju uplatnice po\u0161aljite po\u0161tom na adresu:<\/p>\n<p>Hrvatsko sociolo\u0161ko dru\u0161tvo<\/p>\n<p>Institut za dru\u0161tvena istra\u017eivanja u Zagrebu<\/p>\n<p>Amru\u0161eva 11\/II<\/p>\n<p>10000 Zagreb<\/p>\n<p>ZA SVE ZAINTERESIRANE SUDIONIKE KOJI NEMAJU IZLAGANJE NA KONGRESU KOTIZACIJA SE NE NAPLA\u0106UJE.<\/p>\n","protected":false},"excerpt":{"rendered":"<p>Mjesto:\u00a0Kongres se odr\u017eava u online formatu putem Zoom platforme: https:\/\/us02web.zoom.us\/j\/85277780926?pwd=NFBkTVMyTXdKd1NsMHZCM2VUYXB2QT09 Meeting ID: 852 7778 0926 Passcode: 364482 Vrijeme: 20. i 21. svibnja 2021. Va\u017eni datumi Rok za slanje sa\u017eetaka:\u00a01. travnja 2021. godine Obavijest o (ne)prihva\u0107anju sa\u017eetka:\u00a020. travnja 2021. godine Rok za uplatu kotizacije:\u00a010. svibnja 2021. godine Kotizacija:\u00a0250,00 kn (za \u010dlanove\/ice HSD-a); 500,00 kn (za osobe &hellip; <a href=\"https:\/\/pubweb.carnet.hr\/hsd\/hr\/vazni-datumi\/\" class=\"more-link\">Nastavi \u010ditati <span class=\"screen-reader-text\">Ostale pojedinosti<\/span><\/a><\/p>\n","protected":false},"author":862,"featured_media":0,"parent":0,"menu_order":0,"comment_status":"closed","ping_status":"closed","template":"","meta":{"footnotes":""},"class_list":["post-2453","page","type-page","status-publish","hentry"],"_links":{"self":[{"href":"https:\/\/pubweb.carnet.hr\/hsd\/wp-json\/wp\/v2\/pages\/2453","targetHints":{"allow":["GET"]}}],"collection":[{"href":"https:\/\/pubweb.carnet.hr\/hsd\/wp-json\/wp\/v2\/pages"}],"about":[{"href":"https:\/\/pubweb.carnet.hr\/hsd\/wp-json\/wp\/v2\/types\/page"}],"author":[{"embeddable":true,"href":"https:\/\/pubweb.carnet.hr\/hsd\/wp-json\/wp\/v2\/users\/862"}],"replies":[{"embeddable":true,"href":"https:\/\/pubweb.carnet.hr\/hsd\/wp-json\/wp\/v2\/comments?post=2453"}],"version-history":[{"count":2,"href":"https:\/\/pubweb.carnet.hr\/hsd\/wp-json\/wp\/v2\/pages\/2453\/revisions"}],"predecessor-version":[{"id":2589,"href":"https:\/\/pubweb.carnet.hr\/hsd\/wp-json\/wp\/v2\/pages\/2453\/revisions\/2589"}],"wp:attachment":[{"href":"https:\/\/pubweb.carnet.hr\/hsd\/wp-json\/wp\/v2\/media?parent=2453"}],"curies":[{"name":"wp","href":"https:\/\/api.w.org\/{rel}","templated":true}]}}