{"id":2438,"date":"2021-02-18T18:39:12","date_gmt":"2021-02-18T17:39:12","guid":{"rendered":"https:\/\/pubweb.carnet.hr\/hsd\/?page_id=2438"},"modified":"2021-02-19T16:07:42","modified_gmt":"2021-02-19T15:07:42","slug":"tema-kongresa","status":"publish","type":"page","link":"https:\/\/pubweb.carnet.hr\/hsd\/hr\/tema-kongresa\/","title":{"rendered":"Tema kongresa"},"content":{"rendered":"<p>Svijet je napustio 2020. godinu sa \u017eeljom da se vi\u0161e nikad ne ponovi. Pandemija bolesti COVID-19 uzrokovala je ve\u0107 dugo nevi\u0111enu krizu \u010dije sve posljedice jo\u0161 nisu u potpunosti jasne. Nema nikakve sumnje da je virus uzdrmao ljudsku civilizaciju na vi\u0161e razina generiraju\u0107i krizu u zdravstvu i kvaliteti \u017eivota, ekonomiji i potro\u0161nji, mobilnosti i uslugama, socijalnim pitanjima i ljudskim pravima, te psiholo\u0161kom stanju i osje\u0107aju zadovoljstva pojedinaca. Mnogi su istaknuli kako se zapravo radi o nastavku odnosno o hiper-realizaciji ve\u0107 uhodanih i duboko ukorijenjenih kriza dana\u0161njih dru\u0161tava koja su ignorirala klimatske promjene i brutalnu degradaciju svjetskih ekosustava i prirodnih stani\u0161ta, kao i sve ve\u0107u ekonomsku nejednakost i neravnopravnost, krizu demokracije, povjerenja u elite i manipuliranje politi\u010dkim porukama i vijestima.<\/p>\n<p>Hrvatska globalnu pandemiju prolazi u dva vala. Proljetni val, unato\u010d \u0161oku zbog \u201enovog normalnog\u201c i nepoznavanja virusa, potpunog lockdowna, potresa u Zagrebu i osje\u0107aja nesigurnosti, prevladale se poruke solidarnosti, povjerenja, zajedni\u0161tva i vjere u bolje sutra. Drugi jesensko-zimski val koji jo\u0161 uvijek traje odaje potpuno druga\u010diju sliku Hrvatske: gubitak povjerenja u Sto\u017eer civilne za\u0161tite i dr\u017eavne institucije, porast nepridr\u017eavanja propisanih epidemiolo\u0161kih mjera, ograni\u010davanje slobode kretanja i dru\u0161tveno-ekonomskog \u017eivota, pretrpane bolnice i medicinsko osoblje na rubu snaga te pozicija me\u0111u najgorima u Europi po broju zara\u017eenih i preminulih. Uz to, drugi val virusa se poklopio i s drugim potresom, ovoga puta na banijskom podru\u010dju s razornijim posljedicama od potresa u Zagrebu i okolici za vrijeme prvog pandemijskog vala. U kratkom smo vremenu svjedo\u010dili sna\u017enu promjenu od narativa solidarnosti i povjerenja do narativa nepovjerenja i sukoba. Postavlja se pitanje \u0161to se dogodilo u svega par mjeseci?<\/p>\n<p>Poznata je izreka kako je svaka kriza ujedno i prilika. Govori se o nu\u017enosti promjene razvojne paradigme, o va\u017enosti doga\u0111aja i trenutka da se ne vratimo na tzv. staro normalno, o potrebi transformacije ekonomije i dru\u0161tva, na\u010dina na koji se odnosimo prema \u017eivom svijetu oko nas. Rije\u010d koja odzvanja postaje otpornost, odnosno postizanje dovoljne razine prilagodbe na vanjske promjene kako bi kao zajednica zadr\u017eali zadovoljavaju\u0107u razinu funkcioniranja i djelovanja. Hrvatska \u0107e kao \u010dlanica EU testirati i razvijati tu otpornost i odr\u017eivost kroz primjenu Europskog zelenog plana koji je uslijed krize uzrokovane bolesti COVID-19 i odgovora EU-a na nju integriran u Plan za oporavak EU Sljede\u0107e generacije.<\/p>\n<p>Pozivamo Vas da se uklju\u010dite u rad ovogodi\u0161njeg kongresa koji ima za cilj problematizirati pitanja odr\u017eivosti i otpornosti, solidarnosti i pravednosti u hrvatskom dru\u0161tvu uslijed i nakon krize uzrokovane bolesti COVID-19. Isto tako ukoliko \u017eelite predstaviti istra\u017eivanje koje se odnosi na hrvatsko dru\u0161tvo u predpandemijskom razdoblju slobodno se prijavite. Slijede neke od tema kojima \u0107e se baviti Kongres, no i drugi pogledi na glavnu temu su otvoreni za raspravu i prijave izlaganja:<\/p>\n<ul>\n<li>Dru\u0161tvene posljedice korona virusa<\/li>\n<li>Nacionalni plan oporavka i otpornosti<\/li>\n<li>Hrvatska i otpornost na krize<\/li>\n<li>Regionalne razlike u pona\u0161anju prema virusu<\/li>\n<li>Politi\u010dke elite za vrijeme krize<\/li>\n<li>Utjecaj krize na politi\u010dke preferencije bira\u010da<\/li>\n<li>Ustav RH i odluke Nacionalnog Sto\u017eera civilne za\u0161tite<\/li>\n<li>Dilema izme\u0111u individualnih prava i kolektivnih potreba<\/li>\n<li>Razina povjerenje u Hrvatskoj i reakcija na pandemiju<\/li>\n<li>Utjecaj krize na razne dru\u0161tvene skupine \u2013 koje su najpogo\u0111enije<\/li>\n<li>Psiho-socijalni utjecaj krize<\/li>\n<li>Socijalni kapital u kriznim situacijama<\/li>\n<li>Generacijska solidarnost<\/li>\n<li>Potresi tijekom pandemije<\/li>\n<li>Solidarnost, volonterski rad i pomaganje uslijed krize<\/li>\n<li>Kultura, mediji i COVID-19<\/li>\n<li>Tr\u017ei\u0161te rada i promjene uzrokovane pandemijom<\/li>\n<li>Teorijska promi\u0161ljanja o post-COVID dru\u0161tvenom razvoju<\/li>\n<li>Odnos izme\u0111u tr\u017ei\u0161ta i javnog sektora u post-COVID svijetu<\/li>\n<li>Post-COVID ekonomija \u2013 zelena ekonomija, solidarna ekonomija, odrast<\/li>\n<li>Zdravstvena kriza vs. Ekonomska kriza<\/li>\n<li>Turizam i COVID-19<\/li>\n<li>Kvaliteta i dostupnost online obrazovanja<\/li>\n<li>Izazovi rada od ku\u0107e<\/li>\n<li>Novi oblici komunikacije tijekom pandemije<\/li>\n<li>Mediji i COVID-19<\/li>\n<li>Fake news i teorije zavjera<\/li>\n<li>Oporavak prirode i klime<\/li>\n<li>COVID-19 i ekolo\u0161ki stavovi i pona\u0161anje<\/li>\n<li>Pandemija i temporalnost<\/li>\n<li>Obiteljsko nasilje<\/li>\n<\/ul>\n","protected":false},"excerpt":{"rendered":"<p>Svijet je napustio 2020. godinu sa \u017eeljom da se vi\u0161e nikad ne ponovi. Pandemija bolesti COVID-19 uzrokovala je ve\u0107 dugo nevi\u0111enu krizu \u010dije sve posljedice jo\u0161 nisu u potpunosti jasne. Nema nikakve sumnje da je virus uzdrmao ljudsku civilizaciju na vi\u0161e razina generiraju\u0107i krizu u zdravstvu i kvaliteti \u017eivota, ekonomiji i potro\u0161nji, mobilnosti i uslugama, &hellip; <a href=\"https:\/\/pubweb.carnet.hr\/hsd\/hr\/tema-kongresa\/\" class=\"more-link\">Nastavi \u010ditati <span class=\"screen-reader-text\">Tema kongresa<\/span><\/a><\/p>\n","protected":false},"author":862,"featured_media":0,"parent":0,"menu_order":0,"comment_status":"closed","ping_status":"closed","template":"","meta":{"footnotes":""},"class_list":["post-2438","page","type-page","status-publish","hentry"],"_links":{"self":[{"href":"https:\/\/pubweb.carnet.hr\/hsd\/wp-json\/wp\/v2\/pages\/2438","targetHints":{"allow":["GET"]}}],"collection":[{"href":"https:\/\/pubweb.carnet.hr\/hsd\/wp-json\/wp\/v2\/pages"}],"about":[{"href":"https:\/\/pubweb.carnet.hr\/hsd\/wp-json\/wp\/v2\/types\/page"}],"author":[{"embeddable":true,"href":"https:\/\/pubweb.carnet.hr\/hsd\/wp-json\/wp\/v2\/users\/862"}],"replies":[{"embeddable":true,"href":"https:\/\/pubweb.carnet.hr\/hsd\/wp-json\/wp\/v2\/comments?post=2438"}],"version-history":[{"count":2,"href":"https:\/\/pubweb.carnet.hr\/hsd\/wp-json\/wp\/v2\/pages\/2438\/revisions"}],"predecessor-version":[{"id":2479,"href":"https:\/\/pubweb.carnet.hr\/hsd\/wp-json\/wp\/v2\/pages\/2438\/revisions\/2479"}],"wp:attachment":[{"href":"https:\/\/pubweb.carnet.hr\/hsd\/wp-json\/wp\/v2\/media?parent=2438"}],"curies":[{"name":"wp","href":"https:\/\/api.w.org\/{rel}","templated":true}]}}