{"id":2384,"date":"2021-01-08T11:20:55","date_gmt":"2021-01-08T10:20:55","guid":{"rendered":"https:\/\/pubweb.carnet.hr\/hsd\/?page_id=2384"},"modified":"2022-03-14T15:16:10","modified_gmt":"2022-03-14T14:16:10","slug":"sekcija-za-europske-studije","status":"publish","type":"page","link":"https:\/\/pubweb.carnet.hr\/hsd\/hr\/sekcija-za-europske-studije\/","title":{"rendered":"Sekcija za europske studije"},"content":{"rendered":"<p>Sekcija za europske studije osnovana je kao dvanaesta sekcija Hrvatskog sociolo\u0161kog dru\u0161tva 16. studenog 2020. godine. Sekcija okuplja sociologe\/inje koji\/e se bave temama europeizacije hrvatskog dru\u0161tva i sociolo\u0161kim pristupima prou\u010davanja Europske unije. Od sredine 2000-ih razvijaju se intenzivnije inicijative da se sociolo\u0161ki pristupi prou\u010davanja Europske unije i njezinog utjecaja na europska dru\u0161tva uobli\u010de u koherentnu cjelinu. Od kraja 2000-ih Europsku uniju pogodile su krize koje stvaraju podjele me\u0111u dr\u017eavama \u010dlanicama, ali i unutar europskih dru\u0161tava, te \u010dak nagovje\u0161tavaju dezintegraciju EU-a. Hrvatsku sociologiju je u razdoblju prije i neposredno nakon ulaska Hrvatske u EU obilje\u017eio ve\u0107i broja radova koji su se bavili stavovima prema Europskoj uniji i procesom europeizacije. No tema europeizacije hrvatskog dru\u0161tva i njegovog pozicioniranja unutar Europske unije daleko je od apsolvirane, te je cilj sekcije potaknuti diskusije koje bi nastavile tradiciju sociolo\u0161kog propitkivanja europskih tema.<\/p>\n<p>Plan rada sekcije sastoji se od organiziranja tribina, predavanja i radionica na kojima \u0107e sociolozi i sociologinje, ali i znanstvenice i znanstvenici iz ostalih disciplina otvarati i propitivati ove teme zainteresiranoj stru\u010dnoj i \u0161iroj javnosti.<\/p>\n<p><strong>Voditelj sekcije<\/strong><\/p>\n<p>Nikola Petrovi\u0107<br \/>\nE-mail:\u00a0<a href=\"mailto:n%69%6Bola@%69di.hr\">nikola@idi.hr<\/a><\/p>\n<p><strong>Tajnik sekcije<\/strong><\/p>\n<p>Filip Fila<br \/>\n<a href=\"mailto:fili%70@idi.hr\">filip@idi.hr<\/a><\/p>\n","protected":false},"excerpt":{"rendered":"<p>Sekcija za europske studije osnovana je kao dvanaesta sekcija Hrvatskog sociolo\u0161kog dru\u0161tva 16. studenog 2020. godine. Sekcija okuplja sociologe\/inje koji\/e se bave temama europeizacije hrvatskog dru\u0161tva i sociolo\u0161kim pristupima prou\u010davanja Europske unije. Od sredine 2000-ih razvijaju se intenzivnije inicijative da se sociolo\u0161ki pristupi prou\u010davanja Europske unije i njezinog utjecaja na europska dru\u0161tva uobli\u010de u koherentnu &hellip; <a href=\"https:\/\/pubweb.carnet.hr\/hsd\/hr\/sekcija-za-europske-studije\/\" class=\"more-link\">Nastavi \u010ditati <span class=\"screen-reader-text\">Sekcija za europske studije<\/span><\/a><\/p>\n","protected":false},"author":862,"featured_media":0,"parent":0,"menu_order":0,"comment_status":"closed","ping_status":"closed","template":"","meta":{"footnotes":""},"class_list":["post-2384","page","type-page","status-publish","hentry"],"_links":{"self":[{"href":"https:\/\/pubweb.carnet.hr\/hsd\/wp-json\/wp\/v2\/pages\/2384","targetHints":{"allow":["GET"]}}],"collection":[{"href":"https:\/\/pubweb.carnet.hr\/hsd\/wp-json\/wp\/v2\/pages"}],"about":[{"href":"https:\/\/pubweb.carnet.hr\/hsd\/wp-json\/wp\/v2\/types\/page"}],"author":[{"embeddable":true,"href":"https:\/\/pubweb.carnet.hr\/hsd\/wp-json\/wp\/v2\/users\/862"}],"replies":[{"embeddable":true,"href":"https:\/\/pubweb.carnet.hr\/hsd\/wp-json\/wp\/v2\/comments?post=2384"}],"version-history":[{"count":2,"href":"https:\/\/pubweb.carnet.hr\/hsd\/wp-json\/wp\/v2\/pages\/2384\/revisions"}],"predecessor-version":[{"id":2758,"href":"https:\/\/pubweb.carnet.hr\/hsd\/wp-json\/wp\/v2\/pages\/2384\/revisions\/2758"}],"wp:attachment":[{"href":"https:\/\/pubweb.carnet.hr\/hsd\/wp-json\/wp\/v2\/media?parent=2384"}],"curies":[{"name":"wp","href":"https:\/\/api.w.org\/{rel}","templated":true}]}}