{"id":232,"date":"2017-02-10T09:57:12","date_gmt":"2017-02-10T08:57:12","guid":{"rendered":"https:\/\/pubweb.carnet.hr\/hsd\/?page_id=232"},"modified":"2017-02-10T10:05:03","modified_gmt":"2017-02-10T09:05:03","slug":"godisnje-izvjesce-2011-2012","status":"publish","type":"page","link":"https:\/\/pubweb.carnet.hr\/hsd\/hr\/sekcije\/sekcija-za-sociologiju-prostora\/godisnje-izvjesce-2011-2012\/","title":{"rendered":"Godi\u0161nje izvje\u0161\u0107e 2011. &#8211; 2012."},"content":{"rendered":"<p><strong>GODI\u0160NJE IZVJE\u0160\u0106E O RADU SEKCIJE ZA SOCIOLOGIJU PROSTORA SKUP\u0160TINI HRVATSKOG SOCIOLO\u0160KOG DRU\u0160TVA ZA RAZDOBLJE O\u017dUJAK 2011. &#8211; O\u017dUJAK 2012.<\/strong><\/p>\n<p>Sekcija za sociologiju prostora Hrvatskog sociolo\u0161kog dru\u0161tva je osnovana 4. prosinca 2009. godine. Sekcija trenutno okuplja 33 \u010dlana i \u010dlanice s 12 razli\u010ditih znanstvenih i visokoobrazovnih institucija, a u jednogodi\u0161njem razdoblju za koje se podnosi izvje\u0161\u0107e Sekciji se pridru\u017eilo 7 novih \u010dlanova.<\/p>\n<p>U proteklom razdoblju izme\u0111u zasjedanja Skup\u0161tine Hrvatskog sociolo\u0161kog dru\u0161tva, od o\u017eujka 2011. do o\u017eujka 2012. godine, Sekcija za sociologiju prostora je imala sljede\u0107e stru\u010dne i organizacijske aktivnosti:<\/p>\n<ul>\n<li>Sekcija je 8. travnja 2011. godine, na marginama Nacionalnog kongresa HSD\u2010a, organizirala izborni sastanak. Mandati prija\u0161njeg vodstva su produ\u017eeni za sljede\u0107e razdoblje te je tako za voditelja izabran Kruno Kardov, a za tajnicu Jelena Zlatar,<\/li>\n<li>od 14. do 16. listopada 2011. godine Sekcija je u suradnji sa splitskom podru\u017enicom Platforme 9.81 organizirala vi\u0161e razli\u010ditih stru\u010dnih aktivnosti u Splitu:<\/li>\n<ol>&#8211; 14. listopada je organizirana javna tribina &#8220;Budu\u0107nost grada Splita: sociolo\u0161ki pogled&#8221; u Multimedijalnom kulturnom centru Doma mladih u kojoj je sudjelovalo 60-\u00ad\u2010tak gra\u0111ana (izlaganja su imali Sa\u0161a Poljanec Bori\u0107, Mirko Petri\u0107 i Inga Tomi\u0107 Koludrovi\u0107, uz moderiranje Dinka Pera\u010di\u0107a iz Platforme 9.81),<\/ol>\n<ol>&#8211; 15. listopada je organiziran obilazak uz stru\u010dno vodstvo vi\u0161e razli\u010ditih dijelova grada i prigradskih naselja te okrugli stol &#8220;Kultura \u00ad turizam &#8211; ba\u0161tina: problemi povijesne jezgre Splita&#8221; (izlaganja su imali arheologinja Tajma Rismondo-\u00ad\u2010\u010cale, Lidija Petri\u0107 s Ekonomskog fakulteta u Splitu i Boran Vrande\u010di\u0107 iz Udruge turisti\u010dkih vodi\u010da Splita i \u010dlan Gra\u0111anske incijative Split, uz moderiranje Inge Tomi\u0107-Koludrovi\u0107),<\/ol>\n<ol>&#8211; 16. listopada je odr\u017ean okrugli stol na temu &#8220;Obrisi posttranzicijskog grada&#8221; na kojem su raspravljana zapa\u017eanja proteklih dana.<\/ol>\n<li>8. prosinca 2011. godine Sekcija je u suradnji s Odsjekom za sociologiju Filozofskog fakulteta u Zagrebu organizirala gostuju\u0107e predavanje prof. Ole Listhauga s Odjela za sociologiju i politi\u010dke znanosti Norve\u0161kog sveu\u010dili\u0161ta znanosti i tehnologije iz Trondheima pod naslovom &#8220;The Publics&#8217; Concern for Global Warming: A Cross-national Study of 47 Countries&#8221;,<\/li>\n<li>7. o\u017eujka 2012. godine Sekcija je u suradnji sa sekcijom Dru\u0161tvo, ekonomija, rad organizirala stru\u010dno javno predavanje i diskusiju na temu &#8220;Hrvatska: postmoderni identitet, razvoj i konkurentnost&#8221;. Uvodna i diskusijska izlaganja su imali Sa\u0161a Poljanec Bori\u0107 i Zdenko Zeman s Instituta Ivo Pilar te Ivo Kunst s Instituta za turizam uz moderiranje Drage \u010cengi\u0107a iz sekcije Dru\u0161tvo, ekonomija, rad.<\/li>\n<\/ul>\n<p>U narednom razdoblju rad Sekcije za sociologiju prostora \u0107e biti usmjeren na daljnje pro\u0161irenje \u010dlanstva i organiziranje javnih diskusija. Za travanj 2012. godine u Zadru je, po uzoru na pro\u0161logodi\u0161nje aktivnosti u Splitu, planirano vi\u0161e stru\u010dnih aktivnosti koje bi se organizirale u suradnji s Odjelom za sociologiju Sveu\u010dili\u0161ta u Zadru, a za svibanj 2012. godine planirano je odr\u017eavanje okruglog stola i organiziranje znanstvenih priop\u0107enja u sklopu godi\u0161nje znanstvene konferencije HSD\u2010a.<\/p>\n<p>Budu\u0107i da sada\u0161nji voditelji Sekcije djeluju ve\u0107 dvije godine u planu je organiziranje izbornog sastanka u svibnju na marginama konferencije HSD-a.<\/p>\n<p>U Zagrebu, 13. o\u017eujka 2012.<\/p>\n<p>Voditelj Sekcije za sociologiju prostora<br \/>\nKruno Kardov<\/p>\n","protected":false},"excerpt":{"rendered":"<p>GODI\u0160NJE IZVJE\u0160\u0106E O RADU SEKCIJE ZA SOCIOLOGIJU PROSTORA SKUP\u0160TINI HRVATSKOG SOCIOLO\u0160KOG DRU\u0160TVA ZA RAZDOBLJE O\u017dUJAK 2011. &#8211; O\u017dUJAK 2012. Sekcija za sociologiju prostora Hrvatskog sociolo\u0161kog dru\u0161tva je osnovana 4. prosinca 2009. godine. Sekcija trenutno okuplja 33 \u010dlana i \u010dlanice s 12 razli\u010ditih znanstvenih i visokoobrazovnih institucija, a u jednogodi\u0161njem razdoblju za koje se podnosi izvje\u0161\u0107e &hellip; <a href=\"https:\/\/pubweb.carnet.hr\/hsd\/hr\/sekcije\/sekcija-za-sociologiju-prostora\/godisnje-izvjesce-2011-2012\/\" class=\"more-link\">Nastavi \u010ditati <span class=\"screen-reader-text\">Godi\u0161nje izvje\u0161\u0107e 2011. &#8211; 2012.<\/span><\/a><\/p>\n","protected":false},"author":736,"featured_media":0,"parent":226,"menu_order":0,"comment_status":"closed","ping_status":"closed","template":"","meta":{"footnotes":""},"class_list":["post-232","page","type-page","status-publish","hentry"],"_links":{"self":[{"href":"https:\/\/pubweb.carnet.hr\/hsd\/wp-json\/wp\/v2\/pages\/232","targetHints":{"allow":["GET"]}}],"collection":[{"href":"https:\/\/pubweb.carnet.hr\/hsd\/wp-json\/wp\/v2\/pages"}],"about":[{"href":"https:\/\/pubweb.carnet.hr\/hsd\/wp-json\/wp\/v2\/types\/page"}],"author":[{"embeddable":true,"href":"https:\/\/pubweb.carnet.hr\/hsd\/wp-json\/wp\/v2\/users\/736"}],"replies":[{"embeddable":true,"href":"https:\/\/pubweb.carnet.hr\/hsd\/wp-json\/wp\/v2\/comments?post=232"}],"version-history":[{"count":3,"href":"https:\/\/pubweb.carnet.hr\/hsd\/wp-json\/wp\/v2\/pages\/232\/revisions"}],"predecessor-version":[{"id":239,"href":"https:\/\/pubweb.carnet.hr\/hsd\/wp-json\/wp\/v2\/pages\/232\/revisions\/239"}],"up":[{"embeddable":true,"href":"https:\/\/pubweb.carnet.hr\/hsd\/wp-json\/wp\/v2\/pages\/226"}],"wp:attachment":[{"href":"https:\/\/pubweb.carnet.hr\/hsd\/wp-json\/wp\/v2\/media?parent=232"}],"curies":[{"name":"wp","href":"https:\/\/api.w.org\/{rel}","templated":true}]}}