{"id":229,"date":"2017-02-10T09:41:09","date_gmt":"2017-02-10T08:41:09","guid":{"rendered":"https:\/\/pubweb.carnet.hr\/hsd\/?page_id=229"},"modified":"2017-02-10T09:41:09","modified_gmt":"2017-02-10T08:41:09","slug":"godisnje-izvjesce-2010-2011","status":"publish","type":"page","link":"https:\/\/pubweb.carnet.hr\/hsd\/hr\/sekcije\/sekcija-za-sociologiju-prostora\/godisnje-izvjesce-2010-2011\/","title":{"rendered":"Godi\u0161nje izvje\u0161\u0107e 2010. &#8211; 2011."},"content":{"rendered":"<p><strong>GODI\u0160NJE IZVJE\u0160\u0106E O RADU SEKCIJE ZA SOCIOLOGIJU PROSTORA SKUP\u0160TINI HRVATSKOG SOCIOLO\u0160KOG DRU\u0160TVA ZA 2010.\/2011.<\/strong><\/p>\n<p>Sekcija za sociologiju prostora pri Hrvatskom sociolo\u0161kom dru\u0161tvu je osnovana 4. prosinca 2009. godine i trenutno okuplja 26 \u010dlanova s 11 razli\u010ditih znanstvenih i visokoobrazovnih institucija.<\/p>\n<p>U proteklom jednogodi\u0161njem razdoblju izme\u0111u zasjedanja Skup\u0161tine Hrvatskog sociolo\u0161kog dru\u0161tva, od travnja 2010. do kraja o\u017eujka 2011. godine, Sekcija za sociologiju prostora je imala sljede\u0107e stru\u010dne i organizacijske aktivnosti:<\/p>\n<ul>\n<li>od 1. srpnja 2010. godine funkciju voditelja sekcije je preuzeo Kruno Kardov, a du\u017enost tajnice sekcije vr\u0161i i dalje Jelena Zlatar,<\/li>\n<li>u listopadu 2010. godine sekcija je organizirala izlaganja Sa\u0161e Poljanec Bori\u0107 s Instituta Ivo Pilar o javnom dobru i Ognjena \u010caldarovi\u0107a sa Odsjeka za sociologiju Filozofskog fakulteta u Zagrebu o proizvodnji javnog interesa,<\/li>\n<li>u o\u017eujku 2011. godine organizirano je izlaganje Branke Ani\u010di\u0107 sa Agronomskog fakulteta na temu kulturnog krajobraza,<\/li>\n<li>Sekcija za sociologiju prostora je u sklopu predstavljanja na kongresu Hrvatskog sociolo\u0161kog dru\u0161tva organizirala panel s \u010detiri konferencijska priop\u0107enja na temu Dru\u0161tveni razvoj teritorija i okrugli stol tako\u0111er s \u010detiri izlaganja na temu Temeljne promjene u hrvatskim urbano-ruralnim prostorima i regijama posljednjih dvadeset godina.<\/li>\n<\/ul>\n<p>U narednom razdoblju djelovanje \u0107e biti usmjereno na daljnje pro\u0161irenje \u010dlanstva, organiziranje javnih diskusija na teme od interesa svojih \u010dlanova, kao i promocije novih izdanja iz podru\u010dja koja tematski pokriva Sekcija.<\/p>\n<p>U Zagrebu, 20. o\u017eujka 2011.<\/p>\n<p>Voditelj Sekcije za sociologiju prostora<br \/>\nKruno Kardov<\/p>\n","protected":false},"excerpt":{"rendered":"<p>GODI\u0160NJE IZVJE\u0160\u0106E O RADU SEKCIJE ZA SOCIOLOGIJU PROSTORA SKUP\u0160TINI HRVATSKOG SOCIOLO\u0160KOG DRU\u0160TVA ZA 2010.\/2011. Sekcija za sociologiju prostora pri Hrvatskom sociolo\u0161kom dru\u0161tvu je osnovana 4. prosinca 2009. godine i trenutno okuplja 26 \u010dlanova s 11 razli\u010ditih znanstvenih i visokoobrazovnih institucija. U proteklom jednogodi\u0161njem razdoblju izme\u0111u zasjedanja Skup\u0161tine Hrvatskog sociolo\u0161kog dru\u0161tva, od travnja 2010. do kraja &hellip; <a href=\"https:\/\/pubweb.carnet.hr\/hsd\/hr\/sekcije\/sekcija-za-sociologiju-prostora\/godisnje-izvjesce-2010-2011\/\" class=\"more-link\">Nastavi \u010ditati <span class=\"screen-reader-text\">Godi\u0161nje izvje\u0161\u0107e 2010. &#8211; 2011.<\/span><\/a><\/p>\n","protected":false},"author":736,"featured_media":0,"parent":226,"menu_order":0,"comment_status":"closed","ping_status":"closed","template":"","meta":{"footnotes":""},"class_list":["post-229","page","type-page","status-publish","hentry"],"_links":{"self":[{"href":"https:\/\/pubweb.carnet.hr\/hsd\/wp-json\/wp\/v2\/pages\/229","targetHints":{"allow":["GET"]}}],"collection":[{"href":"https:\/\/pubweb.carnet.hr\/hsd\/wp-json\/wp\/v2\/pages"}],"about":[{"href":"https:\/\/pubweb.carnet.hr\/hsd\/wp-json\/wp\/v2\/types\/page"}],"author":[{"embeddable":true,"href":"https:\/\/pubweb.carnet.hr\/hsd\/wp-json\/wp\/v2\/users\/736"}],"replies":[{"embeddable":true,"href":"https:\/\/pubweb.carnet.hr\/hsd\/wp-json\/wp\/v2\/comments?post=229"}],"version-history":[{"count":1,"href":"https:\/\/pubweb.carnet.hr\/hsd\/wp-json\/wp\/v2\/pages\/229\/revisions"}],"predecessor-version":[{"id":230,"href":"https:\/\/pubweb.carnet.hr\/hsd\/wp-json\/wp\/v2\/pages\/229\/revisions\/230"}],"up":[{"embeddable":true,"href":"https:\/\/pubweb.carnet.hr\/hsd\/wp-json\/wp\/v2\/pages\/226"}],"wp:attachment":[{"href":"https:\/\/pubweb.carnet.hr\/hsd\/wp-json\/wp\/v2\/media?parent=229"}],"curies":[{"name":"wp","href":"https:\/\/api.w.org\/{rel}","templated":true}]}}