{"id":226,"date":"2017-02-10T09:34:35","date_gmt":"2017-02-10T08:34:35","guid":{"rendered":"https:\/\/pubweb.carnet.hr\/hsd\/?page_id=226"},"modified":"2022-03-14T13:16:48","modified_gmt":"2022-03-14T12:16:48","slug":"sekcija-za-sociologiju-prostora","status":"publish","type":"page","link":"https:\/\/pubweb.carnet.hr\/hsd\/hr\/sekcije\/sekcija-za-sociologiju-prostora\/","title":{"rendered":"Sekcija za sociologiju prostora"},"content":{"rendered":"<p>Sekcija za sociologiju prostora osnovana je 4. prosinca 2009. godine radi povezivanja znanstvenika\/ca koji\/e se bave sociologijom prostora u Hrvatskoj i poticanja stru\u010dne rasprave o aktualnim temama unutar ovog akademskog podru\u010dja. U organizaciji Sekcije do sada su organizirani stru\u010dni skupovi, javna predavanja, tribine i okrugli stolovi u Zagrebu, Splitu i Zadru. U sklopu nacionalnog kongresa Hrvatskog sociolo\u0161kog dru\u0161tva (7.-8. travnja 2011.), Sekcija je organizirala panel na temu \u201eDru\u0161tveni razvoj teritorija&#8221; i okrugli stol na temu \u201eTemeljne promjene u hrvatskim urbano-ruralnim prostorima i regijama u posljednjih dvadeset godina&#8221;. Na godi\u0161njoj konferenciji Hrvatskog sociolo\u0161kog dru\u0161tva (1.-2. lipnja 2012.), u organizaciji Sekcije odr\u017eana je panel rasprava \u201ePovratak zajednice: transnacionalni procesi i lokacijske politike&#8221;. Sekcija trenutno okuplja 35 \u010dlanova i \u010dlanica s 12 razli\u010ditih znanstvenih i visokoobrazovnih institucija.<\/p>\n<p><strong>Godi\u0161nji izvje\u0161taji<\/strong><\/p>\n<ul>\n<li><a href=\"https:\/\/pubweb.carnet.hr\/hsd\/hr\/sekcije\/sekcija-za-sociologiju-prostora\/godisnje-izvjesce-2010-2011\/\">2010. &#8211; 2011.<\/a><\/li>\n<li><a href=\"https:\/\/pubweb.carnet.hr\/hsd\/hr\/sekcije\/sekcija-za-sociologiju-prostora\/godisnje-izvjesce-2011-2012\/\">2011. &#8211; 2012.<\/a><\/li>\n<\/ul>\n<p><strong>Voditeljica Sekcije<\/strong><\/p>\n<p>Izv. prof. dr. sc. <a href=\"zeljka.tonkovic@unizd.hr\">\u017deljka Tonkovi\u0107\u00a0<\/a><\/p>\n<p><strong>Tajnica Sekcije<\/strong><\/p>\n<p>Doc. dr. sc. <a href=\"anita.busljeta.tonkovic@pilar.hr\">Anita Bu\u0161ljeta Tonkovi\u0107<\/a><\/p>\n","protected":false},"excerpt":{"rendered":"<p>Sekcija za sociologiju prostora osnovana je 4. prosinca 2009. godine radi povezivanja znanstvenika\/ca koji\/e se bave sociologijom prostora u Hrvatskoj i poticanja stru\u010dne rasprave o aktualnim temama unutar ovog akademskog podru\u010dja. U organizaciji Sekcije do sada su organizirani stru\u010dni skupovi, javna predavanja, tribine i okrugli stolovi u Zagrebu, Splitu i Zadru. U sklopu nacionalnog kongresa &hellip; <a href=\"https:\/\/pubweb.carnet.hr\/hsd\/hr\/sekcije\/sekcija-za-sociologiju-prostora\/\" class=\"more-link\">Nastavi \u010ditati <span class=\"screen-reader-text\">Sekcija za sociologiju prostora<\/span><\/a><\/p>\n","protected":false},"author":736,"featured_media":0,"parent":189,"menu_order":0,"comment_status":"closed","ping_status":"closed","template":"","meta":{"footnotes":""},"class_list":["post-226","page","type-page","status-publish","hentry"],"_links":{"self":[{"href":"https:\/\/pubweb.carnet.hr\/hsd\/wp-json\/wp\/v2\/pages\/226","targetHints":{"allow":["GET"]}}],"collection":[{"href":"https:\/\/pubweb.carnet.hr\/hsd\/wp-json\/wp\/v2\/pages"}],"about":[{"href":"https:\/\/pubweb.carnet.hr\/hsd\/wp-json\/wp\/v2\/types\/page"}],"author":[{"embeddable":true,"href":"https:\/\/pubweb.carnet.hr\/hsd\/wp-json\/wp\/v2\/users\/736"}],"replies":[{"embeddable":true,"href":"https:\/\/pubweb.carnet.hr\/hsd\/wp-json\/wp\/v2\/comments?post=226"}],"version-history":[{"count":3,"href":"https:\/\/pubweb.carnet.hr\/hsd\/wp-json\/wp\/v2\/pages\/226\/revisions"}],"predecessor-version":[{"id":2607,"href":"https:\/\/pubweb.carnet.hr\/hsd\/wp-json\/wp\/v2\/pages\/226\/revisions\/2607"}],"up":[{"embeddable":true,"href":"https:\/\/pubweb.carnet.hr\/hsd\/wp-json\/wp\/v2\/pages\/189"}],"wp:attachment":[{"href":"https:\/\/pubweb.carnet.hr\/hsd\/wp-json\/wp\/v2\/media?parent=226"}],"curies":[{"name":"wp","href":"https:\/\/api.w.org\/{rel}","templated":true}]}}