{"id":223,"date":"2017-02-10T09:21:47","date_gmt":"2017-02-10T08:21:47","guid":{"rendered":"https:\/\/pubweb.carnet.hr\/hsd\/?page_id=223"},"modified":"2022-03-14T15:10:55","modified_gmt":"2022-03-14T14:10:55","slug":"sekcija-za-teorijsku-sociologiju","status":"publish","type":"page","link":"https:\/\/pubweb.carnet.hr\/hsd\/hr\/sekcije\/sekcija-za-teorijsku-sociologiju\/","title":{"rendered":"Sekcija za teorijsku sociologiju"},"content":{"rendered":"<p>Na VIII. Elektroni\u010dkoj sjednici Predsjedni\u0161tva HSD-a Predsjedni\u0161tvo je jednoglasno podr\u017ealo osnivanje Sekcije za teorijsku sociologiju te potvrdilo kao <strong>voditelja<\/strong> Sekcije dr. sc. Kre\u0161imira \u017da\u017eara te Marka Luci\u0107a kao<strong> tajnika<\/strong> Sekcije.<\/p>\n<p>Plan i program usvojen na osniva\u010dkom sastanku 3. o\u017eujka 2015. godine mo\u017eete na\u0107i na sljede\u0107im poveznicama:<\/p>\n<p><a href=\"http:\/\/pubweb.carnet.hr\/hsd\/wp-content\/uploads\/sites\/598\/2017\/02\/sts-plan.pdf\" target=\"_blank\" rel=\"noopener\">PLAN<\/a><\/p>\n<p><a href=\"http:\/\/pubweb.carnet.hr\/hsd\/wp-content\/uploads\/sites\/598\/2017\/02\/sts-program.pdf\" target=\"_blank\" rel=\"noopener\">PROGRAM<\/a><\/p>\n","protected":false},"excerpt":{"rendered":"<p>Na VIII. Elektroni\u010dkoj sjednici Predsjedni\u0161tva HSD-a Predsjedni\u0161tvo je jednoglasno podr\u017ealo osnivanje Sekcije za teorijsku sociologiju te potvrdilo kao voditelja Sekcije dr. sc. Kre\u0161imira \u017da\u017eara te Marka Luci\u0107a kao tajnika Sekcije. Plan i program usvojen na osniva\u010dkom sastanku 3. o\u017eujka 2015. godine mo\u017eete na\u0107i na sljede\u0107im poveznicama: PLAN PROGRAM<\/p>\n","protected":false},"author":736,"featured_media":0,"parent":189,"menu_order":0,"comment_status":"closed","ping_status":"closed","template":"","meta":{"footnotes":""},"class_list":["post-223","page","type-page","status-publish","hentry"],"_links":{"self":[{"href":"https:\/\/pubweb.carnet.hr\/hsd\/wp-json\/wp\/v2\/pages\/223","targetHints":{"allow":["GET"]}}],"collection":[{"href":"https:\/\/pubweb.carnet.hr\/hsd\/wp-json\/wp\/v2\/pages"}],"about":[{"href":"https:\/\/pubweb.carnet.hr\/hsd\/wp-json\/wp\/v2\/types\/page"}],"author":[{"embeddable":true,"href":"https:\/\/pubweb.carnet.hr\/hsd\/wp-json\/wp\/v2\/users\/736"}],"replies":[{"embeddable":true,"href":"https:\/\/pubweb.carnet.hr\/hsd\/wp-json\/wp\/v2\/comments?post=223"}],"version-history":[{"count":2,"href":"https:\/\/pubweb.carnet.hr\/hsd\/wp-json\/wp\/v2\/pages\/223\/revisions"}],"predecessor-version":[{"id":2624,"href":"https:\/\/pubweb.carnet.hr\/hsd\/wp-json\/wp\/v2\/pages\/223\/revisions\/2624"}],"up":[{"embeddable":true,"href":"https:\/\/pubweb.carnet.hr\/hsd\/wp-json\/wp\/v2\/pages\/189"}],"wp:attachment":[{"href":"https:\/\/pubweb.carnet.hr\/hsd\/wp-json\/wp\/v2\/media?parent=223"}],"curies":[{"name":"wp","href":"https:\/\/api.w.org\/{rel}","templated":true}]}}