{"id":215,"date":"2017-02-10T09:13:00","date_gmt":"2017-02-10T08:13:00","guid":{"rendered":"https:\/\/pubweb.carnet.hr\/hsd\/?page_id=215"},"modified":"2022-03-14T15:05:08","modified_gmt":"2022-03-14T14:05:08","slug":"sekcija-za-sociologiju-medija","status":"publish","type":"page","link":"https:\/\/pubweb.carnet.hr\/hsd\/hr\/sekcije\/sekcija-za-sociologiju-medija\/","title":{"rendered":"Sekcija za sociologiju medija"},"content":{"rendered":"<p>Predsjedni\u0161tvo HSD-a je na I. sjednici odr\u017eanoj elektroni\u010dkim putem 8. srpnja 2013. godine jednoglasno podr\u017ealo osnivanje Sekcije za sociologiju medija koja je odr\u017eala osniva\u010dki sastanak 14. lipnja 2013. godine u Dru\u0161tvu sveu\u010dili\u0161nih nastavnika u Zagrebu.<\/p>\n<p>Na osniva\u010dkom sastanku za <strong>voditelja Sekcije<\/strong> izabran je Pa\u0161ko Bili\u0107, a za <strong>tajnicu<\/strong> Dina Vozab.<\/p>\n<p>Rad Sekcije za sociologiju medija mo\u017eete pratiti na blogu Sekcije na adresi: <a href=\"http:\/\/socmediji.wordpress.com\/\" target=\"_blank\" rel=\"noopener\">http:\/\/socmediji.wordpress.com\/<\/a>.<\/p>\n<p>Sekciju tako\u0111er mo\u017eete pratiti i na Facebooku putem stranice Sekcije na sljede\u0107oj <a href=\"https:\/\/www.facebook.com\/pages\/Sociologija-Medija-HSD\/302604063215585\" target=\"_blank\" rel=\"noopener\">poveznici<\/a>.<\/p>\n","protected":false},"excerpt":{"rendered":"<p>Predsjedni\u0161tvo HSD-a je na I. sjednici odr\u017eanoj elektroni\u010dkim putem 8. srpnja 2013. godine jednoglasno podr\u017ealo osnivanje Sekcije za sociologiju medija koja je odr\u017eala osniva\u010dki sastanak 14. lipnja 2013. godine u Dru\u0161tvu sveu\u010dili\u0161nih nastavnika u Zagrebu. Na osniva\u010dkom sastanku za voditelja Sekcije izabran je Pa\u0161ko Bili\u0107, a za tajnicu Dina Vozab. Rad Sekcije za sociologiju medija &hellip; <a href=\"https:\/\/pubweb.carnet.hr\/hsd\/hr\/sekcije\/sekcija-za-sociologiju-medija\/\" class=\"more-link\">Nastavi \u010ditati <span class=\"screen-reader-text\">Sekcija za sociologiju medija<\/span><\/a><\/p>\n","protected":false},"author":736,"featured_media":0,"parent":189,"menu_order":0,"comment_status":"closed","ping_status":"closed","template":"","meta":{"footnotes":""},"class_list":["post-215","page","type-page","status-publish","hentry"],"_links":{"self":[{"href":"https:\/\/pubweb.carnet.hr\/hsd\/wp-json\/wp\/v2\/pages\/215","targetHints":{"allow":["GET"]}}],"collection":[{"href":"https:\/\/pubweb.carnet.hr\/hsd\/wp-json\/wp\/v2\/pages"}],"about":[{"href":"https:\/\/pubweb.carnet.hr\/hsd\/wp-json\/wp\/v2\/types\/page"}],"author":[{"embeddable":true,"href":"https:\/\/pubweb.carnet.hr\/hsd\/wp-json\/wp\/v2\/users\/736"}],"replies":[{"embeddable":true,"href":"https:\/\/pubweb.carnet.hr\/hsd\/wp-json\/wp\/v2\/comments?post=215"}],"version-history":[{"count":2,"href":"https:\/\/pubweb.carnet.hr\/hsd\/wp-json\/wp\/v2\/pages\/215\/revisions"}],"predecessor-version":[{"id":2620,"href":"https:\/\/pubweb.carnet.hr\/hsd\/wp-json\/wp\/v2\/pages\/215\/revisions\/2620"}],"up":[{"embeddable":true,"href":"https:\/\/pubweb.carnet.hr\/hsd\/wp-json\/wp\/v2\/pages\/189"}],"wp:attachment":[{"href":"https:\/\/pubweb.carnet.hr\/hsd\/wp-json\/wp\/v2\/media?parent=215"}],"curies":[{"name":"wp","href":"https:\/\/api.w.org\/{rel}","templated":true}]}}