{"id":206,"date":"2017-02-09T12:48:27","date_gmt":"2017-02-09T11:48:27","guid":{"rendered":"https:\/\/pubweb.carnet.hr\/hsd\/?page_id=206"},"modified":"2022-03-14T13:05:10","modified_gmt":"2022-03-14T12:05:10","slug":"sekcija-za-sociologiju-obrazovanja","status":"publish","type":"page","link":"https:\/\/pubweb.carnet.hr\/hsd\/hr\/sekcije\/sekcija-za-sociologiju-obrazovanja\/","title":{"rendered":"Sekcija za sociologiju obrazovanja"},"content":{"rendered":"<p>Sekcija za sociologiju obrazovanja okuplja sociologe i sociologinje iz svih podru\u010dja sociologije, nastavnike sociologije, kao i znanstvenike i istra\u017eiva\u010de iz drugih podru\u010dja znanosti s interesom za sociologiju obrazovanja.<\/p>\n<p>Cilj je sekcije afirmacija vrijednosti istra\u017eiva\u010dkih i nastavnih aktivnosti iz sociologije obrazovanja, a posebno u dana\u0161nje vrijeme kada se obrazovanju dodjeljuje sve zna\u010dajnija uloga u dru\u0161tvu. Izazovi sociologije obrazovanja u hrvatskom kontekstu, koje sekcija nastoji adresirati, jesu nedovoljno problematiziranje i teorijsko artikuliranje obrazovnih fenomena, nedostatak literature iz podru\u010dja sociologije obrazovanja na hrvatskom jeziku, relativno mali broj empirijskih istra\u017eivanja u tom podru\u010dju, mali broj znanstvenika koji se bavi tim podru\u010djem i koji su nedovoljno povezani, te nedovoljna javna prepoznatost i utjecaj podru\u010dja na kreiranje prosvjetne politike i na zbivanja u podru\u010dju odgoja i obrazovanja u Hrvatskoj.<\/p>\n<p>Drugim rije\u010dima, sekcija se bavi teorijskim, metodolo\u0161kim, empirijskim i prakti\u010dnim razvojem sociologije obrazovanja u Hrvatskoj.<\/p>\n<p><strong>Program i plan rada Sekcije za sociologiju obrazovanja<\/strong><\/p>\n<p>Sastanak sociologa i sociologinja obrazovanja odr\u017eanom u Zagrebu 1. i 2. travnja 2011. godine (uz financijsku potporu Instituta otvoreno dru\u0161tvo i organizacijsku potporu Hrvatskog sociolo\u0161kog dru\u0161tva i Instituta za dru\u0161tvena istra\u017eivanja u Zagrebu), okupio je 20-tak sudionika\/ca iz Hrvatske i zemalja regije (Bosne i Hercegovine, Slovenije, Srbije). Na sastanku je nagla\u0161ena znanstvena i prakti\u010dna vrijednost razvoja podru\u010dja sociologije obrazovanja, posebno u dana\u0161nje vrijeme kada se obrazovanju dodjeljuje sve zna\u010dajnija uloga u dru\u0161tvu. No, usprkos razmjerno duge akademske tradicije sociologije obrazovanja, identificirani su zna\u010dajni nedostaci u razvoju tog podru\u010dja u Hrvatskoj: nedovoljno problematiziranje i teorijsko artikuliranje obrazovnih fenomena, nedostatak literature iz podru\u010dja sociologije obrazovanja na hrvatskom jeziku (posebno nedostatak ud\u017ebenika iz sociologije obrazovanja za studente), relativno mali broj empirijskih istra\u017eivanja u tom podru\u010dju, mali broj znanstvenika koji se bavi tim podru\u010djem i koji nisu dovoljno povezani te nedovoljna javna prepoznatost i utjecaj podru\u010dja na kreiranje prosvjetne politike i na zbivanja u podru\u010dju odgoja i obrazovanja u Hrvatskoj.<\/p>\n<p>Kako bi se uspje\u0161no adresirali ovi nedostaci te dalje razvijao nastavni\u010dki i istra\u017eiva\u010dki rad u podru\u010dju sociologije obrazovanja u Hrvatskoj, na sastanku se predlo\u017eilo osnivanje Sekcije za sociologiju obrazovanja pri Hrvatskom sociolo\u0161kom dru\u0161tvu. Prijedlozi za konkretne aktivnosti Sekcije uklju\u010duju:<\/p>\n<ul>\n<li>izrada Web stranice za potrebe diseminacije materijala i informacija (npr. informacije o konferencijama) me\u0111u \u010dlanovima i \u010dlanicama Sekcije<\/li>\n<li>identificiranje relevantnih istra\u017eiva\u010dkih tema iz podru\u010dja sociologije obrazovanja u Hrvatskoj i regiji i poticanje provo\u0111enja istra\u017eivanja koja su vezana uz te teme<\/li>\n<li>poticanje razrade suvremenih teorijskih pristupa i tema u sociologiji obrazovanja<\/li>\n<li>provo\u0111enje analize o tome na kojim se fakultetima predaje sociologija obrazovanja (u kojem obimu, ECTS bodovi), razrada kompetencija koje se dobivaju kolegijem Sociologija obrazovanja<\/li>\n<li>razvijanje komunikacije izme\u0111u sociologa i sociologinja obrazovanja u Hrvatskoj te u me\u0111unarodnom kontekstu<\/li>\n<li>prezentacija rada \u010dlanova i \u010dlanica Sekcije na sastancima Sekcije<\/li>\n<li>izrada bibliografije radova iz podru\u010dja sociologije obrazovanja u Hrvatskoj<\/li>\n<li>izrada zajedni\u010dkih komentara na odre\u0111ene obrazovne politike iz perspektive sociologije obrazovanja te organizacija okruglih stolova\/konferencija iz podru\u010dja sociologije obrazovanja<\/li>\n<\/ul>\n<p>Sekcija okuplja sociologe i sociologinje iz svih podru\u010dja sociologije, kao i znanstvenike i istra\u017eiva\u010de iz drugih podru\u010dja znanosti s interesom za sociologiju obrazovanja.<\/p>\n","protected":false},"excerpt":{"rendered":"<p>Sekcija za sociologiju obrazovanja okuplja sociologe i sociologinje iz svih podru\u010dja sociologije, nastavnike sociologije, kao i znanstvenike i istra\u017eiva\u010de iz drugih podru\u010dja znanosti s interesom za sociologiju obrazovanja. Cilj je sekcije afirmacija vrijednosti istra\u017eiva\u010dkih i nastavnih aktivnosti iz sociologije obrazovanja, a posebno u dana\u0161nje vrijeme kada se obrazovanju dodjeljuje sve zna\u010dajnija uloga u dru\u0161tvu. Izazovi &hellip; <a href=\"https:\/\/pubweb.carnet.hr\/hsd\/hr\/sekcije\/sekcija-za-sociologiju-obrazovanja\/\" class=\"more-link\">Nastavi \u010ditati <span class=\"screen-reader-text\">Sekcija za sociologiju obrazovanja<\/span><\/a><\/p>\n","protected":false},"author":736,"featured_media":0,"parent":189,"menu_order":0,"comment_status":"closed","ping_status":"closed","template":"","meta":{"footnotes":""},"class_list":["post-206","page","type-page","status-publish","hentry"],"_links":{"self":[{"href":"https:\/\/pubweb.carnet.hr\/hsd\/wp-json\/wp\/v2\/pages\/206","targetHints":{"allow":["GET"]}}],"collection":[{"href":"https:\/\/pubweb.carnet.hr\/hsd\/wp-json\/wp\/v2\/pages"}],"about":[{"href":"https:\/\/pubweb.carnet.hr\/hsd\/wp-json\/wp\/v2\/types\/page"}],"author":[{"embeddable":true,"href":"https:\/\/pubweb.carnet.hr\/hsd\/wp-json\/wp\/v2\/users\/736"}],"replies":[{"embeddable":true,"href":"https:\/\/pubweb.carnet.hr\/hsd\/wp-json\/wp\/v2\/comments?post=206"}],"version-history":[{"count":1,"href":"https:\/\/pubweb.carnet.hr\/hsd\/wp-json\/wp\/v2\/pages\/206\/revisions"}],"predecessor-version":[{"id":2606,"href":"https:\/\/pubweb.carnet.hr\/hsd\/wp-json\/wp\/v2\/pages\/206\/revisions\/2606"}],"up":[{"embeddable":true,"href":"https:\/\/pubweb.carnet.hr\/hsd\/wp-json\/wp\/v2\/pages\/189"}],"wp:attachment":[{"href":"https:\/\/pubweb.carnet.hr\/hsd\/wp-json\/wp\/v2\/media?parent=206"}],"curies":[{"name":"wp","href":"https:\/\/api.w.org\/{rel}","templated":true}]}}