{"id":201,"date":"2017-02-09T12:41:14","date_gmt":"2017-02-09T11:41:14","guid":{"rendered":"https:\/\/pubweb.carnet.hr\/hsd\/?page_id=201"},"modified":"2022-03-14T12:26:39","modified_gmt":"2022-03-14T11:26:39","slug":"sekcija-za-nastavu-sociologije-u-srednjoj-skoli","status":"publish","type":"page","link":"https:\/\/pubweb.carnet.hr\/hsd\/hr\/sekcije\/sekcija-za-nastavu-sociologije-u-srednjoj-skoli\/","title":{"rendered":"Sekcija za nastavu sociologije u srednjoj \u0161koli"},"content":{"rendered":"<p>Nastanak: nakon vi\u0161egodi\u0161njih aktivnosti HSD-a na promicanju kvalitete i vidljivosti nastave sociologije u srednjoj \u0161koli, prvenstveno vezanog uz gimnazije, tijekom Godi\u0161nje konferencije HSD-a na Filozofskom fakultetu u Zagrebu 1. lipnja 2012. osnovana je Sekcija za nastavu sociologije u srednjoj \u0161koli.<\/p>\n<p>Osnovni ciljevi:<\/p>\n<ul>\n<li>stvaranje evidencije nastavnica\/ka sociologije u srednjoj \u0161koli objavljivanje materijala za nastavu sociologije<\/li>\n<li>suradnja s Agencijom za odgoj i obrazovanje (AZOO) u organiziranju usavr\u0161avanja nastavnika i odr\u017eavanje redovitih predavanja za nastavnike<\/li>\n<li>uspostava direktne suradnje sa svim relevantnim institucijama \u2013 odsjecima\/odjelima za sociologiju na sveu\u010dili\u0161tima, AZOO-om i NCVVO-om<\/li>\n<li>stvaranje baze podataka i dobivanje dozvola potrebnih za provedbu istra\u017eivanja na populaciji srednjo\u0161kolaca<\/li>\n<li>informiranje i uklju\u010divanje studenata diplomskih studija profesorskog smjera u rad sekcije.<\/li>\n<\/ul>\n<p>\u010clanstvo: \u010dlanom sekcije mo\u017ee postati svatko tko je \u010dlan HSD-a.<\/p>\n<p><strong>Voditeljica sekcije<\/strong><\/p>\n<p><a href=\"mailto:jsarinic@ffzg.hr\">Jana \u0160arini\u0107<\/a><\/p>\n<p><strong>Tajnica sekcije<\/strong><\/p>\n<p><a href=\"mailto:irena.matoic@ncvvo.hr\">Irena Matoic<\/a><\/p>\n","protected":false},"excerpt":{"rendered":"<p>Nastanak: nakon vi\u0161egodi\u0161njih aktivnosti HSD-a na promicanju kvalitete i vidljivosti nastave sociologije u srednjoj \u0161koli, prvenstveno vezanog uz gimnazije, tijekom Godi\u0161nje konferencije HSD-a na Filozofskom fakultetu u Zagrebu 1. lipnja 2012. osnovana je Sekcija za nastavu sociologije u srednjoj \u0161koli. Osnovni ciljevi: stvaranje evidencije nastavnica\/ka sociologije u srednjoj \u0161koli objavljivanje materijala za nastavu sociologije suradnja &hellip; <a href=\"https:\/\/pubweb.carnet.hr\/hsd\/hr\/sekcije\/sekcija-za-nastavu-sociologije-u-srednjoj-skoli\/\" class=\"more-link\">Nastavi \u010ditati <span class=\"screen-reader-text\">Sekcija za nastavu sociologije u srednjoj \u0161koli<\/span><\/a><\/p>\n","protected":false},"author":736,"featured_media":0,"parent":189,"menu_order":0,"comment_status":"closed","ping_status":"closed","template":"","meta":{"footnotes":""},"class_list":["post-201","page","type-page","status-publish","hentry"],"_links":{"self":[{"href":"https:\/\/pubweb.carnet.hr\/hsd\/wp-json\/wp\/v2\/pages\/201","targetHints":{"allow":["GET"]}}],"collection":[{"href":"https:\/\/pubweb.carnet.hr\/hsd\/wp-json\/wp\/v2\/pages"}],"about":[{"href":"https:\/\/pubweb.carnet.hr\/hsd\/wp-json\/wp\/v2\/types\/page"}],"author":[{"embeddable":true,"href":"https:\/\/pubweb.carnet.hr\/hsd\/wp-json\/wp\/v2\/users\/736"}],"replies":[{"embeddable":true,"href":"https:\/\/pubweb.carnet.hr\/hsd\/wp-json\/wp\/v2\/comments?post=201"}],"version-history":[{"count":2,"href":"https:\/\/pubweb.carnet.hr\/hsd\/wp-json\/wp\/v2\/pages\/201\/revisions"}],"predecessor-version":[{"id":2602,"href":"https:\/\/pubweb.carnet.hr\/hsd\/wp-json\/wp\/v2\/pages\/201\/revisions\/2602"}],"up":[{"embeddable":true,"href":"https:\/\/pubweb.carnet.hr\/hsd\/wp-json\/wp\/v2\/pages\/189"}],"wp:attachment":[{"href":"https:\/\/pubweb.carnet.hr\/hsd\/wp-json\/wp\/v2\/media?parent=201"}],"curies":[{"name":"wp","href":"https:\/\/api.w.org\/{rel}","templated":true}]}}