{"id":195,"date":"2017-02-09T12:29:31","date_gmt":"2017-02-09T11:29:31","guid":{"rendered":"https:\/\/pubweb.carnet.hr\/hsd\/?page_id=195"},"modified":"2022-03-20T12:54:35","modified_gmt":"2022-03-20T11:54:35","slug":"sekcija-drustvo-ekonomija-rad","status":"publish","type":"page","link":"https:\/\/pubweb.carnet.hr\/hsd\/hr\/sekcije\/sekcija-drustvo-ekonomija-rad\/","title":{"rendered":"Sekcija &#8220;Dru\u0161tvo, ekonomija, rad&#8221;"},"content":{"rendered":"<p>Sekcija \u201eDru\u0161tvo, ekonomija, rad&#8221; osnovana je kao zasebna sekcija pri HSD-u 2. o\u017eujka 2010. godine, okupljaju\u0107i u svome sastavu mahom sociologe\/inje i sociologiji srodne znanstvenike\/ce koji\/e se bave bilo pojedinim temama iz ekonomske sociologije, bilo iz sociologije rada (nekada\u0161nje industrijske sociologije), sociologije ekonomskoga pona\u0161anja ili pak sociologije menad\u017eementa i poduzetni\u0161tva. U svome radu Sekcija je otvorena i za sudjelovanje drugih profila znanstvenika i istra\u017eiva\u010da (primjerice, ekonomista, pravnika) u razradi pojedinih tema od \u0161irega dru\u0161tvenoga interesa. Sekcija okuplja znanstvenike, istra\u017eiva\u010de i javne djelatnike kojima je stalo do razvijanja sposobnosti razumijevanja gospodarskih (kolokvijalno: ekonomskih) problema u Hrvatskoj i u svijetu kao primarno dru\u0161tvenih problema, s posebnim naglaskom na dru\u0161tvenost procesa rada, proizvodnje, razmjene, raspodjele i potro\u0161nje, na dru\u0161tvenost proizvodnje i kori\u0161tenja novostvorene vrijednosti te na djelovanje vrijednosti, ekonomskih i dru\u0161tvenih institucija na pona\u0161anje ekonomskih i politi\u010dkih sudionika (aktera) u gospodarskome \u017eivotu.<\/p>\n<p>Svoju djelatnost Sekcija primarno realizira u formatu javnih predavanja s popratnim raspravama u okviru kojih se razmatraju pojedini aspekti diferentnih relevantnih problemskih sklopova.<\/p>\n<p><strong>Voditelj sekcije<\/strong><\/p>\n<p>Dr. sc. <a href=\"mailto:sekcija.der.hsd@gmail.com\">Teo Matkovi\u0107<\/a><\/p>\n<p><strong>Tajnik sekcije<\/strong><\/p>\n<p>Dr. sc. <a href=\"mailto:sekcija.der.hsd@gmail.com\">Nikola Petrovi\u0107<\/a><\/p>\n<p>&nbsp;<\/p>\n","protected":false},"excerpt":{"rendered":"<p>Sekcija \u201eDru\u0161tvo, ekonomija, rad&#8221; osnovana je kao zasebna sekcija pri HSD-u 2. o\u017eujka 2010. godine, okupljaju\u0107i u svome sastavu mahom sociologe\/inje i sociologiji srodne znanstvenike\/ce koji\/e se bave bilo pojedinim temama iz ekonomske sociologije, bilo iz sociologije rada (nekada\u0161nje industrijske sociologije), sociologije ekonomskoga pona\u0161anja ili pak sociologije menad\u017eementa i poduzetni\u0161tva. U svome radu Sekcija je &hellip; <a href=\"https:\/\/pubweb.carnet.hr\/hsd\/hr\/sekcije\/sekcija-drustvo-ekonomija-rad\/\" class=\"more-link\">Nastavi \u010ditati <span class=\"screen-reader-text\">Sekcija &#8220;Dru\u0161tvo, ekonomija, rad&#8221;<\/span><\/a><\/p>\n","protected":false},"author":736,"featured_media":0,"parent":189,"menu_order":0,"comment_status":"closed","ping_status":"closed","template":"","meta":{"footnotes":""},"class_list":["post-195","page","type-page","status-publish","hentry"],"_links":{"self":[{"href":"https:\/\/pubweb.carnet.hr\/hsd\/wp-json\/wp\/v2\/pages\/195","targetHints":{"allow":["GET"]}}],"collection":[{"href":"https:\/\/pubweb.carnet.hr\/hsd\/wp-json\/wp\/v2\/pages"}],"about":[{"href":"https:\/\/pubweb.carnet.hr\/hsd\/wp-json\/wp\/v2\/types\/page"}],"author":[{"embeddable":true,"href":"https:\/\/pubweb.carnet.hr\/hsd\/wp-json\/wp\/v2\/users\/736"}],"replies":[{"embeddable":true,"href":"https:\/\/pubweb.carnet.hr\/hsd\/wp-json\/wp\/v2\/comments?post=195"}],"version-history":[{"count":3,"href":"https:\/\/pubweb.carnet.hr\/hsd\/wp-json\/wp\/v2\/pages\/195\/revisions"}],"predecessor-version":[{"id":2690,"href":"https:\/\/pubweb.carnet.hr\/hsd\/wp-json\/wp\/v2\/pages\/195\/revisions\/2690"}],"up":[{"embeddable":true,"href":"https:\/\/pubweb.carnet.hr\/hsd\/wp-json\/wp\/v2\/pages\/189"}],"wp:attachment":[{"href":"https:\/\/pubweb.carnet.hr\/hsd\/wp-json\/wp\/v2\/media?parent=195"}],"curies":[{"name":"wp","href":"https:\/\/api.w.org\/{rel}","templated":true}]}}