{"id":189,"date":"2017-02-09T12:21:37","date_gmt":"2017-02-09T11:21:37","guid":{"rendered":"https:\/\/pubweb.carnet.hr\/hsd\/?page_id=189"},"modified":"2022-03-14T11:25:23","modified_gmt":"2022-03-14T10:25:23","slug":"sekcije","status":"publish","type":"page","link":"https:\/\/pubweb.carnet.hr\/hsd\/hr\/sekcije\/","title":{"rendered":"Sekcije"},"content":{"rendered":"<p>Za djelovanje u posebnim sociolo\u0161kim disciplinama osnivaju se sekcije Dru\u0161tva. Sekcija se ustanovljuje na zahtjev najmanje sedam \u010dlanova\/ica Dru\u0161tva koji\/e podnose prijedlog programa i plan rada Predsjedni\u0161tvu.<\/p>\n<p>U sklopu Hrvatskoga sociolo\u0161kog dru\u0161tva trenutno djeluje jedanaest sekcija: Sekcija \u201eDru\u0161tvo, ekonomija, rad&#8221;, Sekcija za kvalitativne metode istra\u017eivanja, Sekcija za nastavu sociologije u srednjim \u0161kolama, Sekcija za sociologiju obrazovanja, Sekcija za sociologiju prostora, Sekcija za sociologiju religije, Sekcija \u201e\u017dena i dru\u0161tvo&#8221;, Sekcija za sociologiju medija, Sekcija za istra\u017eivanja znanosti i tehnologije, Sekcija za teorijsku sociologiju te Sekcija za sociologiju sporta.<\/p>\n","protected":false},"excerpt":{"rendered":"<p>Za djelovanje u posebnim sociolo\u0161kim disciplinama osnivaju se sekcije Dru\u0161tva. Sekcija se ustanovljuje na zahtjev najmanje sedam \u010dlanova\/ica Dru\u0161tva koji\/e podnose prijedlog programa i plan rada Predsjedni\u0161tvu. U sklopu Hrvatskoga sociolo\u0161kog dru\u0161tva trenutno djeluje jedanaest sekcija: Sekcija \u201eDru\u0161tvo, ekonomija, rad&#8221;, Sekcija za kvalitativne metode istra\u017eivanja, Sekcija za nastavu sociologije u srednjim \u0161kolama, Sekcija za sociologiju &hellip; <a href=\"https:\/\/pubweb.carnet.hr\/hsd\/hr\/sekcije\/\" class=\"more-link\">Nastavi \u010ditati <span class=\"screen-reader-text\">Sekcije<\/span><\/a><\/p>\n","protected":false},"author":736,"featured_media":0,"parent":0,"menu_order":0,"comment_status":"closed","ping_status":"closed","template":"","meta":{"footnotes":""},"class_list":["post-189","page","type-page","status-publish","hentry"],"_links":{"self":[{"href":"https:\/\/pubweb.carnet.hr\/hsd\/wp-json\/wp\/v2\/pages\/189","targetHints":{"allow":["GET"]}}],"collection":[{"href":"https:\/\/pubweb.carnet.hr\/hsd\/wp-json\/wp\/v2\/pages"}],"about":[{"href":"https:\/\/pubweb.carnet.hr\/hsd\/wp-json\/wp\/v2\/types\/page"}],"author":[{"embeddable":true,"href":"https:\/\/pubweb.carnet.hr\/hsd\/wp-json\/wp\/v2\/users\/736"}],"replies":[{"embeddable":true,"href":"https:\/\/pubweb.carnet.hr\/hsd\/wp-json\/wp\/v2\/comments?post=189"}],"version-history":[{"count":2,"href":"https:\/\/pubweb.carnet.hr\/hsd\/wp-json\/wp\/v2\/pages\/189\/revisions"}],"predecessor-version":[{"id":2598,"href":"https:\/\/pubweb.carnet.hr\/hsd\/wp-json\/wp\/v2\/pages\/189\/revisions\/2598"}],"wp:attachment":[{"href":"https:\/\/pubweb.carnet.hr\/hsd\/wp-json\/wp\/v2\/media?parent=189"}],"curies":[{"name":"wp","href":"https:\/\/api.w.org\/{rel}","templated":true}]}}