{"id":1839,"date":"2020-01-21T11:28:14","date_gmt":"2020-01-21T10:28:14","guid":{"rendered":"https:\/\/pubweb.carnet.hr\/hsd\/?page_id=1839"},"modified":"2020-01-21T11:28:14","modified_gmt":"2020-01-21T10:28:14","slug":"o-priznanju-rudi-supek","status":"publish","type":"page","link":"https:\/\/pubweb.carnet.hr\/hsd\/hr\/o-priznanju-rudi-supek\/","title":{"rendered":"O priznanju Rudi Supek"},"content":{"rendered":"<p><img loading=\"lazy\" decoding=\"async\" src=\"http:\/\/pubweb.carnet.hr\/hsd\/wp-content\/uploads\/sites\/598\/2020\/01\/rudi-supek_ZA_WEB-300x274.jpg\" alt=\"\" width=\"300\" height=\"274\" class=\"alignleft size-medium wp-image-1838\" srcset=\"https:\/\/pubweb.carnet.hr\/hsd\/wp-content\/uploads\/sites\/598\/2020\/01\/rudi-supek_ZA_WEB-300x274.jpg 300w, https:\/\/pubweb.carnet.hr\/hsd\/wp-content\/uploads\/sites\/598\/2020\/01\/rudi-supek_ZA_WEB.jpg 462w\" sizes=\"auto, (max-width: 300px) 100vw, 300px\" \/>Rudi Supek (1913-1993) je bio hrvatski sociolog, filozof i psiholog. Psihologiju i filozofiju je diplomirao na Filozofskom fakultetu u Zagrebu, a doktorat znanosti je stekao na presti\u017enom pari\u0161kom sveu\u010dili\u0161tu Sorbonne. Tijekom Drugog svjetskog rada bio je aktivan \u010dlan francuskoga pokreta otpora te je \u010dak bio zatvoren u koncentracijskom logoru Buchenwald kod Weimera (jedini logor kojeg su oslobodili sami logora\u0161i). Kao \u010dlan francuskog pokreta otpora posije rata bio je nositelj legije \u010dasti i pukovnik francuskoga pokreta otpora. Kao profesor na Filozofskom fakultetu u Zagrebu bio je najzaslu\u017eniji za osnivanje Odsjeka za sociologiju 1963 godine. Isto tako napisao je prvi sociologijski ud\u017ebenik za gimnazije (<em>Sociologija<\/em>, 1963.). Bio je jedan od suosniva\u010da \u010dasopisa \u201ePraxis\u201c te poznate Kor\u010dulanske ljetne \u0161kole. Objavio je cijeli niz djela poput: <em>Psihologija gra\u0111anske lirike<\/em> (1952), <em>Umjetnost i psihologija<\/em> (1958), <em>Ispitivanje javnog mnijenja<\/em> (1961., \u00b31981), <em>Herbert Spencer i biologizam u sociologiji<\/em> (1965), <em>Sociologija i socijalizam<\/em> (1966), <em>Humanisti\u010dka inteligencija i politika<\/em> (1971), <em>Dru\u0161tvene predrasude<\/em> (1973), <em>Ova jedina zemlja<\/em> (1973), <em>Ma\u0161ta<\/em> (1979), <em>Psihologija i antropologija<\/em> (1981), <em>Zanat sociologa<\/em> (1981), <em>Grad po mjeri \u010dovjeka<\/em> (1987) i dr. Zna\u010daj intelektualnog doprinosa Rudija Supeka prepoznali su i svjetski intelektualci poput J\u00fcrgena Habermasa, Ericha Fromma ili pak Zbigniewa Brezezinskog s kojima je sura\u0111ivao. Rudi Supek je zasigurno najzna\u010dajniji sociolog na ovim prostorima koji je svojim radom zadu\u017eio sociologiju kao znanstvenu disciplinu, ali i kao struku. Upravo stoga je 2004. godine Hrvatsko sociolo\u0161ko dru\u0161tvo ustanovilo <a href=\"http:\/\/hsd.hr\/wp-content\/uploads\/sites\/598\/2017\/01\/PravilnikododjeliPriznanjaRudiSupekHSD-a.pdf\" rel=\"noopener\" target=\"_blank\">Priznanje Rudi Supek<\/a> koje se dodjeljuje pojedincima i skupinama za iznimno zna\u010dajna postignu\u0107a, uspjehe i zasluge u: pro\u0161irivanju znanstvenih spoznaja na polju sociologije; znanstvenoistra\u017eiva\u010dkoj i nastavnoj djelatnosti; primjeni rezultata znanstvenoistra\u017eiva\u010dkog rada; popularizaciji i promicanju sociologije i njenog ugleda u dru\u0161tvu i znanstvenoj zajednici; organizaciji, radu i djelatnostima dru\u0161tva.<\/p>\n","protected":false},"excerpt":{"rendered":"<p>Rudi Supek (1913-1993) je bio hrvatski sociolog, filozof i psiholog. Psihologiju i filozofiju je diplomirao na Filozofskom fakultetu u Zagrebu, a doktorat znanosti je stekao na presti\u017enom pari\u0161kom sveu\u010dili\u0161tu Sorbonne. Tijekom Drugog svjetskog rada bio je aktivan \u010dlan francuskoga pokreta otpora te je \u010dak bio zatvoren u koncentracijskom logoru Buchenwald kod Weimera (jedini logor kojeg &hellip; <a href=\"https:\/\/pubweb.carnet.hr\/hsd\/hr\/o-priznanju-rudi-supek\/\" class=\"more-link\">Nastavi \u010ditati <span class=\"screen-reader-text\">O priznanju Rudi Supek<\/span><\/a><\/p>\n","protected":false},"author":736,"featured_media":0,"parent":0,"menu_order":0,"comment_status":"closed","ping_status":"closed","template":"","meta":{"footnotes":""},"class_list":["post-1839","page","type-page","status-publish","hentry"],"_links":{"self":[{"href":"https:\/\/pubweb.carnet.hr\/hsd\/wp-json\/wp\/v2\/pages\/1839","targetHints":{"allow":["GET"]}}],"collection":[{"href":"https:\/\/pubweb.carnet.hr\/hsd\/wp-json\/wp\/v2\/pages"}],"about":[{"href":"https:\/\/pubweb.carnet.hr\/hsd\/wp-json\/wp\/v2\/types\/page"}],"author":[{"embeddable":true,"href":"https:\/\/pubweb.carnet.hr\/hsd\/wp-json\/wp\/v2\/users\/736"}],"replies":[{"embeddable":true,"href":"https:\/\/pubweb.carnet.hr\/hsd\/wp-json\/wp\/v2\/comments?post=1839"}],"version-history":[{"count":2,"href":"https:\/\/pubweb.carnet.hr\/hsd\/wp-json\/wp\/v2\/pages\/1839\/revisions"}],"predecessor-version":[{"id":1841,"href":"https:\/\/pubweb.carnet.hr\/hsd\/wp-json\/wp\/v2\/pages\/1839\/revisions\/1841"}],"wp:attachment":[{"href":"https:\/\/pubweb.carnet.hr\/hsd\/wp-json\/wp\/v2\/media?parent=1839"}],"curies":[{"name":"wp","href":"https:\/\/api.w.org\/{rel}","templated":true}]}}