{"id":183,"date":"2017-02-09T12:02:16","date_gmt":"2017-02-09T11:02:16","guid":{"rendered":"https:\/\/pubweb.carnet.hr\/hsd\/?page_id=183"},"modified":"2022-10-04T14:35:55","modified_gmt":"2022-10-04T12:35:55","slug":"newsletterpub","status":"publish","type":"page","link":"https:\/\/pubweb.carnet.hr\/hsd\/en\/newsletterpub\/","title":{"rendered":"Newsletter o me\u0111unarodnim akademskim publikacijama \u010dlanova\/ica HSD-a"},"content":{"rendered":"<p>Newsletter o me\u0111unarodnim akademskim publikacijama \u010dlanova\/ica HSD-a polugodi\u0161nja je publikacija koja sadr\u017ei informacije o radovima koje su u odre\u0111enom \u0161estomjese\u010dnom razdoblju \u010dlanovi\/ce HSD-a objavili u me\u0111unarodnim \u010dasopisima te u zbornicima i knjigama izdanim od strane me\u0111unarodnih izdava\u010da.<\/p>\n<p>Temeljna intencija Newslettera jest informiranje cjelokupnog \u010dlanstva na\u0161eg Dru\u0161tva o znanstveno-istra\u017eiva\u010dkim i izdava\u010dkim aktivnostima na\u0161ih \u010dlanova\/ica na internacionalnoj razini \u010dime se ujedno nastoji osigurati lak\u0161a dostupnost i mogu\u0107nost kori\u0161tenja nazna\u010denih radova.<\/p>\n<ol>\n<li><a href=\"http:\/\/pubweb.carnet.hr\/hsd\/wp-content\/uploads\/sites\/598\/2017\/02\/HSD_Newsletter_Medjunarodne_publikacije_2011-1.pdf\" target=\"_blank\" rel=\"noopener\">Sije\u010danj 2011. &#8211; rujan 2011.<\/a><\/li>\n<li><a href=\"http:\/\/pubweb.carnet.hr\/hsd\/wp-content\/uploads\/sites\/598\/2017\/02\/HSD_Newsletter_Medjunarodne_publikacije_2012-2.pdf\" target=\"_blank\" rel=\"noopener\">Listopad 2011. &#8211; travanj 2012.<\/a><\/li>\n<li><a href=\"http:\/\/pubweb.carnet.hr\/hsd\/wp-content\/uploads\/sites\/598\/2017\/02\/HSD_Newsletter_Medjunarodne_publikacije_2012-3.pdf\" target=\"_blank\" rel=\"noopener\">Travanj 2012. &#8211; listopad 2012.<\/a><\/li>\n<li><a href=\"http:\/\/pubweb.carnet.hr\/hsd\/wp-content\/uploads\/sites\/598\/2017\/02\/HSD_Newsletter_Medjunarodne_publikacije_2013-4.pdf\" target=\"_blank\" rel=\"noopener\">Listopad 2012. &#8211; travanj 2013.<\/a><\/li>\n<li><a href=\"http:\/\/pubweb.carnet.hr\/hsd\/wp-content\/uploads\/sites\/598\/2017\/02\/HSD_Newsletter_Medjunarodne_publikacije_2013-5.pdf\" target=\"_blank\" rel=\"noopener\">Travanj 2013. &#8211; listopad 2013.<\/a><\/li>\n<li><a href=\"http:\/\/pubweb.carnet.hr\/hsd\/wp-content\/uploads\/sites\/598\/2017\/02\/HSD_Newsletter_Medjunarodne_publikacije_2014-6.pdf\" target=\"_blank\" rel=\"noopener\">Listopad 2013. &#8211; travanj 2014.<\/a><\/li>\n<li><a href=\"http:\/\/pubweb.carnet.hr\/hsd\/wp-content\/uploads\/sites\/598\/2017\/02\/HSD_Newsletter_Medjunarodne_publikacije_2014-7.pdf\" target=\"_blank\" rel=\"noopener\">Travanj 2014. &#8211; listopad 2014.<\/a><\/li>\n<li><a href=\"http:\/\/pubweb.carnet.hr\/hsd\/wp-content\/uploads\/sites\/598\/2017\/02\/HSD_Newsletter_Medjunarodne_publikacije_2015-8.pdf\" target=\"_blank\" rel=\"noopener\">Listopad 2014. &#8211; travanj 2015.<\/a><\/li>\n<li><a href=\"http:\/\/pubweb.carnet.hr\/hsd\/wp-content\/uploads\/sites\/598\/2017\/02\/HSD_Newsletter_Medjunarodne_publikacije_2015-9.pdf\" target=\"_blank\" rel=\"noopener\">Travanj 2015. &#8211; listopad 2015.<\/a><\/li>\n<li><a href=\"http:\/\/pubweb.carnet.hr\/hsd\/wp-content\/uploads\/sites\/598\/2017\/02\/HSD_Newsletter_Medjunarodne_publikacije_2016-10.pdf\" target=\"_blank\" rel=\"noopener\">Listopad 2015. &#8211; travanj 2016.<\/a><\/li>\n<li><a href=\"http:\/\/pubweb.carnet.hr\/hsd\/wp-content\/uploads\/sites\/598\/2017\/02\/HSD_Newsletter_Medjunarodne_publikacije_2016-11.pdf\" target=\"_blank\" rel=\"noopener\">Travanj 2016. &#8211; listopad 2016.<\/a><\/li>\n<li><a href=\"https:\/\/drive.google.com\/file\/d\/0B-MTtUYngmYzcENSUGRwQTlFb0FGUDhsek92UWFyWUdVTC1r\/view?usp=sharing\">Listopad 2016. &#8211; travanj 2017.<\/a><\/li>\n<li><a href=\"https:\/\/drive.google.com\/file\/d\/0B-MTtUYngmYzQmVSQlJOeXZBRUVyTGJpUVRNMnlWZGxld1RV\/view?usp=sharing\">Travanj 2017. &#8211; listopad 2017.<\/a><\/li>\n<li><a href=\"https:\/\/drive.google.com\/open?id=1su1E5UUJXFYN0hGj4IoPL1hrlygPVu04\">Listopad 2017. &#8211; Travanj 2018.<\/a><\/li>\n<li><a href=\"https:\/\/drive.google.com\/open?id=0B-MTtUYngmYzRldJSl9TQWFzM19WcnNRbWxZQlhWdWxhNXJ3\">Travanj 2018. &#8211; listopad 2018.<\/a><\/li>\n<li><a href=\"http:\/\/pubweb.carnet.hr\/hsd\/wp-content\/uploads\/sites\/598\/2019\/07\/HSD-Newsletter-Medjunarodne-publikacije-2019-16.pdf\">Listopad 2018. &#8211; lipanj 2019.<\/a><\/li>\n<li><a href=\"https:\/\/pubweb.carnet.hr\/hsd\/hr\/hsd-newsletter-medjunarodne-publikacije-2020-17-2\/\">Srpanj 2019. &#8211; prosinac 2019.<\/a><\/li>\n<li><a href=\"http:\/\/pubweb.carnet.hr\/hsd\/wp-content\/uploads\/sites\/598\/2020\/11\/HSD-Newsletter-Medjunarodne-publikacije-2020-18.pdf\">Sije\u010danj 2020. &#8211; lipanj 2020.<\/a><\/li>\n<li><a href=\"http:\/\/pubweb.carnet.hr\/hsd\/wp-content\/uploads\/sites\/598\/2021\/01\/HSD-Newsletter-Medjunarodne-publikacije-2020-19-1.pdf\">Srpanj 2020. &#8211; prosinac 2020.<\/a><\/li>\n<li><a href=\"http:\/\/pubweb.carnet.hr\/hsd\/wp-content\/uploads\/sites\/598\/2021\/08\/HSD-Newsletter-Medjunarodne-publikacije-2021-20.pdf\">Sije\u010danj 2021. &#8211; lipanj 2021.<\/a><\/li>\n<li>\u00a0<a href=\"http:\/\/pubweb.carnet.hr\/hsd\/wp-content\/uploads\/sites\/598\/2022\/10\/HSD-Newsletter-Medjunarodne-publikacije-2021-21.pdf\">Srpanj 2022. &#8211; prosinac 2022.<\/a><\/li>\n<li>\u00a0<a href=\"http:\/\/pubweb.carnet.hr\/hsd\/wp-content\/uploads\/sites\/598\/2022\/10\/HSD-Newsletter-Medjunarodne-publikacije-2022-22.pdf\">Sije\u010danj 2022. &#8211; lipanj 2022.<\/a><\/li>\n<\/ol>\n<div id=\"simple-translate\" class=\"simple-translate-system-theme\">\n<div>\n<div class=\"simple-translate-button isShow\"><\/div>\n<div class=\"simple-translate-panel \" style=\"width: 300px;height: 200px;font-size: 13px\">\n<div class=\"simple-translate-result-wrapper\" style=\"overflow: hidden\">\n<div class=\"simple-translate-move\"><\/div>\n<div class=\"simple-translate-result-contents\">\n<p class=\"simple-translate-result\" dir=\"auto\">\n<p class=\"simple-translate-candidate\" dir=\"auto\">\n<\/div>\n<\/div>\n<\/div>\n<\/div>\n<\/div>\n","protected":false},"excerpt":{"rendered":"<p>Newsletter o me\u0111unarodnim akademskim publikacijama \u010dlanova\/ica HSD-a polugodi\u0161nja je publikacija koja sadr\u017ei informacije o radovima koje su u odre\u0111enom \u0161estomjese\u010dnom razdoblju \u010dlanovi\/ce HSD-a objavili u me\u0111unarodnim \u010dasopisima te u zbornicima i knjigama izdanim od strane me\u0111unarodnih izdava\u010da. Temeljna intencija Newslettera jest informiranje cjelokupnog \u010dlanstva na\u0161eg Dru\u0161tva o znanstveno-istra\u017eiva\u010dkim i izdava\u010dkim aktivnostima na\u0161ih \u010dlanova\/ica na internacionalnoj &hellip; <a href=\"https:\/\/pubweb.carnet.hr\/hsd\/en\/newsletterpub\/\" class=\"more-link\">Nastavi \u010ditati <span class=\"screen-reader-text\">Newsletter o me\u0111unarodnim akademskim publikacijama \u010dlanova\/ica HSD-a<\/span><\/a><\/p>\n","protected":false},"author":736,"featured_media":0,"parent":0,"menu_order":0,"comment_status":"closed","ping_status":"closed","template":"","meta":{"footnotes":""},"class_list":["post-183","page","type-page","status-publish","hentry"],"_links":{"self":[{"href":"https:\/\/pubweb.carnet.hr\/hsd\/wp-json\/wp\/v2\/pages\/183","targetHints":{"allow":["GET"]}}],"collection":[{"href":"https:\/\/pubweb.carnet.hr\/hsd\/wp-json\/wp\/v2\/pages"}],"about":[{"href":"https:\/\/pubweb.carnet.hr\/hsd\/wp-json\/wp\/v2\/types\/page"}],"author":[{"embeddable":true,"href":"https:\/\/pubweb.carnet.hr\/hsd\/wp-json\/wp\/v2\/users\/736"}],"replies":[{"embeddable":true,"href":"https:\/\/pubweb.carnet.hr\/hsd\/wp-json\/wp\/v2\/comments?post=183"}],"version-history":[{"count":2,"href":"https:\/\/pubweb.carnet.hr\/hsd\/wp-json\/wp\/v2\/pages\/183\/revisions"}],"predecessor-version":[{"id":2806,"href":"https:\/\/pubweb.carnet.hr\/hsd\/wp-json\/wp\/v2\/pages\/183\/revisions\/2806"}],"wp:attachment":[{"href":"https:\/\/pubweb.carnet.hr\/hsd\/wp-json\/wp\/v2\/media?parent=183"}],"curies":[{"name":"wp","href":"https:\/\/api.w.org\/{rel}","templated":true}]}}