{"id":1653,"date":"2019-05-16T10:23:14","date_gmt":"2019-05-16T08:23:14","guid":{"rendered":"https:\/\/pubweb.carnet.hr\/hsd\/?page_id=1653"},"modified":"2019-05-16T10:23:14","modified_gmt":"2019-05-16T08:23:14","slug":"the-court-of-honor","status":"publish","type":"page","link":"https:\/\/pubweb.carnet.hr\/hsd\/en\/about-csa\/the-court-of-honor\/","title":{"rendered":"The Court of Honor"},"content":{"rendered":"<p><strong>President<\/strong><br \/>\nSven Marceli\u0107, Ph. D.<\/p>\n<p><strong>Member<\/strong><br \/>\nJosip Kumpes, Ph. D.<\/p>\n<p><strong>Member<\/strong><br \/>\nProf. Gordana Cerjan Letica, Ph. D.<\/p>\n<p><strong>Deputy member<\/strong><br \/>\nProf. Silva Me\u017enari\u0107, Ph. D.<\/p>\n","protected":false},"excerpt":{"rendered":"<p>President Sven Marceli\u0107, Ph. D. Member Josip Kumpes, Ph. D. Member Prof. Gordana Cerjan Letica, Ph. D. Deputy member Prof. Silva Me\u017enari\u0107, Ph. D.<\/p>\n","protected":false},"author":736,"featured_media":0,"parent":44,"menu_order":0,"comment_status":"closed","ping_status":"closed","template":"","meta":{"footnotes":""},"class_list":["post-1653","page","type-page","status-publish","hentry"],"_links":{"self":[{"href":"https:\/\/pubweb.carnet.hr\/hsd\/wp-json\/wp\/v2\/pages\/1653","targetHints":{"allow":["GET"]}}],"collection":[{"href":"https:\/\/pubweb.carnet.hr\/hsd\/wp-json\/wp\/v2\/pages"}],"about":[{"href":"https:\/\/pubweb.carnet.hr\/hsd\/wp-json\/wp\/v2\/types\/page"}],"author":[{"embeddable":true,"href":"https:\/\/pubweb.carnet.hr\/hsd\/wp-json\/wp\/v2\/users\/736"}],"replies":[{"embeddable":true,"href":"https:\/\/pubweb.carnet.hr\/hsd\/wp-json\/wp\/v2\/comments?post=1653"}],"version-history":[{"count":2,"href":"https:\/\/pubweb.carnet.hr\/hsd\/wp-json\/wp\/v2\/pages\/1653\/revisions"}],"predecessor-version":[{"id":1655,"href":"https:\/\/pubweb.carnet.hr\/hsd\/wp-json\/wp\/v2\/pages\/1653\/revisions\/1655"}],"up":[{"embeddable":true,"href":"https:\/\/pubweb.carnet.hr\/hsd\/wp-json\/wp\/v2\/pages\/44"}],"wp:attachment":[{"href":"https:\/\/pubweb.carnet.hr\/hsd\/wp-json\/wp\/v2\/media?parent=1653"}],"curies":[{"name":"wp","href":"https:\/\/api.w.org\/{rel}","templated":true}]}}