{"id":1650,"date":"2019-05-16T10:20:03","date_gmt":"2019-05-16T08:20:03","guid":{"rendered":"https:\/\/pubweb.carnet.hr\/hsd\/?page_id=1650"},"modified":"2019-05-16T10:20:03","modified_gmt":"2019-05-16T08:20:03","slug":"sud-casti","status":"publish","type":"page","link":"https:\/\/pubweb.carnet.hr\/hsd\/hr\/o-hsd-u\/sud-casti\/","title":{"rendered":"Sud \u010dasti"},"content":{"rendered":"<p><strong>Predsjednik<\/strong><br \/>\ndoc. dr. sc. Sven Marceli\u0107<\/p>\n<p><strong>\u010clan<\/strong><br \/>\ndr. sc. Josip Kumpes<\/p>\n<p><strong>\u010clanica<\/strong><br \/>\nprof. dr. sc. Gordana Cerjan Letica<\/p>\n<p><strong>Zamjenska \u010dlanica<\/strong><br \/>\nprof. dr. sc. Silva Me\u017enari\u0107<\/p>\n","protected":false},"excerpt":{"rendered":"<p>Predsjednik doc. dr. sc. Sven Marceli\u0107 \u010clan dr. sc. Josip Kumpes \u010clanica prof. dr. sc. Gordana Cerjan Letica Zamjenska \u010dlanica prof. dr. sc. Silva Me\u017enari\u0107<\/p>\n","protected":false},"author":736,"featured_media":0,"parent":42,"menu_order":0,"comment_status":"closed","ping_status":"closed","template":"","meta":{"footnotes":""},"class_list":["post-1650","page","type-page","status-publish","hentry"],"_links":{"self":[{"href":"https:\/\/pubweb.carnet.hr\/hsd\/wp-json\/wp\/v2\/pages\/1650","targetHints":{"allow":["GET"]}}],"collection":[{"href":"https:\/\/pubweb.carnet.hr\/hsd\/wp-json\/wp\/v2\/pages"}],"about":[{"href":"https:\/\/pubweb.carnet.hr\/hsd\/wp-json\/wp\/v2\/types\/page"}],"author":[{"embeddable":true,"href":"https:\/\/pubweb.carnet.hr\/hsd\/wp-json\/wp\/v2\/users\/736"}],"replies":[{"embeddable":true,"href":"https:\/\/pubweb.carnet.hr\/hsd\/wp-json\/wp\/v2\/comments?post=1650"}],"version-history":[{"count":2,"href":"https:\/\/pubweb.carnet.hr\/hsd\/wp-json\/wp\/v2\/pages\/1650\/revisions"}],"predecessor-version":[{"id":1652,"href":"https:\/\/pubweb.carnet.hr\/hsd\/wp-json\/wp\/v2\/pages\/1650\/revisions\/1652"}],"up":[{"embeddable":true,"href":"https:\/\/pubweb.carnet.hr\/hsd\/wp-json\/wp\/v2\/pages\/42"}],"wp:attachment":[{"href":"https:\/\/pubweb.carnet.hr\/hsd\/wp-json\/wp\/v2\/media?parent=1650"}],"curies":[{"name":"wp","href":"https:\/\/api.w.org\/{rel}","templated":true}]}}