{"id":157,"date":"2017-02-08T13:34:08","date_gmt":"2017-02-08T12:34:08","guid":{"rendered":"https:\/\/pubweb.carnet.hr\/hsd\/?page_id=157"},"modified":"2017-02-08T13:34:08","modified_gmt":"2017-02-08T12:34:08","slug":"sociologija-na-znanstvenim-institutima","status":"publish","type":"page","link":"https:\/\/pubweb.carnet.hr\/hsd\/hr\/sociologija-na-znanstvenim-institutima\/","title":{"rendered":"Sociologija na znanstvenim institutima"},"content":{"rendered":"<ul>\n<li><a href=\"http:\/\/www.pilar.hr\/\" target=\"_blank\">Institut dru\u0161tvenih znanosti Ivo Pilar<\/a><\/li>\n<li><a href=\"http:\/\/www.idi.hr\/\" target=\"_blank\">Institut za dru\u0161tvena istra\u017eivanja u Zagrebu<\/a><\/li>\n<li><a href=\"http:\/\/www.irmo.hr\/hr\/\" target=\"_blank\">Institut za razvoj i me\u0111unarodne odnose<\/a><\/li>\n<li><a href=\"http:\/\/www.imin.hr\/\" target=\"_blank\">Institut za migracije i narodnosti<\/a><\/li>\n<\/ul>\n","protected":false},"excerpt":{"rendered":"<p>Institut dru\u0161tvenih znanosti Ivo Pilar Institut za dru\u0161tvena istra\u017eivanja u Zagrebu Institut za razvoj i me\u0111unarodne odnose Institut za migracije i narodnosti<\/p>\n","protected":false},"author":736,"featured_media":0,"parent":0,"menu_order":0,"comment_status":"closed","ping_status":"closed","template":"","meta":{"footnotes":""},"class_list":["post-157","page","type-page","status-publish","hentry"],"_links":{"self":[{"href":"https:\/\/pubweb.carnet.hr\/hsd\/wp-json\/wp\/v2\/pages\/157","targetHints":{"allow":["GET"]}}],"collection":[{"href":"https:\/\/pubweb.carnet.hr\/hsd\/wp-json\/wp\/v2\/pages"}],"about":[{"href":"https:\/\/pubweb.carnet.hr\/hsd\/wp-json\/wp\/v2\/types\/page"}],"author":[{"embeddable":true,"href":"https:\/\/pubweb.carnet.hr\/hsd\/wp-json\/wp\/v2\/users\/736"}],"replies":[{"embeddable":true,"href":"https:\/\/pubweb.carnet.hr\/hsd\/wp-json\/wp\/v2\/comments?post=157"}],"version-history":[{"count":2,"href":"https:\/\/pubweb.carnet.hr\/hsd\/wp-json\/wp\/v2\/pages\/157\/revisions"}],"predecessor-version":[{"id":1926,"href":"https:\/\/pubweb.carnet.hr\/hsd\/wp-json\/wp\/v2\/pages\/157\/revisions\/1926"}],"wp:attachment":[{"href":"https:\/\/pubweb.carnet.hr\/hsd\/wp-json\/wp\/v2\/media?parent=157"}],"curies":[{"name":"wp","href":"https:\/\/api.w.org\/{rel}","templated":true}]}}