{"id":153,"date":"2017-02-08T13:29:00","date_gmt":"2017-02-08T12:29:00","guid":{"rendered":"https:\/\/pubweb.carnet.hr\/hsd\/?page_id=153"},"modified":"2019-05-08T15:25:41","modified_gmt":"2019-05-08T13:25:41","slug":"links","status":"publish","type":"page","link":"https:\/\/pubweb.carnet.hr\/hsd\/en\/links\/","title":{"rendered":"Links"},"content":{"rendered":"<p><strong>Sociological Journals<\/strong><\/p>\n<ul>\n<li><a href=\"http:\/\/hrcak.srce.hr\/drustvena-istrazivanja\" target=\"_blank\" rel=\"noopener\">Dru\u0161tvena istra\u017eivanja<\/a><\/li>\n<li><a href=\"http:\/\/www.polemos-hr.com\/hr\/naslovna\" target=\"_blank\" rel=\"noopener\">Polemos<\/a><\/li>\n<li><a href=\"http:\/\/www.rsp.hr\/ojs2\/index.php\/rsp\" target=\"_blank\" rel=\"noopener\">Revija za socijalnu politiku<\/a><\/li>\n<li><a href=\"https:\/\/hrcak.srce.hr\/ojs\/index.php\/rzs\/index\" target=\"_blank\" rel=\"noopener\">Revija za sociologiju<\/a><\/li>\n<li><a href=\"http:\/\/hrcak.srce.hr\/socijalna-ekologija\" target=\"_blank\" rel=\"noopener\">Socijalna ekologija<\/a><\/li>\n<li><a href=\"http:\/\/hrcak.srce.hr\/sociologija-i-prostor\" target=\"_blank\" rel=\"noopener\">Sociologija i prostor<\/a><\/li>\n<li><a href=\"http:\/\/www.jesenski-turk.hr\/?active=biblioteka&amp;biblioteka=1\" target=\"_blank\" rel=\"noopener\">Sociolo\u0161ka biblioteka<\/a><\/li>\n<\/ul>\n<p><strong>Other Sociological Societies<\/strong><\/p>\n<ul>\n<li><a href=\"http:\/\/www.asanet.org\/\" target=\"_blank\" rel=\"noopener\">American Sociological Association<\/a><\/li>\n<li><a href=\"https:\/\/www.britsoc.co.uk\/\" target=\"_blank\" rel=\"noopener\">British Sociological Association<\/a><\/li>\n<li><a href=\"http:\/\/www.europeansociology.org\/\" target=\"_blank\" rel=\"noopener\">European Sociological Association<\/a><\/li>\n<li><a href=\"http:\/\/www.isa-sociology.org\/en\/\" target=\"_blank\" rel=\"noopener\">International Sociological Association<\/a><\/li>\n<\/ul>\n<div id=\"simple-translate\">\n<div>\n<div class=\"simple-translate-button \"><\/div>\n<div class=\"simple-translate-panel \" style=\"width: 300px;height: 200px;font-size: 13px;background-color: #ffffff\">\n<div class=\"simple-translate-result-wrapper\" style=\"overflow: hidden\">\n<p class=\"simple-translate-result\" style=\"color: #000000\">\n<p class=\"simple-translate-candidate\" style=\"color: #737373\">\n<\/div>\n<\/div>\n<\/div>\n<\/div>\n","protected":false},"excerpt":{"rendered":"<p>Sociological Journals Dru\u0161tvena istra\u017eivanja Polemos Revija za socijalnu politiku Revija za sociologiju Socijalna ekologija Sociologija i prostor Sociolo\u0161ka biblioteka Other Sociological Societies American Sociological Association British Sociological Association European Sociological Association International Sociological Association<\/p>\n","protected":false},"author":736,"featured_media":0,"parent":0,"menu_order":0,"comment_status":"closed","ping_status":"closed","template":"","meta":{"footnotes":""},"class_list":["post-153","page","type-page","status-publish","hentry"],"_links":{"self":[{"href":"https:\/\/pubweb.carnet.hr\/hsd\/wp-json\/wp\/v2\/pages\/153","targetHints":{"allow":["GET"]}}],"collection":[{"href":"https:\/\/pubweb.carnet.hr\/hsd\/wp-json\/wp\/v2\/pages"}],"about":[{"href":"https:\/\/pubweb.carnet.hr\/hsd\/wp-json\/wp\/v2\/types\/page"}],"author":[{"embeddable":true,"href":"https:\/\/pubweb.carnet.hr\/hsd\/wp-json\/wp\/v2\/users\/736"}],"replies":[{"embeddable":true,"href":"https:\/\/pubweb.carnet.hr\/hsd\/wp-json\/wp\/v2\/comments?post=153"}],"version-history":[{"count":2,"href":"https:\/\/pubweb.carnet.hr\/hsd\/wp-json\/wp\/v2\/pages\/153\/revisions"}],"predecessor-version":[{"id":1640,"href":"https:\/\/pubweb.carnet.hr\/hsd\/wp-json\/wp\/v2\/pages\/153\/revisions\/1640"}],"wp:attachment":[{"href":"https:\/\/pubweb.carnet.hr\/hsd\/wp-json\/wp\/v2\/media?parent=153"}],"curies":[{"name":"wp","href":"https:\/\/api.w.org\/{rel}","templated":true}]}}