{"id":1521,"date":"2019-02-06T14:47:33","date_gmt":"2019-02-06T13:47:33","guid":{"rendered":"https:\/\/pubweb.carnet.hr\/hsd\/?page_id=1521"},"modified":"2019-04-03T17:21:24","modified_gmt":"2019-04-03T15:21:24","slug":"knjiga-sazetaka","status":"publish","type":"page","link":"https:\/\/pubweb.carnet.hr\/hsd\/hr\/kongres-2019-godine\/knjiga-sazetaka\/","title":{"rendered":"Knjiga sa\u017eetaka"},"content":{"rendered":"<p>Knjiga sa\u017eetaka kongresa je dostupna na sljede\u0107oj <a href=\"http:\/\/pubweb.carnet.hr\/hsd\/wp-content\/uploads\/sites\/598\/2019\/04\/Socijalna_kohezija_2019.pdf\" target=\"_blank\">poveznici<\/a>.<\/p>\n","protected":false},"excerpt":{"rendered":"<p>Knjiga sa\u017eetaka kongresa je dostupna na sljede\u0107oj poveznici.<\/p>\n","protected":false},"author":736,"featured_media":0,"parent":1505,"menu_order":0,"comment_status":"closed","ping_status":"closed","template":"","meta":{"footnotes":""},"class_list":["post-1521","page","type-page","status-publish","hentry"],"_links":{"self":[{"href":"https:\/\/pubweb.carnet.hr\/hsd\/wp-json\/wp\/v2\/pages\/1521","targetHints":{"allow":["GET"]}}],"collection":[{"href":"https:\/\/pubweb.carnet.hr\/hsd\/wp-json\/wp\/v2\/pages"}],"about":[{"href":"https:\/\/pubweb.carnet.hr\/hsd\/wp-json\/wp\/v2\/types\/page"}],"author":[{"embeddable":true,"href":"https:\/\/pubweb.carnet.hr\/hsd\/wp-json\/wp\/v2\/users\/736"}],"replies":[{"embeddable":true,"href":"https:\/\/pubweb.carnet.hr\/hsd\/wp-json\/wp\/v2\/comments?post=1521"}],"version-history":[{"count":2,"href":"https:\/\/pubweb.carnet.hr\/hsd\/wp-json\/wp\/v2\/pages\/1521\/revisions"}],"predecessor-version":[{"id":1589,"href":"https:\/\/pubweb.carnet.hr\/hsd\/wp-json\/wp\/v2\/pages\/1521\/revisions\/1589"}],"up":[{"embeddable":true,"href":"https:\/\/pubweb.carnet.hr\/hsd\/wp-json\/wp\/v2\/pages\/1505"}],"wp:attachment":[{"href":"https:\/\/pubweb.carnet.hr\/hsd\/wp-json\/wp\/v2\/media?parent=1521"}],"curies":[{"name":"wp","href":"https:\/\/api.w.org\/{rel}","templated":true}]}}