{"id":1515,"date":"2019-02-06T14:45:27","date_gmt":"2019-02-06T13:45:27","guid":{"rendered":"https:\/\/pubweb.carnet.hr\/hsd\/?page_id=1515"},"modified":"2019-03-01T10:20:47","modified_gmt":"2019-03-01T09:20:47","slug":"prijava-za-sudjelovanje","status":"publish","type":"page","link":"https:\/\/pubweb.carnet.hr\/hsd\/hr\/kongres-2019-godine\/prijava-za-sudjelovanje\/","title":{"rendered":"Prijava za sudjelovanje"},"content":{"rendered":"<p>Pozivamo \u010dlanove\/ice Hrvatskoga sociolo\u0161kog dru\u0161tva i sve druge zainteresirane da po\u0161alju <a href=\"https:\/\/drive.google.com\/file\/d\/1wN4JsHya4mS2S1NG2Xm7K5BpdbzU_ZX2\/view?usp=sharing\" target=\"_blank\" rel=\"noopener\">prijedloge svojih konferencijskih priop\u0107enja<\/a>. Sa\u017eetak bi uz naslov trebao sadr\u017eavati izme\u0111u (minimalno) 250 i (maksimalno) 300 rije\u010di te ime, adresu, naziv ustanove zaposlenja i e-mail adresu autora. Rok za slanje sa\u017eetaka putem elektroni\u010dke po\u0161te na adresu tajni\u0161tva HSD-a <a href=\"mailto:info@hsd.hr\">info@hsd.hr<\/a> je 8. o\u017eujka 2019. godine.<\/p>\n<p>U sa\u017eetku treba navesti op\u0107i prikaz teme, glavne teorijske smjernice, metodolo\u0161ki pristup, glavne rezultate i zaklju\u010dak, a tako\u0111er mu valja pridru\u017eiti do sedam klju\u010dnih rije\u010di. Sa\u017eetke prijedloga konferencijskih priop\u0107enja recenzirat \u0107e \u010dlanovi\/ice programskog odbora, a povratna informacija o ishodu recenzentskog postupka bit \u0107e proslije\u0111ena autorima\/icama do 15. o\u017eujka 2019. godine. Autori\/ce prihva\u0107enih izlaganja du\u017eni su uplatiti kotizaciju do 25. o\u017eujka 2019. godine kako bi im sa\u017eetak bio uvr\u0161ten u program kongresa.<\/p>\n<p><a href=\"https:\/\/drive.google.com\/file\/d\/10cPny3RTdFSXkE9rDUaHwwY0b4Is36jM\/view?usp=sharing\" target=\"_blank\" rel=\"noopener\">Tekst poziva za slanje sa\u017eetaka<\/a><\/p>\n<p><a href=\"https:\/\/drive.google.com\/file\/d\/1wN4JsHya4mS2S1NG2Xm7K5BpdbzU_ZX2\/view?usp=sharing\" target=\"_blank\" rel=\"noopener\">Predlo\u017eak za pisanje sa\u017eetka<\/a><\/p>\n","protected":false},"excerpt":{"rendered":"<p>Pozivamo \u010dlanove\/ice Hrvatskoga sociolo\u0161kog dru\u0161tva i sve druge zainteresirane da po\u0161alju prijedloge svojih konferencijskih priop\u0107enja. Sa\u017eetak bi uz naslov trebao sadr\u017eavati izme\u0111u (minimalno) 250 i (maksimalno) 300 rije\u010di te ime, adresu, naziv ustanove zaposlenja i e-mail adresu autora. Rok za slanje sa\u017eetaka putem elektroni\u010dke po\u0161te na adresu tajni\u0161tva HSD-a info@hsd.hr je 8. o\u017eujka 2019. godine. &hellip; <a href=\"https:\/\/pubweb.carnet.hr\/hsd\/hr\/kongres-2019-godine\/prijava-za-sudjelovanje\/\" class=\"more-link\">Nastavi \u010ditati <span class=\"screen-reader-text\">Prijava za sudjelovanje<\/span><\/a><\/p>\n","protected":false},"author":736,"featured_media":0,"parent":1505,"menu_order":0,"comment_status":"closed","ping_status":"closed","template":"","meta":{"footnotes":""},"class_list":["post-1515","page","type-page","status-publish","hentry"],"_links":{"self":[{"href":"https:\/\/pubweb.carnet.hr\/hsd\/wp-json\/wp\/v2\/pages\/1515","targetHints":{"allow":["GET"]}}],"collection":[{"href":"https:\/\/pubweb.carnet.hr\/hsd\/wp-json\/wp\/v2\/pages"}],"about":[{"href":"https:\/\/pubweb.carnet.hr\/hsd\/wp-json\/wp\/v2\/types\/page"}],"author":[{"embeddable":true,"href":"https:\/\/pubweb.carnet.hr\/hsd\/wp-json\/wp\/v2\/users\/736"}],"replies":[{"embeddable":true,"href":"https:\/\/pubweb.carnet.hr\/hsd\/wp-json\/wp\/v2\/comments?post=1515"}],"version-history":[{"count":2,"href":"https:\/\/pubweb.carnet.hr\/hsd\/wp-json\/wp\/v2\/pages\/1515\/revisions"}],"predecessor-version":[{"id":1565,"href":"https:\/\/pubweb.carnet.hr\/hsd\/wp-json\/wp\/v2\/pages\/1515\/revisions\/1565"}],"up":[{"embeddable":true,"href":"https:\/\/pubweb.carnet.hr\/hsd\/wp-json\/wp\/v2\/pages\/1505"}],"wp:attachment":[{"href":"https:\/\/pubweb.carnet.hr\/hsd\/wp-json\/wp\/v2\/media?parent=1515"}],"curies":[{"name":"wp","href":"https:\/\/api.w.org\/{rel}","templated":true}]}}