{"id":1512,"date":"2019-02-06T14:43:11","date_gmt":"2019-02-06T13:43:11","guid":{"rendered":"https:\/\/pubweb.carnet.hr\/hsd\/?page_id=1512"},"modified":"2019-02-06T15:12:27","modified_gmt":"2019-02-06T14:12:27","slug":"programski-i-organizacijski-odbor","status":"publish","type":"page","link":"https:\/\/pubweb.carnet.hr\/hsd\/hr\/kongres-2019-godine\/programski-i-organizacijski-odbor\/","title":{"rendered":"Programski i organizacijski odbor"},"content":{"rendered":"<p><u>PROGRAMSKI ODBOR<\/u><\/p>\n<p><strong>Predsjednik<\/strong><\/p>\n<p>Prof. dr. sc. Ivan Buri\u0107, Hrvatski studiji Sveu\u010dili\u0161ta u Zagrebu<\/p>\n<p><strong>\u010clanovi\/ice<\/strong><\/p>\n<p>Doc. dr. sc. Branko An\u010di\u0107, Institut za dru\u0161tvena istra\u017eivanja u Zagrebu<br \/>\nDoc. dr. sc. Valerija Barada, Odjel za sociologiju Sveu\u010dili\u0161ta u Zadru<br \/>\nDr. sc. Pa\u0161ko Bili\u0107, Institut za razvoj i me\u0111unarodne odnose<br \/>\nProf. dr. sc. Sa\u0161a Bo\u017ei\u0107, Odjel za sociologiju Sveu\u010dili\u0161ta u Zadru<br \/>\nDoc. dr. sc. Marija Brajdi\u0107 Vukovi\u0107, Hrvatski studiji Sveu\u010dili\u0161ta u Zagrebu<br \/>\nDr. sc. Simona Kuti, Institut za migracije i narodnosti<br \/>\nDoc. dr. sc. Marija Lon\u010dar, Filozofski fakultet Sveu\u010dili\u0161ta u Splitu<br \/>\nDr. sc. Marko Mustapi\u0107, Institut dru\u0161tvenih znanosti Ivo Pilar<br \/>\nProf. dr. sc. Krunoslav Nikodem, Filozofski fakultet Sveu\u010dili\u0161ta u Zagrebu<br \/>\nDr. sc. Jadranka \u0160varc, Institut dru\u0161tvenih znanosti Ivo Pilar<\/p>\n<p><u>ORGANIZACIJSKI ODBOR<\/u><\/p>\n<p><strong>Predsjednica<\/strong><\/p>\n<p>Prof. dr. sc. Jasminka La\u017enjak, Filozofski fakultet Sveu\u010dili\u0161ta u Zagrebu<\/p>\n<p><strong>\u010clanovi\/ice<\/strong><\/p>\n<p>Dr. sc. Anja Gvozdanovi\u0107, Institut za dru\u0161tvena istra\u017eivanja u Zagrebu<br \/>\nProf. dr. sc. Davorka Mati\u0107, Filozofski fakultet Sveu\u010dili\u0161ta u Zagrebu<br \/>\nDr. sc. Jaka Primorac, Institut za razvoj i me\u0111unarodne odnose<br \/>\nDoc. dr. sc. Jana Vuki\u0107, Filozofski fakultet Sveu\u010dili\u0161ta u Zagrebu<\/p>\n","protected":false},"excerpt":{"rendered":"<p>PROGRAMSKI ODBOR Predsjednik Prof. dr. sc. Ivan Buri\u0107, Hrvatski studiji Sveu\u010dili\u0161ta u Zagrebu \u010clanovi\/ice Doc. dr. sc. Branko An\u010di\u0107, Institut za dru\u0161tvena istra\u017eivanja u Zagrebu Doc. dr. sc. Valerija Barada, Odjel za sociologiju Sveu\u010dili\u0161ta u Zadru Dr. sc. Pa\u0161ko Bili\u0107, Institut za razvoj i me\u0111unarodne odnose Prof. dr. sc. Sa\u0161a Bo\u017ei\u0107, Odjel za sociologiju Sveu\u010dili\u0161ta &hellip; <a href=\"https:\/\/pubweb.carnet.hr\/hsd\/hr\/kongres-2019-godine\/programski-i-organizacijski-odbor\/\" class=\"more-link\">Nastavi \u010ditati <span class=\"screen-reader-text\">Programski i organizacijski odbor<\/span><\/a><\/p>\n","protected":false},"author":736,"featured_media":0,"parent":1505,"menu_order":0,"comment_status":"closed","ping_status":"closed","template":"","meta":{"footnotes":""},"class_list":["post-1512","page","type-page","status-publish","hentry"],"_links":{"self":[{"href":"https:\/\/pubweb.carnet.hr\/hsd\/wp-json\/wp\/v2\/pages\/1512","targetHints":{"allow":["GET"]}}],"collection":[{"href":"https:\/\/pubweb.carnet.hr\/hsd\/wp-json\/wp\/v2\/pages"}],"about":[{"href":"https:\/\/pubweb.carnet.hr\/hsd\/wp-json\/wp\/v2\/types\/page"}],"author":[{"embeddable":true,"href":"https:\/\/pubweb.carnet.hr\/hsd\/wp-json\/wp\/v2\/users\/736"}],"replies":[{"embeddable":true,"href":"https:\/\/pubweb.carnet.hr\/hsd\/wp-json\/wp\/v2\/comments?post=1512"}],"version-history":[{"count":2,"href":"https:\/\/pubweb.carnet.hr\/hsd\/wp-json\/wp\/v2\/pages\/1512\/revisions"}],"predecessor-version":[{"id":1549,"href":"https:\/\/pubweb.carnet.hr\/hsd\/wp-json\/wp\/v2\/pages\/1512\/revisions\/1549"}],"up":[{"embeddable":true,"href":"https:\/\/pubweb.carnet.hr\/hsd\/wp-json\/wp\/v2\/pages\/1505"}],"wp:attachment":[{"href":"https:\/\/pubweb.carnet.hr\/hsd\/wp-json\/wp\/v2\/media?parent=1512"}],"curies":[{"name":"wp","href":"https:\/\/api.w.org\/{rel}","templated":true}]}}