{"id":145,"date":"2017-02-07T15:22:54","date_gmt":"2017-02-07T14:22:54","guid":{"rendered":"https:\/\/pubweb.carnet.hr\/hsd\/?page_id=145"},"modified":"2021-02-04T12:18:55","modified_gmt":"2021-02-04T11:18:55","slug":"sociologija-na-sveucilistu","status":"publish","type":"page","link":"https:\/\/pubweb.carnet.hr\/hsd\/hr\/sociologija-na-sveucilistu\/","title":{"rendered":"Sociologija na sveu\u010dili\u0161tu"},"content":{"rendered":"<ul>\n<li><a href=\"http:\/\/www.unicath.hr\/sociologija\" target=\"_blank\" rel=\"noopener\">Hrvatsko katoli\u010dko sveu\u010dili\u0161te, Studijski odjel sociologije<\/a><\/li>\n<li><a href=\"http:\/\/www.ffst.unist.hr\/odsjeci\/sociologija\" target=\"_blank\" rel=\"noopener\">Sveu\u010dili\u0161te u Splitu<\/a><\/li>\n<li><a href=\"http:\/\/www.unizd.hr\/sociologija\/Home\/tabid\/745\/Default.aspx\" target=\"_blank\" rel=\"noopener\">Sveu\u010dili\u0161te u Zadru<\/a><\/li>\n<li><a href=\"http:\/\/www.ffzg.unizg.hr\/socio\/\" target=\"_blank\" rel=\"noopener\">Sveu\u010dili\u0161te u Zagrebu, Filozofski fakultet<\/a><\/li>\n<li><a href=\"http:\/\/www.hrstud.unizg.hr\/sociologija\" target=\"_blank\" rel=\"noopener\">Sveu\u010dili\u0161te u Zagrebu, Hrvatski studiji<\/a><\/li>\n<li><a href=\"https:\/\/www.ffos.unios.hr\/sociologija\/naslovna\">Sveu\u010dili\u0161te Josipa Jurja Strossmayera u Osijeku<\/a><\/li>\n<\/ul>\n","protected":false},"excerpt":{"rendered":"<p>Hrvatsko katoli\u010dko sveu\u010dili\u0161te, Studijski odjel sociologije Sveu\u010dili\u0161te u Splitu Sveu\u010dili\u0161te u Zadru Sveu\u010dili\u0161te u Zagrebu, Filozofski fakultet Sveu\u010dili\u0161te u Zagrebu, Hrvatski studiji Sveu\u010dili\u0161te Josipa Jurja Strossmayera u Osijeku<\/p>\n","protected":false},"author":736,"featured_media":0,"parent":0,"menu_order":0,"comment_status":"closed","ping_status":"closed","template":"","meta":{"footnotes":""},"class_list":["post-145","page","type-page","status-publish","hentry"],"_links":{"self":[{"href":"https:\/\/pubweb.carnet.hr\/hsd\/wp-json\/wp\/v2\/pages\/145","targetHints":{"allow":["GET"]}}],"collection":[{"href":"https:\/\/pubweb.carnet.hr\/hsd\/wp-json\/wp\/v2\/pages"}],"about":[{"href":"https:\/\/pubweb.carnet.hr\/hsd\/wp-json\/wp\/v2\/types\/page"}],"author":[{"embeddable":true,"href":"https:\/\/pubweb.carnet.hr\/hsd\/wp-json\/wp\/v2\/users\/736"}],"replies":[{"embeddable":true,"href":"https:\/\/pubweb.carnet.hr\/hsd\/wp-json\/wp\/v2\/comments?post=145"}],"version-history":[{"count":2,"href":"https:\/\/pubweb.carnet.hr\/hsd\/wp-json\/wp\/v2\/pages\/145\/revisions"}],"predecessor-version":[{"id":2432,"href":"https:\/\/pubweb.carnet.hr\/hsd\/wp-json\/wp\/v2\/pages\/145\/revisions\/2432"}],"wp:attachment":[{"href":"https:\/\/pubweb.carnet.hr\/hsd\/wp-json\/wp\/v2\/media?parent=145"}],"curies":[{"name":"wp","href":"https:\/\/api.w.org\/{rel}","templated":true}]}}