{"id":133,"date":"2017-02-07T15:07:56","date_gmt":"2017-02-07T14:07:56","guid":{"rendered":"https:\/\/pubweb.carnet.hr\/hsd\/?page_id=133"},"modified":"2017-02-17T10:42:39","modified_gmt":"2017-02-17T09:42:39","slug":"fond-buducnosti","status":"publish","type":"page","link":"https:\/\/pubweb.carnet.hr\/hsd\/hr\/fond-buducnosti\/","title":{"rendered":"Fond budu\u0107nosti"},"content":{"rendered":"<p>Na Izbornoj skup\u0161tini Hrvatskoga sociolo\u0161kog dru\u0161tva odr\u017eanoj 7. travnja 2011. osnovan je <strong>Fond budu\u0107nosti<\/strong> \u010dija je temeljna namjena pru\u017eanje financijske potpore mladim sociolozima\/injama u njihovom profesionalnom i stru\u010dnom razvoju. Fond budu\u0107nosti temelji se na dobrovoljnim prilozima \u010dlanova\/ica HSD-a ali i drugih koji i na ovaj na\u010din nastoje pridonijeti op\u0107em napretku sociolo\u0161ke struke u na\u0161oj zemlji.<\/p>\n<p>Uplata donacija vr\u0161i se na <strong>\u017eiro-ra\u010dun Fonda za budu\u0107nost<\/strong>:<\/p>\n<p><strong>IBAN: HR1623900011100315979<\/strong> (Hrvatska po\u0161tanska banka)<br \/>\nS naznakom \u201eZa Fond za budu\u0107nost&#8221;<br \/>\nPrimatelj: Hrvatsko sociolo\u0161ko dru\u0161tvo (HSD)<br \/>\nAmru\u0161eva 11\/II<br \/>\n10000 Zagreb<\/p>\n<p>Zahvaljuju\u0107i nov\u010danim sredstvima prikupljenima u okviru Fonda budu\u0107nosti, Hrvatsko sociolo\u0161ko dru\u0161tvo dodjeljuje <strong>Naknade putnih tro\u0161kova HSD-a<\/strong>. Pravilnik natje\u010daja za naknadu putnih tro\u0161kova HSD-a dostupan je <a href=\"http:\/\/pubweb.carnet.hr\/hsd\/wp-content\/uploads\/sites\/598\/2017\/02\/Pravilnik_Naknada_putnih_troskova_HSD.pdf\" target=\"_blank\">ovdje<\/a>.<\/p>\n<p>Obrazac za prijavu na natje\u010daj nalazi se <a href=\"http:\/\/pubweb.carnet.hr\/hsd\/wp-content\/uploads\/sites\/598\/2017\/02\/PRIJAVNI_OBRAZAC_ZA_NAKNADU_PUTNIH_TROSKOVA_HSD-a.doc\">ovdje<\/a>.<\/p>\n<p>Najljep\u0161e Vam se zahvaljujemo na Va\u0161em itekako vrlo dragocjenom prilogu!<\/p>\n","protected":false},"excerpt":{"rendered":"<p>Na Izbornoj skup\u0161tini Hrvatskoga sociolo\u0161kog dru\u0161tva odr\u017eanoj 7. travnja 2011. osnovan je Fond budu\u0107nosti \u010dija je temeljna namjena pru\u017eanje financijske potpore mladim sociolozima\/injama u njihovom profesionalnom i stru\u010dnom razvoju. Fond budu\u0107nosti temelji se na dobrovoljnim prilozima \u010dlanova\/ica HSD-a ali i drugih koji i na ovaj na\u010din nastoje pridonijeti op\u0107em napretku sociolo\u0161ke struke u na\u0161oj zemlji. &hellip; <a href=\"https:\/\/pubweb.carnet.hr\/hsd\/hr\/fond-buducnosti\/\" class=\"more-link\">Nastavi \u010ditati <span class=\"screen-reader-text\">Fond budu\u0107nosti<\/span><\/a><\/p>\n","protected":false},"author":736,"featured_media":0,"parent":0,"menu_order":0,"comment_status":"closed","ping_status":"closed","template":"","meta":{"footnotes":""},"class_list":["post-133","page","type-page","status-publish","hentry"],"_links":{"self":[{"href":"https:\/\/pubweb.carnet.hr\/hsd\/wp-json\/wp\/v2\/pages\/133","targetHints":{"allow":["GET"]}}],"collection":[{"href":"https:\/\/pubweb.carnet.hr\/hsd\/wp-json\/wp\/v2\/pages"}],"about":[{"href":"https:\/\/pubweb.carnet.hr\/hsd\/wp-json\/wp\/v2\/types\/page"}],"author":[{"embeddable":true,"href":"https:\/\/pubweb.carnet.hr\/hsd\/wp-json\/wp\/v2\/users\/736"}],"replies":[{"embeddable":true,"href":"https:\/\/pubweb.carnet.hr\/hsd\/wp-json\/wp\/v2\/comments?post=133"}],"version-history":[{"count":3,"href":"https:\/\/pubweb.carnet.hr\/hsd\/wp-json\/wp\/v2\/pages\/133\/revisions"}],"predecessor-version":[{"id":544,"href":"https:\/\/pubweb.carnet.hr\/hsd\/wp-json\/wp\/v2\/pages\/133\/revisions\/544"}],"wp:attachment":[{"href":"https:\/\/pubweb.carnet.hr\/hsd\/wp-json\/wp\/v2\/media?parent=133"}],"curies":[{"name":"wp","href":"https:\/\/api.w.org\/{rel}","templated":true}]}}