{"id":1220,"date":"2017-03-29T08:44:15","date_gmt":"2017-03-29T06:44:15","guid":{"rendered":"https:\/\/pubweb.carnet.hr\/hsd\/?page_id=1220"},"modified":"2017-03-29T08:44:15","modified_gmt":"2017-03-29T06:44:15","slug":"programski-i-organizacijski-odbor","status":"publish","type":"page","link":"https:\/\/pubweb.carnet.hr\/hsd\/hr\/dogadanja\/kongres-2017-godine\/programski-i-organizacijski-odbor\/","title":{"rendered":"Programski i organizacijski odbor"},"content":{"rendered":"<p><strong>Programski odbor:<\/strong><\/p>\n<p>Dr. sc. Branko An\u010di\u0107, Institut za dru\u0161tvena istra\u017eivanja u Zagrebu (IDIZ)<br \/>\nDr. sc. Pa\u0161ko Bili\u0107, Institut za razvoj i me\u0111unarodne odnose (IRMO)<br \/>\nDoc. dr.sc. Karin Doolan, Odjel za sociologiju, Sveu\u010dili\u0161te u Zadru<br \/>\nIzv. prof. dr. sc. Krunoslav Nikodem, Filozofski fakultet Sveu\u010dili\u0161ta u Zagrebu<br \/>\nDr. sc. Ankica Marinovi\u0107, Institut za dru\u0161tvena istra\u017eivanja u Zagrebu (IDIZ)<br \/>\nDoc. dr. sc. Petra Rodik, Filozofski fakultet Sveu\u010dili\u0161ta u Zagrebu<br \/>\nDoc. dr. sc. Ivan Landripet, Filozofski fakultet Sveu\u010dili\u0161ta u Zagrebu<\/p>\n<p><strong>Organizacijski odbor:<\/strong><\/p>\n<p>Izv. prof. dr. sc. Jasminka La\u017enjak, Filozofski fakultet Sveu\u010dili\u0161ta u Zagrebu<br \/>\nProf. dr. sc. Davorka Mati\u0107, Filozofski fakultet Sveu\u010dili\u0161ta u Zagrebu<br \/>\nDoc. dr. sc. Ivan Buri\u0107, Hrvatski studiji, Sveu\u010dili\u0161te u Zagrebu<br \/>\nDr. sc. Jaka Primorac, Institut za razvoj i me\u0111unarodne odnose (IRMO)<br \/>\nDr. sc. Anja Gvozdanovi\u0107, Institut za dru\u0161tvena istra\u017eivanja u Zagrebu (IDIZ)<\/p>\n","protected":false},"excerpt":{"rendered":"<p>Programski odbor: Dr. sc. Branko An\u010di\u0107, Institut za dru\u0161tvena istra\u017eivanja u Zagrebu (IDIZ) Dr. sc. Pa\u0161ko Bili\u0107, Institut za razvoj i me\u0111unarodne odnose (IRMO) Doc. dr.sc. Karin Doolan, Odjel za sociologiju, Sveu\u010dili\u0161te u Zadru Izv. prof. dr. sc. Krunoslav Nikodem, Filozofski fakultet Sveu\u010dili\u0161ta u Zagrebu Dr. sc. Ankica Marinovi\u0107, Institut za dru\u0161tvena istra\u017eivanja u Zagrebu &hellip; <a href=\"https:\/\/pubweb.carnet.hr\/hsd\/hr\/dogadanja\/kongres-2017-godine\/programski-i-organizacijski-odbor\/\" class=\"more-link\">Nastavi \u010ditati <span class=\"screen-reader-text\">Programski i organizacijski odbor<\/span><\/a><\/p>\n","protected":false},"author":736,"featured_media":0,"parent":443,"menu_order":0,"comment_status":"closed","ping_status":"closed","template":"","meta":{"footnotes":""},"class_list":["post-1220","page","type-page","status-publish","hentry"],"_links":{"self":[{"href":"https:\/\/pubweb.carnet.hr\/hsd\/wp-json\/wp\/v2\/pages\/1220","targetHints":{"allow":["GET"]}}],"collection":[{"href":"https:\/\/pubweb.carnet.hr\/hsd\/wp-json\/wp\/v2\/pages"}],"about":[{"href":"https:\/\/pubweb.carnet.hr\/hsd\/wp-json\/wp\/v2\/types\/page"}],"author":[{"embeddable":true,"href":"https:\/\/pubweb.carnet.hr\/hsd\/wp-json\/wp\/v2\/users\/736"}],"replies":[{"embeddable":true,"href":"https:\/\/pubweb.carnet.hr\/hsd\/wp-json\/wp\/v2\/comments?post=1220"}],"version-history":[{"count":1,"href":"https:\/\/pubweb.carnet.hr\/hsd\/wp-json\/wp\/v2\/pages\/1220\/revisions"}],"predecessor-version":[{"id":1221,"href":"https:\/\/pubweb.carnet.hr\/hsd\/wp-json\/wp\/v2\/pages\/1220\/revisions\/1221"}],"up":[{"embeddable":true,"href":"https:\/\/pubweb.carnet.hr\/hsd\/wp-json\/wp\/v2\/pages\/443"}],"wp:attachment":[{"href":"https:\/\/pubweb.carnet.hr\/hsd\/wp-json\/wp\/v2\/media?parent=1220"}],"curies":[{"name":"wp","href":"https:\/\/api.w.org\/{rel}","templated":true}]}}