{"id":118,"date":"2017-02-07T14:30:34","date_gmt":"2017-02-07T13:30:34","guid":{"rendered":"https:\/\/pubweb.carnet.hr\/hsd\/?page_id=118"},"modified":"2023-05-26T15:36:16","modified_gmt":"2023-05-26T13:36:16","slug":"clanstvo","status":"publish","type":"page","link":"https:\/\/pubweb.carnet.hr\/hsd\/hr\/clanstvo\/","title":{"rendered":"\u010clanstvo"},"content":{"rendered":"<p><strong>Tko mo\u017ee postati \u010dlanom\/icom HSD-a<\/strong><\/p>\n<p><strong>Redovnim\/nom \u010dlanom\/icom<\/strong> Dru\u0161tva mo\u017ee postati svaki\/a dr\u017eavljanin\/ka Republike Hrvatske koji\/a je zavr\u0161io\/la preddiplomski studij sociologije, diplomirao\/la, magistrirao\/la ili doktorirao\/la iz podru\u010dja sociologije.<\/p>\n<p><strong>\u010clanom\/icom studentom\/icom<\/strong> Dru\u0161tva mo\u017ee postati svaki\/a dr\u017eavljanin\/ka Republike Hrvatske koji\/a studira preddiplomski, diplomski ili poslijediplomski studij sociologije u Republici Hrvatskoj.<\/p>\n<p><strong>Pridru\u017eenim \u010dlanom\/icom<\/strong> Dru\u0161tva mo\u017ee postati osoba koja nije dr\u017eavljanin\/ka Republike Hrvatske, a koja je student\/ica studija sociologije, ili koja je diplomirala, magistrirala ili doktorirala iz podru\u010dja sociologije.<\/p>\n<p><strong>Povlastice \u010dlanstva u HSD-u<\/strong>:<\/p>\n<ul>\n<li>pretplata na \u010dasopis <a href=\"http:\/\/hrcak.srce.hr\/revija-za-sociologiju\" target=\"_blank\" rel=\"noopener\">Revija za sociologiju<\/a><\/li>\n<li>popust u pretplati na \u010dasopise <a href=\"http:\/\/hrcak.srce.hr\/polemos\" target=\"_blank\" rel=\"noopener\">Polemos<\/a> (6 \u20ac; 45,21 Kn) i <a href=\"http:\/\/hrcak.srce.hr\/socijalna-ekologija\" target=\"_blank\" rel=\"noopener\">Socijalna ekologija<\/a> (6 \u20ac; 45,21 Kn)<\/li>\n<li>povoljniji uvjeti sudjelovanja na kongresima koje organiziraju ISA i ESA<\/li>\n<li>izvje\u0161taji o djelatnostima Dru\u0161tva, te pozivi na konferencije, okrugle stolove, predavanja, tribine i \u0107akule i druga doga\u0111anja u organizaciji Dru\u0161tva.<\/li>\n<\/ul>\n<p><strong>Visina \u010dlanarine<\/strong><\/p>\n<p>Visina godi\u0161nje \u010dlanarine za sljede\u0107e kategorije \u010dlanstva:<\/p>\n<ul>\n<li>zaposleni redovni \u010dlanovi: 40 \u20ac (301,38 Kn)<\/li>\n<li>umirovljeni redovni \u010dlanovi: 14 \u20ac (105,48 Kn)<\/li>\n<li>nezaposleni redovni \u010dlanovi: 7 \u20ac (52,74 Kn)<\/li>\n<li>studenti: 7 \u20ac\u00a0(52,74 Kn)<\/li>\n<li>pridru\u017eeni \u010dlanovi: 47 \u20ac (354,12 Kn)<\/li>\n<li>doplata za pretplatu na Polemos ili Socijalnu ekologiju: + 6 \u20ac (45,21 Kn).<\/li>\n<\/ul>\n<p>Kako \u010dlanarina obuhva\u0107a i pretplatu na \u010dasopis Revija za sociologiju, pretplatu za \u010dasopis vi\u0161e ne morate posebno upla\u0107ivati. Ukoliko ste ve\u0107 uplatili ovogodi\u0161nju pretplatu na Reviju, slobodni ste uplatiti 7 \u20ac (52,74 Kn) manje za \u010dlanarinu (nezaposleni 4 \u20ac; 30,14 Kn), s time da nam, ako je to mogu\u0107e, prilo\u017eite kopiju uplatnice kojom ste se pretplatili na Reviju.<\/p>\n<p>Ukoliko ste zainteresirani da postanete \u010dlanom\/icom HSD-a ili da obnovite svoje \u010dlanstvo, kliknite na link:<\/p>\n<p><a href=\"http:\/\/limesurvey.srce.hr\/319654?lang=hr\" target=\"_blank\" rel=\"noopener\"><strong>Ispunite obrazac za upis\/obnovu \u010dlanstva<\/strong><\/a>.<\/p>\n<p><em>Molimo Vas da obrazac pa\u017eljivo i u cijelosti ispunite, jer prema Zakonu o udrugama, \u010dl.12, Va\u0161a prijava mora sadr\u017eavati puno ime i prezime, godinu ro\u0111enja i OIB, dok ostale informacije slu\u017ee za odr\u017eavanje baze podataka o \u010dlanstvu i olak\u0161avanje komunikacije izme\u0111u \u010dlanova\/ica i predsjedni\u0161tva HSD-a, te \u010dlanova me\u0111usobno.<\/em><\/p>\n","protected":false},"excerpt":{"rendered":"<p>Tko mo\u017ee postati \u010dlanom\/icom HSD-a Redovnim\/nom \u010dlanom\/icom Dru\u0161tva mo\u017ee postati svaki\/a dr\u017eavljanin\/ka Republike Hrvatske koji\/a je zavr\u0161io\/la preddiplomski studij sociologije, diplomirao\/la, magistrirao\/la ili doktorirao\/la iz podru\u010dja sociologije. \u010clanom\/icom studentom\/icom Dru\u0161tva mo\u017ee postati svaki\/a dr\u017eavljanin\/ka Republike Hrvatske koji\/a studira preddiplomski, diplomski ili poslijediplomski studij sociologije u Republici Hrvatskoj. Pridru\u017eenim \u010dlanom\/icom Dru\u0161tva mo\u017ee postati osoba koja nije &hellip; <a href=\"https:\/\/pubweb.carnet.hr\/hsd\/hr\/clanstvo\/\" class=\"more-link\">Nastavi \u010ditati <span class=\"screen-reader-text\">\u010clanstvo<\/span><\/a><\/p>\n","protected":false},"author":736,"featured_media":0,"parent":0,"menu_order":0,"comment_status":"closed","ping_status":"closed","template":"","meta":{"footnotes":""},"class_list":["post-118","page","type-page","status-publish","hentry"],"_links":{"self":[{"href":"https:\/\/pubweb.carnet.hr\/hsd\/wp-json\/wp\/v2\/pages\/118","targetHints":{"allow":["GET"]}}],"collection":[{"href":"https:\/\/pubweb.carnet.hr\/hsd\/wp-json\/wp\/v2\/pages"}],"about":[{"href":"https:\/\/pubweb.carnet.hr\/hsd\/wp-json\/wp\/v2\/types\/page"}],"author":[{"embeddable":true,"href":"https:\/\/pubweb.carnet.hr\/hsd\/wp-json\/wp\/v2\/users\/736"}],"replies":[{"embeddable":true,"href":"https:\/\/pubweb.carnet.hr\/hsd\/wp-json\/wp\/v2\/comments?post=118"}],"version-history":[{"count":2,"href":"https:\/\/pubweb.carnet.hr\/hsd\/wp-json\/wp\/v2\/pages\/118\/revisions"}],"predecessor-version":[{"id":2934,"href":"https:\/\/pubweb.carnet.hr\/hsd\/wp-json\/wp\/v2\/pages\/118\/revisions\/2934"}],"wp:attachment":[{"href":"https:\/\/pubweb.carnet.hr\/hsd\/wp-json\/wp\/v2\/media?parent=118"}],"curies":[{"name":"wp","href":"https:\/\/api.w.org\/{rel}","templated":true}]}}