{"id":39,"date":"2019-01-11T08:41:33","date_gmt":"2019-01-11T08:41:33","guid":{"rendered":"http:\/\/pubweb.carnet.hr\/hpk-vucjebrat\/?page_id=39"},"modified":"2025-12-25T20:32:16","modified_gmt":"2025-12-25T19:32:16","slug":"postani-vuk","status":"publish","type":"page","link":"https:\/\/pubweb.carnet.hr\/hpk-vucjebrat\/postani-vuk\/","title":{"rendered":"Postani VUK"},"content":{"rendered":"<p><strong>Kako postati \u010dlan HPK Vu\u010dje bratstvo?<\/strong><\/p>\n<p><strong>Uplatom \u010dlanarine<\/strong><\/p>\n<ul>\n<li>godi\u0161nja \u010dlanarina je 20,00 EURA (svaki drugi \u010dlan obitelji pla\u0107a\u00a0 7,00 EURA) i<br \/>\ndobije\u0161 \u010dlansku iskaznicu i postaje\u0161 \u010dlan <a href=\"https:\/\/www.hps.hr\/hps\/clanski-materijal\/\" target=\"_blank\" rel=\"noopener\">Hrvatskog planinarskog saveza<\/a><br \/>\nsa svim pravima i du\u017enostima jednog planinara.<\/li>\n<\/ul>\n<ul>\n<li>U\u010dlaniti se mo\u017ee\u0161 na sastancima kluba \u010detvrtkom od 20:00 \u2013 22:00 u prostorijama kluba u<br \/>\nTkal\u010di\u0107evoj 33 preko puta pivnice Mali medo. Do\u0111e\u0161 s ispunjenom pristupnicom na<br \/>\nsastanak, a pristupnicu skine\u0161 kad klikne\u0161 na <a href=\"http:\/\/hpk-vucjebratstvo.hr\/pristupnica-vb\/\">Pristupnica<\/a>.<\/li>\n<li>Podaci za uplatu\u00a0\u010dlanarine:<br \/>\nHRVATSKI PLANINARSKI KLUB\u00a0VU\u010cJE\u00a0BRATSTVO<br \/>\nTKAL\u010cI\u0106EVA 33, 10000 ZAGREBHRVATSKA PO\u0160TANSKA BANKA<br \/>\nbr. \u017e. r.: 2390001-1100358192<br \/>\nIBAN: HR1523900011100358192<br \/>\nopis pla\u0107anja: \u010dlanarina za 2020. god.<\/li>\n<\/ul>\n<p><strong>\u0160to ostvaruje\u0161 \u010dlanarinom:<\/strong><\/p>\n<ul>\n<li>popust na cijenu no\u0107enja u svim planinarskim \u00a0domovima u Hrvatskoj, Sloveniji i drugim<br \/>\ndr\u017eavama &#8211; \u010dlanicama Me\u0111unarodnog planinarskog saveza <a href=\"https:\/\/www.theuiaa.org\/\" target=\"_blank\" rel=\"noopener\">UIAA<\/a> u iznosu od 50% i<br \/>\nsl. pogodnosti<\/li>\n<li>popusti za kupovinu opreme (uglavnom od 10 \u2013 15%) u nekim trgovinama s<br \/>\nplaninarskom obu\u0107om, odje\u0107om i opremom (npr. Alpina, Iglu \u0161port, Vrhunac&#8230;) uz<br \/>\npredo\u010denje planinarske iskaznice s kupljenom markicom za teku\u0107u godinu<\/li>\n<\/ul>\n<p><strong>Kako klub koristi \u010dlanarinu?<\/strong><\/p>\n<ul>\n<li>isklju\u010divo za nabavu nove opreme za sve \u010dlanove kluba kao i svega drugog \u0161to se na<br \/>\nzajedni\u010dkim sastancima dogovorimo, a \u0161to nam koristi uplaninama.<\/li>\n<li>Na izlete idemo zajedno i dijelimo tro\u0161kove puta! To zna\u010di da idemo na zanimljive<br \/>\nizlete s malo love i to svima puno zna\u010di..:)<\/li>\n<li>Oprema???&#8230;za ljetno planinarenje (kad nema snijega) za po\u010detak dovoljne su<br \/>\ngojzerice ili \u010dvr\u0161\u0107e tenisice i dobra volja..:)))\u2026a za zimsko ipak gojze koje \u0107e dr\u017eati<br \/>\nnoge suhima, gama\u0161e, rukavice i topla odje\u0107a jer ostalo (cepini, dereze, kacige) imamo<br \/>\nu klubu.<\/li>\n<\/ul>\n","protected":false},"excerpt":{"rendered":"<p>Kako postati \u010dlan HPK Vu\u010dje bratstvo? Uplatom \u010dlanarine godi\u0161nja \u010dlanarina je 20,00 EURA (svaki drugi \u010dlan obitelji pla\u0107a\u00a0 7,00 EURA) i dobije\u0161 \u010dlansku iskaznicu i postaje\u0161 \u010dlan Hrvatskog planinarskog saveza sa svim pravima i du\u017enostima jednog planinara. U\u010dlaniti se mo\u017ee\u0161 na sastancima kluba \u010detvrtkom od 20:00 \u2013 22:00 u prostorijama kluba u Tkal\u010di\u0107evoj 33 preko [&hellip;]<\/p>\n","protected":false},"author":276,"featured_media":148,"parent":0,"menu_order":0,"comment_status":"closed","ping_status":"closed","template":"","meta":{"footnotes":""},"class_list":["post-39","page","type-page","status-publish","has-post-thumbnail","czr-hentry"],"_links":{"self":[{"href":"https:\/\/pubweb.carnet.hr\/hpk-vucjebrat\/wp-json\/wp\/v2\/pages\/39","targetHints":{"allow":["GET"]}}],"collection":[{"href":"https:\/\/pubweb.carnet.hr\/hpk-vucjebrat\/wp-json\/wp\/v2\/pages"}],"about":[{"href":"https:\/\/pubweb.carnet.hr\/hpk-vucjebrat\/wp-json\/wp\/v2\/types\/page"}],"author":[{"embeddable":true,"href":"https:\/\/pubweb.carnet.hr\/hpk-vucjebrat\/wp-json\/wp\/v2\/users\/276"}],"replies":[{"embeddable":true,"href":"https:\/\/pubweb.carnet.hr\/hpk-vucjebrat\/wp-json\/wp\/v2\/comments?post=39"}],"version-history":[{"count":3,"href":"https:\/\/pubweb.carnet.hr\/hpk-vucjebrat\/wp-json\/wp\/v2\/pages\/39\/revisions"}],"predecessor-version":[{"id":250,"href":"https:\/\/pubweb.carnet.hr\/hpk-vucjebrat\/wp-json\/wp\/v2\/pages\/39\/revisions\/250"}],"wp:featuredmedia":[{"embeddable":true,"href":"https:\/\/pubweb.carnet.hr\/hpk-vucjebrat\/wp-json\/wp\/v2\/media\/148"}],"wp:attachment":[{"href":"https:\/\/pubweb.carnet.hr\/hpk-vucjebrat\/wp-json\/wp\/v2\/media?parent=39"}],"curies":[{"name":"wp","href":"https:\/\/api.w.org\/{rel}","templated":true}]}}