{"id":251,"date":"2025-12-25T20:34:01","date_gmt":"2025-12-25T19:34:01","guid":{"rendered":"http:\/\/pubweb.carnet.hr\/hpk-vucjebrat\/?page_id=251"},"modified":"2025-12-26T17:44:50","modified_gmt":"2025-12-26T16:44:50","slug":"raspored-izleta","status":"publish","type":"page","link":"https:\/\/pubweb.carnet.hr\/hpk-vucjebrat\/raspored-izleta\/","title":{"rendered":"RASPORED IZLETA"},"content":{"rendered":"<div>\n<table style=\"width: 100%;border-collapse: collapse;font-size: 14px;text-align: left\" border=\"1\" cellspacing=\"0\" cellpadding=\"6\">\n<thead style=\"background-color: #4caf50;color: white\">\n<tr>\n<th style=\"width: 20%\">? Datum<\/th>\n<th style=\"width: 40%\">? Izlet \/ doga\u0111aj<\/th>\n<th style=\"width: 25%\">? Voditelj<\/th>\n<th style=\"width: 15%\">? Prijava<\/th>\n<\/tr>\n<\/thead>\n<tbody><!-- SIJE\u010cANJ --><\/p>\n<tr style=\"background-color: #b2ebf2;font-weight: bold;text-align: center\">\n<td colspan=\"4\">SIJE\u010cANJ 2026.<\/td>\n<\/tr>\n<tr style=\"font-style: italic\">\n<td>8. sije\u010danj 2026.<\/td>\n<td>Sastanak u klubu \u2013 predavanje \u2013 ZIMSKA OPREMA<\/td>\n<td>Tatjana Zajec<\/td>\n<td style=\"text-align: center\">&#8211;<\/td>\n<\/tr>\n<tr style=\"background-color: #d4edda\">\n<td>11. sije\u010danj 2026.<\/td>\n<td>Sveti Ivan Zelina \u2013 Klade\u0161\u0107ica \u2013 jednodnevni izlet<\/td>\n<td>Ela Prugove\u010dki 099\/508-7835<\/td>\n<td style=\"text-align: center\"><a href=\"https:\/\/docs.google.com\/forms\/d\/e\/1FAIpQLSfqYdHHt34sCFMo30jFOahV4hJksgS7KFYUOq0qPLrCemye5w\/viewform?usp=header\">PRIJAVI SE<\/a><\/td>\n<\/tr>\n<tr style=\"background-color: #d4edda\">\n<td>17.\u201318. sije\u010danj 2026.<\/td>\n<td>Ivan\u010dica \u2013 planinarski dom Pasari\u0107eva ku\u0107a \u2013 jedno no\u0107enje<\/td>\n<td>Bla\u017e Bur\u010dul 095\/807-9615<\/td>\n<td style=\"text-align: center\">&#8211;<\/td>\n<\/tr>\n<tr style=\"font-style: italic\">\n<td>22. sije\u010danj 2026.<\/td>\n<td>Sastanak u klubu \u2013 putopis \u2013 Himalaja \u2013 Mera Peak<\/td>\n<td>Franjo Kmet<\/td>\n<td style=\"text-align: center\">&#8211;<\/td>\n<\/tr>\n<p><!-- VELJA\u010cA --><\/p>\n<tr style=\"background-color: #b2ebf2;font-weight: bold;text-align: center\">\n<td colspan=\"4\">VELJA\u010cA 2026.<\/td>\n<\/tr>\n<tr style=\"font-style: italic\">\n<td>5. velja\u010da 2026.<\/td>\n<td>Sastanak u klubu \u2013 projekcija slika<\/td>\n<td>&#8211;<\/td>\n<td style=\"text-align: center\">&#8211;<\/td>\n<\/tr>\n<tr style=\"background-color: #d4edda\">\n<td>7.\u20138. velja\u010da 2026.<\/td>\n<td>Gorski kotar \u2013 prema dogovoru<\/td>\n<td>Slaven Bonkovi\u0107 099\/800-8999<\/td>\n<td style=\"text-align: center\">&#8211;<\/td>\n<\/tr>\n<tr style=\"font-style: italic\">\n<td>19. velja\u010da 2026.<\/td>\n<td>Sastanak u klubu \u2013 putopis \u2013 JU\u017dNA AMERIKA<\/td>\n<td>Tatjana Zajec<\/td>\n<td style=\"text-align: center\">&#8211;<\/td>\n<\/tr>\n<tr style=\"background-color: #d4edda\">\n<td>21.\u201322. velja\u010da 2026.<\/td>\n<td>Ma\u0111arska \u2013 prema dogovoru<\/td>\n<td>Valentina Bur\u010dul 098\/1696-891<\/td>\n<td style=\"text-align: center\">&#8211;<\/td>\n<\/tr>\n<p><!-- O\u017dUJAK --><\/p>\n<tr style=\"background-color: #b2ebf2;font-weight: bold;text-align: center\">\n<td colspan=\"4\">O\u017dUJAK 2026.<\/td>\n<\/tr>\n<tr style=\"font-style: italic\">\n<td>5. o\u017eujak 2026.<\/td>\n<td>Sastanak u klubu \u2013 predavanje \u2013 ORGANIZACIJA IZLETA I VO\u0110ENJE<\/td>\n<td>Bla\u017e Bur\u010dul 095\/807-9615<\/td>\n<td style=\"text-align: center\">&#8211;<\/td>\n<\/tr>\n<tr style=\"background-color: #d4edda\">\n<td>7.\u20138. o\u017eujak 2026.<\/td>\n<td>U\u010dka<\/td>\n<td>Gabrijel Virgej 091\/349-9885<\/td>\n<td style=\"text-align: center\">&#8211;<\/td>\n<\/tr>\n<tr style=\"font-style: italic\">\n<td>19. o\u017eujak 2026.<\/td>\n<td>Sastanak u klubu \u2013 predavanje \u2013 ORIJENTACIJA<\/td>\n<td>Robert Pfarrer 091\/4580-110<\/td>\n<td style=\"text-align: center\">&#8211;<\/td>\n<\/tr>\n<tr style=\"background-color: #d4edda\">\n<td>27.\u201329. o\u017eujak 2026.<\/td>\n<td>Slavonske planine \u2013 prema dogovoru<\/td>\n<td>Iva Dvoravi\u0107 098\/1985-202<\/td>\n<td style=\"text-align: center\">&#8211;<\/td>\n<\/tr>\n<p><!-- TRAVANJ --><\/p>\n<tr style=\"background-color: #b2ebf2;font-weight: bold;text-align: center\">\n<td colspan=\"4\">TRAVANJ 2026.<\/td>\n<\/tr>\n<tr style=\"font-style: italic\">\n<td>2. travanj 2026.<\/td>\n<td>Sastanak u klubu \u2013 predavanje \u2013 KAMPIRANJE \/ BIVAKIRANJE<\/td>\n<td>Igor Suboti\u0107 091\/533-1667<\/td>\n<td style=\"text-align: center\">&#8211;<\/td>\n<\/tr>\n<tr style=\"background-color: #d4edda\">\n<td>10.\u201312. travanj 2026.<\/td>\n<td>Risnjak i Snje\u017enik<\/td>\n<td>Zdeslav Ostoji\u0107 091\/537-8024<\/td>\n<td style=\"text-align: center\">&#8211;<\/td>\n<\/tr>\n<tr style=\"font-style: italic\">\n<td>16. travanj 2026.<\/td>\n<td>Sastanak u klubu \u2013 predavanje \u2013 METEOROLOGIJA<\/td>\n<td>Robert Pfarrer 091\/4580-110<\/td>\n<td style=\"text-align: center\">&#8211;<\/td>\n<\/tr>\n<tr style=\"background-color: #d4edda\">\n<td>30. travanj \u2013 4. svibanj 2026.<\/td>\n<td>BiH \u2013 prema dogovoru<\/td>\n<td>Marko Vu\u010di\u0107 097\/647-0752<br \/>\nIda \u0160ili\u0107 097\/618-3421<\/td>\n<td style=\"text-align: center\">&#8211;<\/td>\n<\/tr>\n<p><!-- SVIBANJ --><\/p>\n<tr style=\"background-color: #b2ebf2;font-weight: bold;text-align: center\">\n<td colspan=\"4\">SVIBANJ 2026.<\/td>\n<\/tr>\n<tr style=\"font-style: italic\">\n<td>7. svibanj 2026.<\/td>\n<td>Sastanak u klubu \u2013 projekcija slika s izleta<\/td>\n<td>&#8211;<\/td>\n<td style=\"text-align: center\">&#8211;<\/td>\n<\/tr>\n<tr style=\"background-color: #d4edda\">\n<td>15.\u201317. svibanj 2026.<\/td>\n<td>Srednji Velebit \u2013 Skorpovac<\/td>\n<td>Filip Bodalec 099\/853-0931<\/td>\n<td style=\"text-align: center\">&#8211;<\/td>\n<\/tr>\n<tr style=\"font-style: italic\">\n<td>21. svibanj 2026.<\/td>\n<td>Sastanak u klubu \u2013 projekcija slika s izleta<\/td>\n<td>&#8211;<\/td>\n<td style=\"text-align: center\">&#8211;<\/td>\n<\/tr>\n<tr style=\"background-color: #d4edda\">\n<td>22.\u201324. svibanj 2026.<\/td>\n<td>Dinara \u2013 trodnevni izlet<\/td>\n<td>Lucija Naki\u0107 097\/627-7971<br \/>\nDomagoj Babi\u0107<\/td>\n<td style=\"text-align: center\">&#8211;<\/td>\n<\/tr>\n<p><!-- LIPANJ --><\/p>\n<tr style=\"background-color: #b2ebf2;font-weight: bold;text-align: center\">\n<td colspan=\"4\">LIPANJ 2026.<\/td>\n<\/tr>\n<tr style=\"font-style: italic\">\n<td>4. lipanj 2026.<\/td>\n<td>Sastanak u klubu \u2013 projekcija slika s izleta<\/td>\n<td>&#8211;<\/td>\n<td style=\"text-align: center\">&#8211;<\/td>\n<\/tr>\n<tr style=\"background-color: #d4edda\">\n<td>12.\u201314. lipanj 2026.<\/td>\n<td>So\u010da \u2013 Slovenija \u2013 kampiranje<\/td>\n<td>Bla\u017e Bur\u010dul 095\/807-9615<\/td>\n<td style=\"text-align: center\">&#8211;<\/td>\n<\/tr>\n<tr style=\"font-style: italic\">\n<td>18. lipanj 2026.<\/td>\n<td>Sastanak u klubu \u2013 projekcija slika s izleta<\/td>\n<td>&#8211;<\/td>\n<td style=\"text-align: center\">&#8211;<\/td>\n<\/tr>\n<tr style=\"background-color: #d4edda\">\n<td>19.\u201328. lipanj 2026.<\/td>\n<td>BiH, Crna Gora \u2013 Durmitor i rafting na rijeci Tari<\/td>\n<td>Bla\u017e Bur\u010dul 095\/807-9615<\/td>\n<td style=\"text-align: center\">&#8211;<\/td>\n<\/tr>\n<p><!-- SRPANJ --><\/p>\n<tr style=\"background-color: #b2ebf2;font-weight: bold;text-align: center\">\n<td colspan=\"4\">SRPANJ 2026.<\/td>\n<\/tr>\n<tr style=\"font-style: italic\">\n<td>2. srpanj 2026.<\/td>\n<td>Sastanak u klubu \u2013 projekcija slika s izleta<\/td>\n<td>&#8211;<\/td>\n<td style=\"text-align: center\">&#8211;<\/td>\n<\/tr>\n<tr style=\"background-color: #d4edda\">\n<td>10.\u201312. srpanj 2026.<\/td>\n<td>Paklenica<\/td>\n<td>Eleonora Prugove\u010dki 099\/508-7835<\/td>\n<td style=\"text-align: center\">&#8211;<\/td>\n<\/tr>\n<tr style=\"font-style: italic\">\n<td>16. srpanj 2026.<\/td>\n<td>Sastanak u klubu \u2013 projekcija slika s izleta<\/td>\n<td>&#8211;<\/td>\n<td style=\"text-align: center\">&#8211;<\/td>\n<\/tr>\n<tr style=\"background-color: #d4edda\">\n<td>17.\u201319. srpanj 2026.<\/td>\n<td>Kamni\u0161ke Alpe \u2013 Slovenija<\/td>\n<td>Bla\u017e Bur\u010dul 095\/807-9615<\/td>\n<td style=\"text-align: center\">&#8211;<\/td>\n<\/tr>\n<p><!-- RUJAN --><\/p>\n<tr style=\"background-color: #b2ebf2;font-weight: bold;text-align: center\">\n<td colspan=\"4\">RUJAN 2026.<\/td>\n<\/tr>\n<tr style=\"font-style: italic\">\n<td>3. rujan 2026.<\/td>\n<td>Sastanak u klubu \u2013 projekcija slika s izleta<\/td>\n<td>&#8211;<\/td>\n<td style=\"text-align: center\">&#8211;<\/td>\n<\/tr>\n<tr style=\"background-color: #d4edda\">\n<td>4.\u20136. rujan 2026.<\/td>\n<td>Pape\u017ei \u2013 Slovenija \u2013 Slovenski Sne\u017enik<\/td>\n<td>Davor Jan\u0161el 095\/388-8033<\/td>\n<td style=\"text-align: center\">&#8211;<\/td>\n<\/tr>\n<tr style=\"font-style: italic\">\n<td>17. rujan 2026.<\/td>\n<td>Sastanak u klubu \u2013 projekcija slika s izleta<\/td>\n<td>&#8211;<\/td>\n<td style=\"text-align: center\">&#8211;<\/td>\n<\/tr>\n<tr style=\"background-color: #d4edda\">\n<td>18.\u201320. rujan 2026.<\/td>\n<td>Kajakarenje na otoku Pagu<\/td>\n<td>Robert Pfarrer 091\/4580-110<\/td>\n<td style=\"text-align: center\">&#8211;<\/td>\n<\/tr>\n<p><!-- LISTOPAD --><\/p>\n<tr style=\"background-color: #b2ebf2;font-weight: bold;text-align: center\">\n<td colspan=\"4\">LISTOPAD 2026.<\/td>\n<\/tr>\n<tr style=\"font-style: italic\">\n<td>1. listopad 2026.<\/td>\n<td>Sastanak u klubu \u2013 projekcija slika s izleta<\/td>\n<td>&#8211;<\/td>\n<td style=\"text-align: center\">&#8211;<\/td>\n<\/tr>\n<tr style=\"background-color: #d4edda\">\n<td>2.\u20134. listopad 2026.<\/td>\n<td>Julijske Alpe \u2013 Slovenija<\/td>\n<td>Igor Suboti\u0107 091\/533-1667<\/td>\n<td style=\"text-align: center\">&#8211;<\/td>\n<\/tr>\n<tr style=\"font-style: italic\">\n<td>15. listopad 2026.<\/td>\n<td>Sastanak u klubu \u2013 projekcija slika s izleta<\/td>\n<td>&#8211;<\/td>\n<td style=\"text-align: center\">&#8211;<\/td>\n<\/tr>\n<tr style=\"background-color: #d4edda\">\n<td>16.\u201318. listopad 2026.<\/td>\n<td>Mosor \u2013 dom Umberto Girometta<\/td>\n<td>Slaven Bonkovi\u0107 099\/800-8999<\/td>\n<td style=\"text-align: center\">&#8211;<\/td>\n<\/tr>\n<p><!-- STUDENI --><\/p>\n<tr style=\"background-color: #b2ebf2;font-weight: bold;text-align: center\">\n<td colspan=\"4\">STUDENI 2026.<\/td>\n<\/tr>\n<tr style=\"font-style: italic\">\n<td>5. studeni 2026.<\/td>\n<td>Sastanak u klubu \u2013 projekcija slika s izleta<\/td>\n<td>&#8211;<\/td>\n<td style=\"text-align: center\">&#8211;<\/td>\n<\/tr>\n<tr style=\"background-color: #d4edda\">\n<td>7.\u20138. studeni 2026.<\/td>\n<td>Ljubljana \u2013 party<\/td>\n<td>Hrvoje Jane\u0161 \u2013 Ica 098\/299-030<\/td>\n<td style=\"text-align: center\">&#8211;<\/td>\n<\/tr>\n<tr style=\"font-style: italic\">\n<td>19. studeni 2026.<\/td>\n<td>Sastanak u klubu \u2013 projekcija slika s izleta<\/td>\n<td>&#8211;<\/td>\n<td style=\"text-align: center\">&#8211;<\/td>\n<\/tr>\n<tr style=\"background-color: #d4edda\">\n<td>27.\u201329. studeni 2026.<\/td>\n<td>\u017dumberak \u2013 dom Vodice<\/td>\n<td>Zdeslav Ostoji\u0107 091\/537-8024<\/td>\n<td style=\"text-align: center\">&#8211;<\/td>\n<\/tr>\n<p><!-- PROSINAC --><\/p>\n<tr style=\"background-color: #b2ebf2;font-weight: bold;text-align: center\">\n<td colspan=\"4\">PROSINAC 2026.<\/td>\n<\/tr>\n<tr style=\"font-style: italic\">\n<td>3. prosinac 2026.<\/td>\n<td>Sastanak u klubu \u2013 projekcija slika s izleta<\/td>\n<td>&#8211;<\/td>\n<td style=\"text-align: center\">&#8211;<\/td>\n<\/tr>\n<tr style=\"background-color: #d4edda\">\n<td>12.\u201313. prosinac 2026.<\/td>\n<td>Klek \u2013 izlet vlakom<\/td>\n<td>Morana Trojar 091\/505-2307<\/td>\n<td style=\"text-align: center\">&#8211;<\/td>\n<\/tr>\n<\/tbody>\n<\/table>\n<\/div>\n","protected":false},"excerpt":{"rendered":"<p>? Datum ? Izlet \/ doga\u0111aj ? Voditelj ? Prijava SIJE\u010cANJ 2026. 8. sije\u010danj 2026. Sastanak u klubu \u2013 predavanje \u2013 ZIMSKA OPREMA Tatjana Zajec &#8211; 11. sije\u010danj 2026. Sveti Ivan Zelina \u2013 Klade\u0161\u0107ica \u2013 jednodnevni izlet Ela Prugove\u010dki 099\/508-7835 PRIJAVI SE 17.\u201318. sije\u010danj 2026. Ivan\u010dica \u2013 planinarski dom Pasari\u0107eva ku\u0107a \u2013 jedno no\u0107enje Bla\u017e [&hellip;]<\/p>\n","protected":false},"author":276,"featured_media":0,"parent":0,"menu_order":0,"comment_status":"closed","ping_status":"closed","template":"","meta":{"footnotes":""},"class_list":["post-251","page","type-page","status-publish","czr-hentry"],"_links":{"self":[{"href":"https:\/\/pubweb.carnet.hr\/hpk-vucjebrat\/wp-json\/wp\/v2\/pages\/251","targetHints":{"allow":["GET"]}}],"collection":[{"href":"https:\/\/pubweb.carnet.hr\/hpk-vucjebrat\/wp-json\/wp\/v2\/pages"}],"about":[{"href":"https:\/\/pubweb.carnet.hr\/hpk-vucjebrat\/wp-json\/wp\/v2\/types\/page"}],"author":[{"embeddable":true,"href":"https:\/\/pubweb.carnet.hr\/hpk-vucjebrat\/wp-json\/wp\/v2\/users\/276"}],"replies":[{"embeddable":true,"href":"https:\/\/pubweb.carnet.hr\/hpk-vucjebrat\/wp-json\/wp\/v2\/comments?post=251"}],"version-history":[{"count":3,"href":"https:\/\/pubweb.carnet.hr\/hpk-vucjebrat\/wp-json\/wp\/v2\/pages\/251\/revisions"}],"predecessor-version":[{"id":290,"href":"https:\/\/pubweb.carnet.hr\/hpk-vucjebrat\/wp-json\/wp\/v2\/pages\/251\/revisions\/290"}],"wp:attachment":[{"href":"https:\/\/pubweb.carnet.hr\/hpk-vucjebrat\/wp-json\/wp\/v2\/media?parent=251"}],"curies":[{"name":"wp","href":"https:\/\/api.w.org\/{rel}","templated":true}]}}