{"id":2,"date":"2014-10-30T07:11:02","date_gmt":"2014-10-30T07:11:02","guid":{"rendered":"http:\/\/pubweb.carnet.hr\/hpk-vucjebrat\/?page_id=2"},"modified":"2019-01-11T15:03:01","modified_gmt":"2019-01-11T14:03:01","slug":"o-nama","status":"publish","type":"page","link":"https:\/\/pubweb.carnet.hr\/hpk-vucjebrat\/o-nama\/","title":{"rendered":"O nama"},"content":{"rendered":"<p><strong>\u201eVu\u010dje bratstvo\u201c\u2026 kako smo do\u0161li to toga?<br \/>\n<\/strong><br \/>\nZamisao o novom planinarskom klubu postojala je neko vrijeme, a onda smo ju i ostvarili<br \/>\n2007. godine.<\/p>\n<p>Krenuli smo tako kroz kanjon Velike Paklenice prema Borisovu domu. Pred samim domom<br \/>\nprimijetili smo nekog tipa kako \u0161etucka stazom pa smo ga pozdravili vu\u010djim zavijanjem kako<br \/>\nbismo mu upotpunili ugo\u0111aj u planini. S obzirom na to da tip nije primijetio na\u0161 dolazak nego<br \/>\n\u010duo samo vu\u010dje zavijanje, vrlo je brzo dao petama vjetra i zbrisao u dom. Nakon \u0161to smo se<br \/>\npribrali od urnebesnog smijeha, pala je ideja o osnutku \u201eVu\u010djeg bratstva\u201c.<\/p>\n<p>Nedugo nakon osnutka kluba koji smo nazvali Hrvatski planinarski klub \u201eVu\u010dje bratstvo\u201c<br \/>\nprihva\u0107eni smo u \u010dlanstvo HPS-a kao punopravni \u010dlanovi.<br \/>\nU po\u010detku smo se okupljali u prostorijama koje nam je na kori\u0161tenje ustupila Op\u0107ina Pre\u010dko,<br \/>\na od 2009. dobili smo na kori\u0161tenje prostor u Tkal\u010di\u0107evoj 33 u kojem imamo sastanke dru\u0161tva,<br \/>\nplaniramo aktivnosti, odr\u017eavamo radionice, prezentacije izleta i sl.<\/p>\n<p>Po\u010detkom te iste 2009. godine dobili smo odobrenje od Udruge dragovoljaca-specijalaca<br \/>\nDomovinskog rata \u201eVila Velebita\u201c iz Lovinca te Parka prirode Velebit za preuzimanje<br \/>\nskloni\u0161ta \u201eDu\u0161ice\u201c na JI Velebitu i preuzimanje brige o odr\u017eavanju. Iste godine skloni\u0161te je<br \/>\ntemeljito preure\u0111eno i spa\u0161eno od propadanja kao zadnji objekt koji je ostao u spomen na<br \/>\nratna zbivanja na Velebitu.<\/p>\n<p>Danas se bavimo razli\u010ditim aktivnostima u prirodi \u2013 planinarenjem, sportskim penjanjem,<br \/>\nalpinizmom, trekkingom, tr\u010danjem, skijanjem, turnim skijanjem, biciklizmom, brdskim<br \/>\nbiciklizmom, paraglajdingom\u2026<\/p>\n<p>Na\u0161i \u010dlanovi uklju\u010deni su u stalna stru\u010dna \u0161kolovanja, a cilj je da svi sigurno boravimo u<br \/>\nprirodi, kao i da prenesemo svoja znanja novim \u010dlanovima i prijateljima kluba..:)<\/p>\n","protected":false},"excerpt":{"rendered":"<p>\u201eVu\u010dje bratstvo\u201c\u2026 kako smo do\u0161li to toga? Zamisao o novom planinarskom klubu postojala je neko vrijeme, a onda smo ju i ostvarili 2007. godine. Krenuli smo tako kroz kanjon Velike Paklenice prema Borisovu domu. Pred samim domom primijetili smo nekog tipa kako \u0161etucka stazom pa smo ga pozdravili vu\u010djim zavijanjem kako bismo mu upotpunili ugo\u0111aj [&hellip;]<\/p>\n","protected":false},"author":276,"featured_media":139,"parent":0,"menu_order":0,"comment_status":"closed","ping_status":"closed","template":"","meta":{"footnotes":""},"class_list":["post-2","page","type-page","status-publish","has-post-thumbnail","czr-hentry"],"_links":{"self":[{"href":"https:\/\/pubweb.carnet.hr\/hpk-vucjebrat\/wp-json\/wp\/v2\/pages\/2","targetHints":{"allow":["GET"]}}],"collection":[{"href":"https:\/\/pubweb.carnet.hr\/hpk-vucjebrat\/wp-json\/wp\/v2\/pages"}],"about":[{"href":"https:\/\/pubweb.carnet.hr\/hpk-vucjebrat\/wp-json\/wp\/v2\/types\/page"}],"author":[{"embeddable":true,"href":"https:\/\/pubweb.carnet.hr\/hpk-vucjebrat\/wp-json\/wp\/v2\/users\/276"}],"replies":[{"embeddable":true,"href":"https:\/\/pubweb.carnet.hr\/hpk-vucjebrat\/wp-json\/wp\/v2\/comments?post=2"}],"version-history":[{"count":3,"href":"https:\/\/pubweb.carnet.hr\/hpk-vucjebrat\/wp-json\/wp\/v2\/pages\/2\/revisions"}],"predecessor-version":[{"id":164,"href":"https:\/\/pubweb.carnet.hr\/hpk-vucjebrat\/wp-json\/wp\/v2\/pages\/2\/revisions\/164"}],"wp:featuredmedia":[{"embeddable":true,"href":"https:\/\/pubweb.carnet.hr\/hpk-vucjebrat\/wp-json\/wp\/v2\/media\/139"}],"wp:attachment":[{"href":"https:\/\/pubweb.carnet.hr\/hpk-vucjebrat\/wp-json\/wp\/v2\/media?parent=2"}],"curies":[{"name":"wp","href":"https:\/\/api.w.org\/{rel}","templated":true}]}}