{"id":88,"date":"2015-07-25T12:36:23","date_gmt":"2015-07-25T11:36:23","guid":{"rendered":"http:\/\/pubweb.carnet.hr\/genetika\/?page_id=88"},"modified":"2024-03-14T14:24:57","modified_gmt":"2024-03-14T13:24:57","slug":"pravilnik","status":"publish","type":"page","link":"https:\/\/pubweb.carnet.hr\/genetika\/nagrada-zeljko-trgovcevic\/pravilnik\/","title":{"rendered":"Pravilnik"},"content":{"rendered":"<p>UO Hrvatskog geneti\u010dkog dru\u0161tva, Zagreb temeljem \u010dlanka 18. Statuta HGD-a donosi slijede\u0107e<\/p>\n<p><strong>IZMJENE I DOPUNE PRAVILNIKA ZA DODJELU NAGRADE \u201e\u017deljko Trgov\u010devi\u0107<\/strong>\u201d<\/p>\n<p><strong style=\"font-size: 14px\">1. OP\u0106E ODREDBE<\/strong><\/p>\n<p><strong>\u010clanak 1<\/strong><\/p>\n<p>U svrhu poticanja kvalitetne i me\u0111unarodno priznate znanstvene i stru\u010dne aktivnosti istra\u017eiva\u010da u podru\u010dju molekularne biologije Hrvatsko geneti\u010dko dru\u0161tvo utvr\u0111uje uvjete za dodjelu Nagrade \u201e\u017deljkoTrgov\u010devi\u0107\u201d.<\/p>\n<p><strong style=\"font-size: 14px\">2. POSEBNE ODREDBE<\/strong><\/p>\n<p><strong>\u010clanak 2<\/strong><\/p>\n<p>Nagrada je ustanovljena odlukom Znanstvenog vije\u0107a Odjela biologije Instituta &#8220;Ru\u0111er Bo\u0161kovi\u0107&#8221; od 26. sije\u010dnja 2001. godine i odlukom Godi\u0161nje skup\u0161tine Hrvatskog geneti\u010dkog dru\u0161tva od 5. o\u017eujka 2001. godine. Nagradu dodjeljuje Hrvatsko geneti\u010dko dru\u0161tvo. Nagrada se sastoji od medalje s likom akademika \u017deljka Trgov\u010devi\u0107a i nov\u010danog iznosa od 500 EUR (netto). Iznos nagrade se mo\u017ee pove\u0107ati prema financijskim mogu\u0107nostima Hrvatskog geneti\u010dkog dru\u0161tva. Nagrada se dodjeljuje svake godine ukoliko postoje zaslu\u017eni kandidati.<\/p>\n<p><strong>\u010clanak 3<\/strong><\/p>\n<p>Nagrada se dodjeljuje za vrijedan znanstveni rad u podru\u010dju molekularne biologije objavljen nakon zavr\u0161etka prethodnog natje\u010daja za nagradu. Kandidat za nagradu treba biti hrvatski dr\u017eavljanin, ne stariji od 35 godina u trenutku objavljivanja natje\u010daja. Treba biti zaposlen u visoko\u0161kolskoj ustanovi, u znanstvenom institutu ili u industriji u Hrvatskoj. Vrijednost rada kandidata ocjenjuje se na temelju osobnog doprinosa kandidata i znanstvene kvalitete rada objavljenog u vode\u0107im znanstvnim \u010dasopisima iz podru\u010dja molekularne biologije. Kandidata mo\u017ee predlo\u017eiti svaki \u010dlan Hrvatskoga geneti\u010dkog dru\u0161tva, a prijedlog na natje\u010daj za Nagradu mora sadr\u017eavati:<\/p>\n<ul>\n<li>\u017eivotopis kandidata<\/li>\n<li>znanstveni rad temeljem kojeg se kadidat prijavljuje na natje\u010daj<\/li>\n<li>obrazlo\u017een doprinos kandidata uz suglasnost svih koautora<\/li>\n<li>potpisanu izjavu svih koautora da se sla\u017eu s prijavom rada za Nagradu \u201e\u017deljko Trgov\u010devi\u0107<\/li>\n<\/ul>\n<p><strong>\u010clanak 4<\/strong><\/p>\n<p>Nagradu uru\u010duju predsjednik Hrvatskog geneti\u010dkog dru\u0161tva na Godi\u0161njoj skup\u0161tini Dru\u0161tva, kojom prilikom nagra\u0111eni treba odr\u017eati predavanje iz podru\u010dja objavljenog rada.<\/p>\n<p><strong>\u010clanak 5<\/strong><\/p>\n<p>Natje\u010daj \u0107e biti ogla\u0161en na web stranicama Hrvatskog geneti\u010dkog dru\u0161tva. Za rad s ve\u0107im brojem autora va\u017eno je naglasiti udio doprinosa kandadata uz suglasnost ostalih koautora, a iz rada treba biti vidljiv znanstveni doprinos hrvatske institucije.<\/p>\n<p><strong>\u010clanak 6<\/strong><\/p>\n<p>Upravni odbor Hrvatskog geneti\u010dkog dru\u0161tva imenuje Odbor za dodjelu nagrade. \u010clanovi Odbora su predsjednik Hrvatskog geneti\u010dkog dru\u0161tva i \u010detiri ugledna znanstvenika iz podru\u010dja molekularne biologije koji su \u010dlanovi Hrvatskog geneti\u010dkog dru\u0161tva. Mandat \u010dlanova Odbora je tri godine.<\/p>\n<p><strong>\u010clanak 7<\/strong><\/p>\n<p>Natje\u010daj za dodjelu Nagrade \u017deljko Trgov\u010devi\u0107 otvoren je mjesec dana, a nagrada se dodjeljuje na Godi\u0161njoj skup\u0161tini Hrvatskog geneti\u010dkog dru\u0161tva. O nagradi, na temelju prijedloga Odbora za dodjelu nagrade \u017deljko Trgov\u010devi\u0107, odlu\u010duje Upravni odbor Hrvatskog geneti\u010dkog dru\u0161tva.<\/p>\n<p><strong>\u010clanak 8<\/strong><\/p>\n<p>Izmjena Pravilnika za dodjelu nagrade \u017deljko Trgov\u010devi\u0107 usvojena je na 38. sjednici Upravnog odbora Hrvatskog geneti\u010dkog dru\u0161tva odr\u017eanoj 31. listopada 2019. godine.<\/p>\n<p>&nbsp;<\/p>\n<p>Zagreb, 31. listopada 2019.\u00a0\u00a0\u00a0\u00a0\u00a0\u00a0\u00a0\u00a0\u00a0\u00a0\u00a0\u00a0\u00a0\u00a0\u00a0\u00a0\u00a0\u00a0\u00a0\u00a0\u00a0\u00a0\u00a0\u00a0\u00a0\u00a0\u00a0\u00a0\u00a0\u00a0\u00a0\u00a0\u00a0\u00a0\u00a0\u00a0\u00a0\u00a0\u00a0\u00a0\u00a0\u00a0\u00a0\u00a0\u00a0\u00a0\u00a0\u00a0\u00a0\u00a0\u00a0\u00a0\u00a0\u00a0\u00a0\u00a0\u00a0\u00a0\u00a0\u00a0 Predsjednik Hrvatskog geneti\u010dkog dru\u0161tva<\/p>\n<p style=\"text-align: right\">Prof. dr. sc. Ivan-Kre\u0161imir Svetec<\/p>\n","protected":false},"excerpt":{"rendered":"<p>UO Hrvatskog geneti\u010dkog dru\u0161tva, Zagreb temeljem \u010dlanka 18. Statuta HGD-a donosi slijede\u0107e IZMJENE I DOPUNE PRAVILNIKA ZA DODJELU NAGRADE \u201e\u017deljko Trgov\u010devi\u0107\u201d 1. OP\u0106E ODREDBE \u010clanak 1 U svrhu poticanja kvalitetne i me\u0111unarodno priznate znanstvene i stru\u010dne aktivnosti istra\u017eiva\u010da u podru\u010dju molekularne biologije Hrvatsko geneti\u010dko dru\u0161tvo utvr\u0111uje uvjete za dodjelu Nagrade \u201e\u017deljkoTrgov\u010devi\u0107\u201d. 2. POSEBNE ODREDBE \u010clanak [&hellip;]<\/p>\n","protected":false},"author":429,"featured_media":0,"parent":86,"menu_order":0,"comment_status":"closed","ping_status":"closed","template":"","meta":{"footnotes":""},"class_list":["post-88","page","type-page","status-publish","hentry"],"_links":{"self":[{"href":"https:\/\/pubweb.carnet.hr\/genetika\/wp-json\/wp\/v2\/pages\/88","targetHints":{"allow":["GET"]}}],"collection":[{"href":"https:\/\/pubweb.carnet.hr\/genetika\/wp-json\/wp\/v2\/pages"}],"about":[{"href":"https:\/\/pubweb.carnet.hr\/genetika\/wp-json\/wp\/v2\/types\/page"}],"author":[{"embeddable":true,"href":"https:\/\/pubweb.carnet.hr\/genetika\/wp-json\/wp\/v2\/users\/429"}],"replies":[{"embeddable":true,"href":"https:\/\/pubweb.carnet.hr\/genetika\/wp-json\/wp\/v2\/comments?post=88"}],"version-history":[{"count":2,"href":"https:\/\/pubweb.carnet.hr\/genetika\/wp-json\/wp\/v2\/pages\/88\/revisions"}],"predecessor-version":[{"id":406,"href":"https:\/\/pubweb.carnet.hr\/genetika\/wp-json\/wp\/v2\/pages\/88\/revisions\/406"}],"up":[{"embeddable":true,"href":"https:\/\/pubweb.carnet.hr\/genetika\/wp-json\/wp\/v2\/pages\/86"}],"wp:attachment":[{"href":"https:\/\/pubweb.carnet.hr\/genetika\/wp-json\/wp\/v2\/media?parent=88"}],"curies":[{"name":"wp","href":"https:\/\/api.w.org\/{rel}","templated":true}]}}