{"id":86,"date":"2015-07-25T12:34:06","date_gmt":"2015-07-25T11:34:06","guid":{"rendered":"http:\/\/pubweb.carnet.hr\/genetika\/?page_id=86"},"modified":"2026-01-15T16:18:28","modified_gmt":"2026-01-15T15:18:28","slug":"nagrada-zeljko-trgovcevic","status":"publish","type":"page","link":"https:\/\/pubweb.carnet.hr\/genetika\/nagrada-zeljko-trgovcevic\/","title":{"rendered":"Nagrada \u017d. Trgov\u010devi\u0107"},"content":{"rendered":"<p>Nagrada \u017deljko Trgov\u010devi\u0107 dodijeljuje se u\u00a0svrhu poticanja kvalitetne i me\u0111unarodno priznate znanstvene i stru\u010dne aktivnosti istra\u017eiva\u010da u podru\u010dju molekularne biologije. Nagrada se dodijeljuje za vrijedan znanstveni rad u podru\u010dju molekularne biologije, a vi\u0161e o samom natje\u010daju i uvjetima prijavljivanja mo\u017eete pro\u010ditati u pravilniku o dodjeli nagrade.<\/p>\n<p><span style=\"color: #ff0000\"><strong>Dobitnici Nagrade \u201e\u017deljko Trgov\u010devi\u0107\u201d<\/strong><\/span><br \/>\n2024. <strong>Marin Volari\u0107<\/strong>, Laboratorij za nekodiraju\u0107e DNA, Zavod za molekularnu biologiju, Institut\u00a0Ru\u0111er Bo\u0161kovi\u0107<br \/>\n2023. <strong>Marija Lon\u010dari\u0107<\/strong>, Laboratorij za stani\u010dnu biologiju i prijenos signala, Zavod za molekularnu\u00a0biologiju, Institut Ru\u0111er Bo\u0161kovi\u0107<br \/>\n2022. \u2013 (nije bilo kandidata)<br \/>\n2021. <strong>Evelin Despot-Slade<\/strong>, Laboratorij za nekodiraju\u0107e DNA, Zavod za molekularnu biologiju,\u00a0Institut Ru\u0111er Bo\u0161kovi\u0107<br \/>\n2020. <strong>Marko Geri\u0107<\/strong>, Jedinica za mutagenezu, Institut za medicinska istra\u017eivanja i medicinu rada<br \/>\n2019. \u2013 (nije bilo kandidata)<br \/>\n2018. <strong>Marin Radov\u010di\u0107<\/strong>, Biolo\u0161ki odsjek, Prirodoslovno-matemati\u010dki fakultet, Sveu\u010dili\u0161te u Zagrebu<br \/>\n2017. <strong>Ivana Vrhovac Maduni\u0107<\/strong>, Jedinica za molekulsku toksikologiju, Institut za medicinska\u00a0istra\u017eivanja i medicinu rada<br \/>\n2016. <strong>Nikolina Stojanovi\u0107<\/strong>, Laboratorij za stani\u010dnu biologiju i prijenos signala, Zavod za\u00a0molekularnu biologiju, Institut Ru\u0111er Bo\u0161kovi\u0107<br \/>\n2015. <strong>Rosa Karli\u0107<\/strong>, Biolo\u0161ki odsjek, Prirodoslovno-matemati\u010dki fakultet, Sveu\u010dili\u0161te u Zagrebu i <strong>Martin \u0160estak<\/strong>,\u00a0Laboratorij za evolucijsku genetiku, Zavod za molekularnu biologiju, Institut Ru\u0111er Bo\u0161kovi\u0107<br \/>\n2014. \u2013 (nije bilo kandidata)<br \/>\n2013. <strong>Vanda Jurani\u0107<\/strong>, Zavod za histologiju i embriologiju, Medicinski fakultet, Sveu\u010dili\u0161te u Rijeci i <strong>Marta\u00a0Popovi\u0107<\/strong>,\u00a0Laboratorij za molekularnu ekotoksikologiju, Zavod za istra\u017eivanje mora i okoli\u0161a,\u00a0Institut Ru\u0111er Bo\u0161kovi\u0107<br \/>\n2012. <strong>Sla\u0111ana Bursa\u0107<\/strong>, Zavod za molekularnu medicinu i biotehnologiju, Medicinski fakultet, Sveu\u010dili\u0161te u Rijeci<br \/>\n2011. <strong>Ignacija Vla\u0161i\u0107<\/strong>, Laboratorij za evolucijsku genetiku, Zavod za molekularnu biologiju, Institut\u00a0Ru\u0111er Bo\u0161kovi\u0107 i <strong>Jurica \u017du\u010dko<\/strong>, Kabinet za bioinformatiku, Prehrambeno-biotehnolo\u0161ki\u00a0fakultet, Sveu\u010dili\u0161te u Zagrebu<br \/>\n2010. <strong>Nikolina \u0160krobot Vida\u010dek<\/strong>, Laboratorij za molekularnu i stani\u010dnu biologiju, Zavod za molekularnu biologiju, Institut Ru\u0111er Bo\u0161kovi\u0107<br \/>\n2009. <strong>Snje\u017eana Juri\u0107<\/strong>, Laboratorij za elektronsku mikroskopiju, Zavod za molekularnu biologiju, Institut Ru\u0111er Bo\u0161kovi\u0107<br \/>\n<span style=\"font-size: 14px\">2008. <strong>Antonio Star\u010devi\u0107<\/strong>, Kabinet za bioinformatiku, Prehrambeno-biotehnolo\u0161ki fakultet, Sveu\u010dili\u0161te u Zagrebu i \u017deljka Pezer, Laboratorij za evolucijsku genetiku, Zavod za molekularnu biologiju, Institut Ru\u0111er Bo\u0161kovi\u0107<br \/>\n<\/span>2007. <strong>Tomislav Domazet-Lo\u0161o<\/strong>, Laboratorij za molekularnu genetiku eukariota, Zavod za molekularnu biologiju, Institut Ru\u0111er Bo\u0161kovi\u0107<br \/>\n2006. <strong>Silvija Bilokapi\u0107<\/strong>, Zavod za biokemiju, Prirodoslovno-matemati\u010dki fakultet, Sveu\u010dili\u0161te u Zagrebu<br \/>\n2005. <strong>Martina Podnar Le\u0161i\u0107<\/strong>, Hrvatski prirodoslovni muzej, Zagreb<br \/>\n<span style=\"font-size: 14px\">2004. <strong>Anamarija Brozovi\u0107<\/strong>, Zavod za molekularnu biologiju, Institut Ru\u0111er Bo\u0161kovi\u0107<\/span><\/p>\n","protected":false},"excerpt":{"rendered":"<p>Nagrada \u017deljko Trgov\u010devi\u0107 dodijeljuje se u\u00a0svrhu poticanja kvalitetne i me\u0111unarodno priznate znanstvene i stru\u010dne aktivnosti istra\u017eiva\u010da u podru\u010dju molekularne biologije. Nagrada se dodijeljuje za vrijedan znanstveni rad u podru\u010dju molekularne biologije, a vi\u0161e o samom natje\u010daju i uvjetima prijavljivanja mo\u017eete pro\u010ditati u pravilniku o dodjeli nagrade. Dobitnici Nagrade \u201e\u017deljko Trgov\u010devi\u0107\u201d 2024. Marin Volari\u0107, Laboratorij za [&hellip;]<\/p>\n","protected":false},"author":429,"featured_media":0,"parent":0,"menu_order":0,"comment_status":"closed","ping_status":"closed","template":"","meta":{"footnotes":""},"class_list":["post-86","page","type-page","status-publish","hentry"],"_links":{"self":[{"href":"https:\/\/pubweb.carnet.hr\/genetika\/wp-json\/wp\/v2\/pages\/86","targetHints":{"allow":["GET"]}}],"collection":[{"href":"https:\/\/pubweb.carnet.hr\/genetika\/wp-json\/wp\/v2\/pages"}],"about":[{"href":"https:\/\/pubweb.carnet.hr\/genetika\/wp-json\/wp\/v2\/types\/page"}],"author":[{"embeddable":true,"href":"https:\/\/pubweb.carnet.hr\/genetika\/wp-json\/wp\/v2\/users\/429"}],"replies":[{"embeddable":true,"href":"https:\/\/pubweb.carnet.hr\/genetika\/wp-json\/wp\/v2\/comments?post=86"}],"version-history":[{"count":2,"href":"https:\/\/pubweb.carnet.hr\/genetika\/wp-json\/wp\/v2\/pages\/86\/revisions"}],"predecessor-version":[{"id":479,"href":"https:\/\/pubweb.carnet.hr\/genetika\/wp-json\/wp\/v2\/pages\/86\/revisions\/479"}],"wp:attachment":[{"href":"https:\/\/pubweb.carnet.hr\/genetika\/wp-json\/wp\/v2\/media?parent=86"}],"curies":[{"name":"wp","href":"https:\/\/api.w.org\/{rel}","templated":true}]}}